{"id":5702,"date":"2023-06-20T16:19:20","date_gmt":"2023-06-20T16:19:20","guid":{"rendered":"https:\/\/leonardsuarez.com.co\/?page_id=5702"},"modified":"2025-12-17T02:09:18","modified_gmt":"2025-12-17T02:09:18","slug":"implantes-dentales","status":"publish","type":"page","link":"https:\/\/leonardsuarez.com.co\/en\/implantes-dentales\/","title":{"rendered":"Dental Implants"},"content":{"rendered":"<div data-elementor-type=\"wp-page\" data-elementor-id=\"5702\" class=\"elementor elementor-5702\">\n\t\t\t\t\t\t<section class=\"elementor-section elementor-top-section elementor-element elementor-element-20f04a50 elementor-section-stretched elementor-section-boxed elementor-section-height-default elementor-section-height-default\" data-id=\"20f04a50\" data-element_type=\"section\" data-settings=\"{&quot;stretch_section&quot;:&quot;section-stretched&quot;,&quot;background_background&quot;:&quot;classic&quot;,&quot;shape_divider_top&quot;:&quot;waves&quot;,&quot;shape_divider_bottom&quot;:&quot;waves&quot;}\">\n\t\t\t\t\t<div class=\"elementor-shape elementor-shape-top\" data-negative=\"false\">\n\t\t\t<svg xmlns=\"http:\/\/www.w3.org\/2000\/svg\" viewbox=\"0 0 1000 100\" preserveaspectratio=\"none\">\n\t<path class=\"elementor-shape-fill\" d=\"M421.9,6.5c22.6-2.5,51.5,0.4,75.5,5.3c23.6,4.9,70.9,23.5,100.5,35.7c75.8,32.2,133.7,44.5,192.6,49.7\tc23.6,2.1,48.7,3.5,103.4-2.5c54.7-6,106.2-25.6,106.2-25.6V0H0v30.3c0,0,72,32.6,158.4,30.5c39.2-0.7,92.8-6.7,134-22.4\tc21.2-8.1,52.2-18.2,79.7-24.2C399.3,7.9,411.6,7.5,421.9,6.5z\"\/>\n<\/svg>\t\t<\/div>\n\t\t\t\t<div class=\"elementor-shape elementor-shape-bottom\" data-negative=\"false\">\n\t\t\t<svg xmlns=\"http:\/\/www.w3.org\/2000\/svg\" viewbox=\"0 0 1000 100\" preserveaspectratio=\"none\">\n\t<path class=\"elementor-shape-fill\" d=\"M421.9,6.5c22.6-2.5,51.5,0.4,75.5,5.3c23.6,4.9,70.9,23.5,100.5,35.7c75.8,32.2,133.7,44.5,192.6,49.7\tc23.6,2.1,48.7,3.5,103.4-2.5c54.7-6,106.2-25.6,106.2-25.6V0H0v30.3c0,0,72,32.6,158.4,30.5c39.2-0.7,92.8-6.7,134-22.4\tc21.2-8.1,52.2-18.2,79.7-24.2C399.3,7.9,411.6,7.5,421.9,6.5z\"\/>\n<\/svg>\t\t<\/div>\n\t\t\t\t\t<div class=\"elementor-container elementor-column-gap-default\">\n\t\t\t\t\t<div class=\"elementor-column elementor-col-100 elementor-top-column elementor-element elementor-element-c978ea4\" data-id=\"c978ea4\" data-element_type=\"column\">\n\t\t\t<div class=\"elementor-widget-wrap elementor-element-populated\">\n\t\t\t\t\t\t<section class=\"elementor-section elementor-inner-section elementor-element elementor-element-9261902 elementor-section-boxed elementor-section-height-default elementor-section-height-default\" data-id=\"9261902\" data-element_type=\"section\">\n\t\t\t\t\t\t<div class=\"elementor-container elementor-column-gap-default\">\n\t\t\t\t\t<div class=\"elementor-column elementor-col-100 elementor-inner-column elementor-element elementor-element-6af7557\" data-id=\"6af7557\" data-element_type=\"column\">\n\t\t\t<div class=\"elementor-widget-wrap elementor-element-populated\">\n\t\t\t\t\t\t<div class=\"elementor-element elementor-element-8844c3f elementor-widget elementor-widget-heading\" data-id=\"8844c3f\" data-element_type=\"widget\" data-widget_type=\"heading.default\">\n\t\t\t\t<div class=\"elementor-widget-container\">\n\t\t\t\t\t<h1 class=\"elementor-heading-title elementor-size-default\"><div class=\"cssanimation sequence leScaleXIn\">Dental Implants<\/div><\/h1>\t\t\t\t<\/div>\n\t\t\t\t<\/div>\n\t\t\t\t\t<\/div>\n\t\t<\/div>\n\t\t\t\t\t<\/div>\n\t\t<\/section>\n\t\t\t\t<div class=\"elementor-element elementor-element-7af33af5 elementor-widget elementor-widget-text-editor\" data-id=\"7af33af5\" data-element_type=\"widget\" data-settings=\"{&quot;_animation_mobile&quot;:&quot;none&quot;}\" data-widget_type=\"text-editor.default\">\n\t\t\t\t<div class=\"elementor-widget-container\">\n\t\t\t\t\t\t\t\t\t<p><span class=\"TextRun SCXW264242038 BCX0\" lang=\"ES-MX\" xml:lang=\"ES-MX\" data-contrast=\"auto\"><span class=\"NormalTextRun SCXW264242038 BCX0\">Dental implants are devices designed to replace the roots of missing teeth. They consist of small screws made of <\/span><span class=\"NormalTextRun SCXW264242038 BCX0\">titanium that<\/span><span class=\"NormalTextRun SCXW264242038 BCX0\"> are inserted into the maxillary or mandibular bone, and then artificial dental crowns, which function like natural teeth, are placed over them.<\/span><\/span><span class=\"EOP SCXW264242038 BCX0\" data-ccp-props=\"{&quot;201341983&quot;:0,&quot;335551550&quot;:6,&quot;335551620&quot;:6,&quot;335559739&quot;:160,&quot;335559740&quot;:259}\">\u00a0<\/span><\/p>\t\t\t\t\t\t\t\t<\/div>\n\t\t\t\t<\/div>\n\t\t\t\t\t<\/div>\n\t\t<\/div>\n\t\t\t\t\t<\/div>\n\t\t<\/section>\n\t\t\t\t<section class=\"elementor-section elementor-top-section elementor-element elementor-element-1214bfa equal-info-boxes elementor-section-content-middle elementor-section-boxed elementor-section-height-default elementor-section-height-default\" data-id=\"1214bfa\" data-element_type=\"section\" data-settings=\"{&quot;ekit_section_parallax_multi&quot;:&quot;yes&quot;,&quot;ekit_section_parallax_multi_items&quot;:[{&quot;parallax_style&quot;:&quot;onscroll&quot;,&quot;image&quot;:null,&quot;pos_x&quot;:{&quot;unit&quot;:&quot;%&quot;,&quot;size&quot;:0,&quot;sizes&quot;:[]},&quot;pos_y&quot;:{&quot;unit&quot;:&quot;%&quot;,&quot;size&quot;:0,&quot;sizes&quot;:[]},&quot;zindex&quot;:0,&quot;_id&quot;:&quot;1a3419d&quot;,&quot;parallax_blur_effect&quot;:{&quot;unit&quot;:&quot;px&quot;,&quot;size&quot;:0,&quot;sizes&quot;:[]},&quot;parallax_blur_effect_tablet&quot;:{&quot;unit&quot;:&quot;px&quot;,&quot;size&quot;:&quot;&quot;,&quot;sizes&quot;:[]},&quot;parallax_blur_effect_mobile&quot;:{&quot;unit&quot;:&quot;px&quot;,&quot;size&quot;:&quot;&quot;,&quot;sizes&quot;:[]},&quot;shape&quot;:null,&quot;width_type&quot;:&quot;&quot;,&quot;animation&quot;:null,&quot;animation_tablet&quot;:null,&quot;animation_mobile&quot;:null,&quot;item_opacity&quot;:&quot;1&quot;,&quot;animation_speed&quot;:null,&quot;parallax_speed&quot;:null,&quot;parallax_transform&quot;:&quot;translateY&quot;,&quot;parallax_transform_value&quot;:&quot;250&quot;,&quot;smoothness&quot;:&quot;700&quot;,&quot;offsettop&quot;:&quot;0&quot;,&quot;offsetbottom&quot;:&quot;0&quot;,&quot;maxtilt&quot;:null,&quot;scale&quot;:null,&quot;disableaxis&quot;:null}]}\">\n\t\t\t\t\t\t<div class=\"elementor-container elementor-column-gap-default\">\n\t\t\t\t\t<div class=\"elementor-column elementor-col-33 elementor-top-column elementor-element elementor-element-054dfca\" data-id=\"054dfca\" data-element_type=\"column\" data-settings=\"{&quot;background_background&quot;:&quot;classic&quot;}\">\n\t\t\t<div class=\"elementor-widget-wrap elementor-element-populated\">\n\t\t\t\t\t\t<div class=\"elementor-element elementor-element-be65593 elementor-widget elementor-widget-image\" data-id=\"be65593\" data-element_type=\"widget\" data-widget_type=\"image.default\">\n\t\t\t\t<div class=\"elementor-widget-container\">\n\t\t\t\t\t\t\t\t\t\t\t\t\t\t\t<img fetchpriority=\"high\" decoding=\"async\" width=\"800\" height=\"538\" src=\"https:\/\/leonardsuarez.com.co\/wp-content\/uploads\/2023\/06\/Implante_Mesa-de-trabajo-1-copia-2-1024x688.jpg\" class=\"attachment-large size-large wp-image-5725\" alt=\"rehabilitacion_oral_colombia\" srcset=\"https:\/\/leonardsuarez.com.co\/wp-content\/uploads\/2023\/06\/Implante_Mesa-de-trabajo-1-copia-2-1024x688.jpg 1024w, https:\/\/leonardsuarez.com.co\/wp-content\/uploads\/2023\/06\/Implante_Mesa-de-trabajo-1-copia-2-scaled-600x403.jpg 600w, https:\/\/leonardsuarez.com.co\/wp-content\/uploads\/2023\/06\/Implante_Mesa-de-trabajo-1-copia-2-300x202.jpg 300w, https:\/\/leonardsuarez.com.co\/wp-content\/uploads\/2023\/06\/Implante_Mesa-de-trabajo-1-copia-2-768x516.jpg 768w, https:\/\/leonardsuarez.com.co\/wp-content\/uploads\/2023\/06\/Implante_Mesa-de-trabajo-1-copia-2-1536x1032.jpg 1536w, https:\/\/leonardsuarez.com.co\/wp-content\/uploads\/2023\/06\/Implante_Mesa-de-trabajo-1-copia-2-2048x1376.jpg 2048w\" sizes=\"(max-width: 800px) 100vw, 800px\" \/>\t\t\t\t\t\t\t\t\t\t\t\t\t\t\t<\/div>\n\t\t\t\t<\/div>\n\t\t\t\t\t<\/div>\n\t\t<\/div>\n\t\t\t\t<div class=\"elementor-column elementor-col-33 elementor-top-column elementor-element elementor-element-bd46503\" data-id=\"bd46503\" data-element_type=\"column\" data-settings=\"{&quot;background_background&quot;:&quot;classic&quot;}\">\n\t\t\t<div class=\"elementor-widget-wrap elementor-element-populated\">\n\t\t\t\t\t\t<div class=\"elementor-element elementor-element-3b5f4ee elementor-widget elementor-widget-image\" data-id=\"3b5f4ee\" data-element_type=\"widget\" data-widget_type=\"image.default\">\n\t\t\t\t<div class=\"elementor-widget-container\">\n\t\t\t\t\t\t\t\t\t\t\t\t\t\t\t<img decoding=\"async\" width=\"800\" height=\"538\" src=\"https:\/\/leonardsuarez.com.co\/wp-content\/uploads\/2023\/06\/Implante_Mesa-de-trabajo-1-copia-1024x688.jpg\" class=\"attachment-large size-large wp-image-5724\" alt=\"implante_dental_santa_marta\" srcset=\"https:\/\/leonardsuarez.com.co\/wp-content\/uploads\/2023\/06\/Implante_Mesa-de-trabajo-1-copia-1024x688.jpg 1024w, https:\/\/leonardsuarez.com.co\/wp-content\/uploads\/2023\/06\/Implante_Mesa-de-trabajo-1-copia-scaled-600x403.jpg 600w, https:\/\/leonardsuarez.com.co\/wp-content\/uploads\/2023\/06\/Implante_Mesa-de-trabajo-1-copia-300x202.jpg 300w, https:\/\/leonardsuarez.com.co\/wp-content\/uploads\/2023\/06\/Implante_Mesa-de-trabajo-1-copia-768x516.jpg 768w, https:\/\/leonardsuarez.com.co\/wp-content\/uploads\/2023\/06\/Implante_Mesa-de-trabajo-1-copia-1536x1032.jpg 1536w, https:\/\/leonardsuarez.com.co\/wp-content\/uploads\/2023\/06\/Implante_Mesa-de-trabajo-1-copia-2048x1376.jpg 2048w\" sizes=\"(max-width: 800px) 100vw, 800px\" \/>\t\t\t\t\t\t\t\t\t\t\t\t\t\t\t<\/div>\n\t\t\t\t<\/div>\n\t\t\t\t\t<\/div>\n\t\t<\/div>\n\t\t\t\t<div class=\"elementor-column elementor-col-33 elementor-top-column elementor-element elementor-element-9c8f319\" data-id=\"9c8f319\" data-element_type=\"column\" data-settings=\"{&quot;background_background&quot;:&quot;classic&quot;}\">\n\t\t\t<div class=\"elementor-widget-wrap elementor-element-populated\">\n\t\t\t\t\t\t<div class=\"elementor-element elementor-element-104087a elementor-widget elementor-widget-image\" data-id=\"104087a\" data-element_type=\"widget\" data-widget_type=\"image.default\">\n\t\t\t\t<div class=\"elementor-widget-container\">\n\t\t\t\t\t\t\t\t\t\t\t\t\t\t\t<img decoding=\"async\" width=\"800\" height=\"538\" src=\"https:\/\/leonardsuarez.com.co\/wp-content\/uploads\/2023\/06\/Implante_Mesa-de-trabajo-1-1024x688.jpg\" class=\"attachment-large size-large wp-image-5726\" alt=\"Limpieza_dental_santa_marta\" srcset=\"https:\/\/leonardsuarez.com.co\/wp-content\/uploads\/2023\/06\/Implante_Mesa-de-trabajo-1-1024x688.jpg 1024w, https:\/\/leonardsuarez.com.co\/wp-content\/uploads\/2023\/06\/Implante_Mesa-de-trabajo-1-scaled-600x403.jpg 600w, https:\/\/leonardsuarez.com.co\/wp-content\/uploads\/2023\/06\/Implante_Mesa-de-trabajo-1-300x202.jpg 300w, https:\/\/leonardsuarez.com.co\/wp-content\/uploads\/2023\/06\/Implante_Mesa-de-trabajo-1-768x516.jpg 768w, https:\/\/leonardsuarez.com.co\/wp-content\/uploads\/2023\/06\/Implante_Mesa-de-trabajo-1-1536x1032.jpg 1536w, https:\/\/leonardsuarez.com.co\/wp-content\/uploads\/2023\/06\/Implante_Mesa-de-trabajo-1-2048x1376.jpg 2048w\" sizes=\"(max-width: 800px) 100vw, 800px\" \/>\t\t\t\t\t\t\t\t\t\t\t\t\t\t\t<\/div>\n\t\t\t\t<\/div>\n\t\t\t\t\t<\/div>\n\t\t<\/div>\n\t\t\t\t\t<\/div>\n\t\t<\/section>\n\t\t\t\t<section class=\"elementor-section elementor-top-section elementor-element elementor-element-8d4d3ef elementor-section-height-min-height elementor-section-content-middle elementor-section-boxed elementor-section-height-default elementor-section-items-middle\" data-id=\"8d4d3ef\" data-element_type=\"section\">\n\t\t\t\t\t\t<div class=\"elementor-container elementor-column-gap-default\">\n\t\t\t\t\t<div class=\"elementor-column elementor-col-100 elementor-top-column elementor-element elementor-element-a8c253f\" data-id=\"a8c253f\" data-element_type=\"column\">\n\t\t\t<div class=\"elementor-widget-wrap elementor-element-populated\">\n\t\t\t\t\t\t<div class=\"elementor-element elementor-element-9505357 elementor-widget elementor-widget-elementskit-image-comparison\" data-id=\"9505357\" data-element_type=\"widget\" data-widget_type=\"elementskit-image-comparison.default\">\n\t\t\t\t<div class=\"elementor-widget-container\">\n\t\t\t\t\t<div class=\"ekit-wid-con\" >\n\t\t<div class=\"elementskit-image-comparison image-comparison-container\" data-offset=\"0.5\" data-overlay=\"true\" data-label_after=\"\" data-label_before=\"\" data-move_slider_on_hover=\"true\" data-click_to_move=\"\">\n\t\t\t<img decoding=\"async\" src=\"https:\/\/leonardsuarez.com.co\/wp-content\/uploads\/2023\/06\/nivelacion-1.jpg\" title=\"nivelacion-1\" alt=\"nivelacion-1\" loading=\"lazy\" \/><img decoding=\"async\" src=\"https:\/\/leonardsuarez.com.co\/wp-content\/uploads\/2023\/06\/nivelacion-2.jpg\" title=\"Dise\u00f1o de sonrisa\" alt=\"Dise\u00f1o-de-sonrisa\" loading=\"lazy\" \/>\t\t<\/div>\n\n\t<\/div>\t\t\t\t<\/div>\n\t\t\t\t<\/div>\n\t\t\t\t\t<\/div>\n\t\t<\/div>\n\t\t\t\t\t<\/div>\n\t\t<\/section>\n\t\t\t\t<\/div>","protected":false},"excerpt":{"rendered":"<p>Implantes Dentales Los implantes dentales son dispositivos dise\u00f1ados para reemplazar las ra\u00edces de los dientes perdidos. Consisten en peque\u00f1os tornillos de titanio que se insertan en el hueso maxilar o mandibular, y luego se colocan sobre ellos coronas dentales artificiales, que funcionan como los dientes naturales.\u00a0<\/p>","protected":false},"author":1,"featured_media":6203,"parent":0,"menu_order":0,"comment_status":"closed","ping_status":"closed","template":"elementor_header_footer","meta":{"footnotes":""},"class_list":["post-5702","page","type-page","status-publish","has-post-thumbnail","hentry"],"yoast_head":"<!-- This site is optimized with the Yoast SEO plugin v26.5 - https:\/\/yoast.com\/wordpress\/plugins\/seo\/ -->\n<title>Implantes dentales | Leonard Su\u00e1rez<\/title>\n<meta name=\"description\" content=\"Recupera tu sonrisa con implantes dentales en Santa Marta. Tratamientos seguros, funcionales y est\u00e9ticos. Contactanos para m\u00e1s informaci\u00f3n.\" \/>\n<meta name=\"robots\" content=\"index, follow, max-snippet:-1, max-image-preview:large, max-video-preview:-1\" \/>\n<link rel=\"canonical\" href=\"https:\/\/leonardsuarez.com.co\/en\/implantes-dentales\/\" \/>\n<meta property=\"og:locale\" content=\"en_US\" \/>\n<meta property=\"og:type\" content=\"article\" \/>\n<meta property=\"og:title\" content=\"Implantes dentales\" \/>\n<meta property=\"og:description\" content=\"Los implantes dentales son dispositivos dise\u00f1ados para reemplazar las ra\u00edces de los dientes perdidos. Consisten en peque\u00f1os tornillos de titanio que se insertan en el hueso maxilar o mandibular, y luego se colocan sobre ellos coronas dentales artificiales, que funcionan como los dientes naturales.\" \/>\n<meta property=\"og:url\" content=\"https:\/\/leonardsuarez.com.co\/en\/implantes-dentales\/\" \/>\n<meta property=\"og:site_name\" content=\"Leonard Suarez\" \/>\n<meta property=\"article:publisher\" content=\"https:\/\/www.facebook.com\/profile.php?id=100031093253979\" \/>\n<meta property=\"article:modified_time\" content=\"2025-12-17T02:09:18+00:00\" \/>\n<meta property=\"og:image\" content=\"https:\/\/leonardsuarez.com.co\/wp-content\/uploads\/2023\/06\/nivelacion-2.jpg\" \/>\n\t<meta property=\"og:image:width\" content=\"1371\" \/>\n\t<meta property=\"og:image:height\" content=\"927\" \/>\n\t<meta property=\"og:image:type\" content=\"image\/jpeg\" \/>\n<meta name=\"twitter:card\" content=\"summary_large_image\" \/>\n<meta name=\"twitter:title\" content=\"Implantes dentales\" \/>\n<meta name=\"twitter:description\" content=\"Los implantes dentales son dispositivos dise\u00f1ados para reemplazar las ra\u00edces de los dientes perdidos. Consisten en peque\u00f1os tornillos de titanio que se insertan en el hueso maxilar o mandibular, y luego se colocan sobre ellos coronas dentales artificiales, que funcionan como los dientes naturales.\" \/>\n<meta name=\"twitter:image\" content=\"https:\/\/leonardsuarez.com.co\/wp-content\/uploads\/2023\/06\/nivelacion-2.jpg\" \/>\n<meta name=\"twitter:label1\" content=\"Est. reading time\" \/>\n\t<meta name=\"twitter:data1\" content=\"2 minutes\" \/>\n<script type=\"application\/ld+json\" class=\"yoast-schema-graph\">{\"@context\":\"https:\/\/schema.org\",\"@graph\":[{\"@type\":\"WebPage\",\"@id\":\"https:\/\/leonardsuarez.com.co\/implantes-dentales\/\",\"url\":\"https:\/\/leonardsuarez.com.co\/implantes-dentales\/\",\"name\":\"Implantes dentales | Leonard Su\u00e1rez\",\"isPartOf\":{\"@id\":\"https:\/\/leonardsuarez.com.co\/#website\"},\"primaryImageOfPage\":{\"@id\":\"https:\/\/leonardsuarez.com.co\/implantes-dentales\/#primaryimage\"},\"image\":{\"@id\":\"https:\/\/leonardsuarez.com.co\/implantes-dentales\/#primaryimage\"},\"thumbnailUrl\":\"https:\/\/leonardsuarez.com.co\/wp-content\/uploads\/2023\/06\/nivelacion-2.jpg\",\"datePublished\":\"2023-06-20T16:19:20+00:00\",\"dateModified\":\"2025-12-17T02:09:18+00:00\",\"description\":\"Recupera tu sonrisa con implantes dentales en Santa Marta. Tratamientos seguros, funcionales y est\u00e9ticos. Contactanos para m\u00e1s informaci\u00f3n.\",\"breadcrumb\":{\"@id\":\"https:\/\/leonardsuarez.com.co\/implantes-dentales\/#breadcrumb\"},\"inLanguage\":\"en-US\",\"potentialAction\":[{\"@type\":\"ReadAction\",\"target\":[\"https:\/\/leonardsuarez.com.co\/implantes-dentales\/\"]}]},{\"@type\":\"ImageObject\",\"inLanguage\":\"en-US\",\"@id\":\"https:\/\/leonardsuarez.com.co\/implantes-dentales\/#primaryimage\",\"url\":\"https:\/\/leonardsuarez.com.co\/wp-content\/uploads\/2023\/06\/nivelacion-2.jpg\",\"contentUrl\":\"https:\/\/leonardsuarez.com.co\/wp-content\/uploads\/2023\/06\/nivelacion-2.jpg\",\"width\":1371,\"height\":927,\"caption\":\"Dise\u00f1o-de-sonrisa\"},{\"@type\":\"BreadcrumbList\",\"@id\":\"https:\/\/leonardsuarez.com.co\/implantes-dentales\/#breadcrumb\",\"itemListElement\":[{\"@type\":\"ListItem\",\"position\":1,\"name\":\"Home\",\"item\":\"https:\/\/leonardsuarez.com.co\/\"},{\"@type\":\"ListItem\",\"position\":2,\"name\":\"Implantes Dentales\"}]},{\"@type\":\"WebSite\",\"@id\":\"https:\/\/leonardsuarez.com.co\/#website\",\"url\":\"https:\/\/leonardsuarez.com.co\/\",\"name\":\"Leonard Suarez\",\"description\":\"Rehabilitaci\u00f3n oral\",\"publisher\":{\"@id\":\"https:\/\/leonardsuarez.com.co\/#organization\"},\"potentialAction\":[{\"@type\":\"SearchAction\",\"target\":{\"@type\":\"EntryPoint\",\"urlTemplate\":\"https:\/\/leonardsuarez.com.co\/?s={search_term_string}\"},\"query-input\":{\"@type\":\"PropertyValueSpecification\",\"valueRequired\":true,\"valueName\":\"search_term_string\"}}],\"inLanguage\":\"en-US\"},{\"@type\":\"Organization\",\"@id\":\"https:\/\/leonardsuarez.com.co\/#organization\",\"name\":\"Leonard Suarez\",\"url\":\"https:\/\/leonardsuarez.com.co\/\",\"logo\":{\"@type\":\"ImageObject\",\"inLanguage\":\"en-US\",\"@id\":\"https:\/\/leonardsuarez.com.co\/#\/schema\/logo\/image\/\",\"url\":\"https:\/\/leonardsuarez.com.co\/wp-content\/uploads\/2019\/08\/lOG-D-02-02.png\",\"contentUrl\":\"https:\/\/leonardsuarez.com.co\/wp-content\/uploads\/2019\/08\/lOG-D-02-02.png\",\"width\":507,\"height\":129,\"caption\":\"Leonard Suarez\"},\"image\":{\"@id\":\"https:\/\/leonardsuarez.com.co\/#\/schema\/logo\/image\/\"},\"sameAs\":[\"https:\/\/www.facebook.com\/profile.php?id=100031093253979\",\"https:\/\/www.instagram.com\/leonardsuarez_odontologo\/\"]}]}<\/script>\n<!-- \/ Yoast SEO plugin. -->","yoast_head_json":{"title":"Implantes dentales | Leonard Su\u00e1rez","description":"Recupera tu sonrisa con implantes dentales en Santa Marta. Tratamientos seguros, funcionales y est\u00e9ticos. Contactanos para m\u00e1s informaci\u00f3n.","robots":{"index":"index","follow":"follow","max-snippet":"max-snippet:-1","max-image-preview":"max-image-preview:large","max-video-preview":"max-video-preview:-1"},"canonical":"https:\/\/leonardsuarez.com.co\/en\/implantes-dentales\/","og_locale":"en_US","og_type":"article","og_title":"Implantes dentales","og_description":"Los implantes dentales son dispositivos dise\u00f1ados para reemplazar las ra\u00edces de los dientes perdidos. Consisten en peque\u00f1os tornillos de titanio que se insertan en el hueso maxilar o mandibular, y luego se colocan sobre ellos coronas dentales artificiales, que funcionan como los dientes naturales.","og_url":"https:\/\/leonardsuarez.com.co\/en\/implantes-dentales\/","og_site_name":"Leonard Suarez","article_publisher":"https:\/\/www.facebook.com\/profile.php?id=100031093253979","article_modified_time":"2025-12-17T02:09:18+00:00","og_image":[{"width":1371,"height":927,"url":"https:\/\/leonardsuarez.com.co\/wp-content\/uploads\/2023\/06\/nivelacion-2.jpg","type":"image\/jpeg"}],"twitter_card":"summary_large_image","twitter_title":"Implantes dentales","twitter_description":"Los implantes dentales son dispositivos dise\u00f1ados para reemplazar las ra\u00edces de los dientes perdidos. Consisten en peque\u00f1os tornillos de titanio que se insertan en el hueso maxilar o mandibular, y luego se colocan sobre ellos coronas dentales artificiales, que funcionan como los dientes naturales.","twitter_image":"https:\/\/leonardsuarez.com.co\/wp-content\/uploads\/2023\/06\/nivelacion-2.jpg","twitter_misc":{"Est. reading time":"2 minutes"},"schema":{"@context":"https:\/\/schema.org","@graph":[{"@type":"WebPage","@id":"https:\/\/leonardsuarez.com.co\/implantes-dentales\/","url":"https:\/\/leonardsuarez.com.co\/implantes-dentales\/","name":"Implantes dentales | Leonard Su\u00e1rez","isPartOf":{"@id":"https:\/\/leonardsuarez.com.co\/#website"},"primaryImageOfPage":{"@id":"https:\/\/leonardsuarez.com.co\/implantes-dentales\/#primaryimage"},"image":{"@id":"https:\/\/leonardsuarez.com.co\/implantes-dentales\/#primaryimage"},"thumbnailUrl":"https:\/\/leonardsuarez.com.co\/wp-content\/uploads\/2023\/06\/nivelacion-2.jpg","datePublished":"2023-06-20T16:19:20+00:00","dateModified":"2025-12-17T02:09:18+00:00","description":"Recupera tu sonrisa con implantes dentales en Santa Marta. Tratamientos seguros, funcionales y est\u00e9ticos. Contactanos para m\u00e1s informaci\u00f3n.","breadcrumb":{"@id":"https:\/\/leonardsuarez.com.co\/implantes-dentales\/#breadcrumb"},"inLanguage":"en-US","potentialAction":[{"@type":"ReadAction","target":["https:\/\/leonardsuarez.com.co\/implantes-dentales\/"]}]},{"@type":"ImageObject","inLanguage":"en-US","@id":"https:\/\/leonardsuarez.com.co\/implantes-dentales\/#primaryimage","url":"https:\/\/leonardsuarez.com.co\/wp-content\/uploads\/2023\/06\/nivelacion-2.jpg","contentUrl":"https:\/\/leonardsuarez.com.co\/wp-content\/uploads\/2023\/06\/nivelacion-2.jpg","width":1371,"height":927,"caption":"Dise\u00f1o-de-sonrisa"},{"@type":"BreadcrumbList","@id":"https:\/\/leonardsuarez.com.co\/implantes-dentales\/#breadcrumb","itemListElement":[{"@type":"ListItem","position":1,"name":"Home","item":"https:\/\/leonardsuarez.com.co\/"},{"@type":"ListItem","position":2,"name":"Implantes Dentales"}]},{"@type":"WebSite","@id":"https:\/\/leonardsuarez.com.co\/#website","url":"https:\/\/leonardsuarez.com.co\/","name":"Leonard Suarez","description":"Rehabilitaci\u00f3n oral","publisher":{"@id":"https:\/\/leonardsuarez.com.co\/#organization"},"potentialAction":[{"@type":"SearchAction","target":{"@type":"EntryPoint","urlTemplate":"https:\/\/leonardsuarez.com.co\/?s={search_term_string}"},"query-input":{"@type":"PropertyValueSpecification","valueRequired":true,"valueName":"search_term_string"}}],"inLanguage":"en-US"},{"@type":"Organization","@id":"https:\/\/leonardsuarez.com.co\/#organization","name":"Leonard Suarez","url":"https:\/\/leonardsuarez.com.co\/","logo":{"@type":"ImageObject","inLanguage":"en-US","@id":"https:\/\/leonardsuarez.com.co\/#\/schema\/logo\/image\/","url":"https:\/\/leonardsuarez.com.co\/wp-content\/uploads\/2019\/08\/lOG-D-02-02.png","contentUrl":"https:\/\/leonardsuarez.com.co\/wp-content\/uploads\/2019\/08\/lOG-D-02-02.png","width":507,"height":129,"caption":"Leonard Suarez"},"image":{"@id":"https:\/\/leonardsuarez.com.co\/#\/schema\/logo\/image\/"},"sameAs":["https:\/\/www.facebook.com\/profile.php?id=100031093253979","https:\/\/www.instagram.com\/leonardsuarez_odontologo\/"]}]}},"_links":{"self":[{"href":"https:\/\/leonardsuarez.com.co\/en\/wp-json\/wp\/v2\/pages\/5702","targetHints":{"allow":["GET"]}}],"collection":[{"href":"https:\/\/leonardsuarez.com.co\/en\/wp-json\/wp\/v2\/pages"}],"about":[{"href":"https:\/\/leonardsuarez.com.co\/en\/wp-json\/wp\/v2\/types\/page"}],"author":[{"embeddable":true,"href":"https:\/\/leonardsuarez.com.co\/en\/wp-json\/wp\/v2\/users\/1"}],"replies":[{"embeddable":true,"href":"https:\/\/leonardsuarez.com.co\/en\/wp-json\/wp\/v2\/comments?post=5702"}],"version-history":[{"count":44,"href":"https:\/\/leonardsuarez.com.co\/en\/wp-json\/wp\/v2\/pages\/5702\/revisions"}],"predecessor-version":[{"id":6770,"href":"https:\/\/leonardsuarez.com.co\/en\/wp-json\/wp\/v2\/pages\/5702\/revisions\/6770"}],"wp:featuredmedia":[{"embeddable":true,"href":"https:\/\/leonardsuarez.com.co\/en\/wp-json\/wp\/v2\/media\/6203"}],"wp:attachment":[{"href":"https:\/\/leonardsuarez.com.co\/en\/wp-json\/wp\/v2\/media?parent=5702"}],"curies":[{"name":"wp","href":"https:\/\/api.w.org\/{rel}","templated":true}]}}