{"id":5736,"date":"2023-06-20T17:12:25","date_gmt":"2023-06-20T17:12:25","guid":{"rendered":"https:\/\/leonardsuarez.com.co\/?page_id=5736"},"modified":"2024-01-20T11:59:43","modified_gmt":"2024-01-20T11:59:43","slug":"rehabilitacion-oral","status":"publish","type":"page","link":"https:\/\/leonardsuarez.com.co\/en\/rehabilitacion-oral\/","title":{"rendered":"Oral Rehabilitation"},"content":{"rendered":"<div data-elementor-type=\"wp-page\" data-elementor-id=\"5736\" class=\"elementor elementor-5736\">\n\t\t\t\t\t\t<section class=\"elementor-section elementor-top-section elementor-element elementor-element-20f04a50 elementor-section-stretched elementor-section-boxed elementor-section-height-default elementor-section-height-default\" data-id=\"20f04a50\" data-element_type=\"section\" data-settings=\"{&quot;stretch_section&quot;:&quot;section-stretched&quot;,&quot;background_background&quot;:&quot;classic&quot;,&quot;shape_divider_top&quot;:&quot;waves&quot;,&quot;shape_divider_bottom&quot;:&quot;waves&quot;}\">\n\t\t\t\t\t<div class=\"elementor-shape elementor-shape-top\" data-negative=\"false\">\n\t\t\t<svg xmlns=\"http:\/\/www.w3.org\/2000\/svg\" viewbox=\"0 0 1000 100\" preserveaspectratio=\"none\">\n\t<path class=\"elementor-shape-fill\" d=\"M421.9,6.5c22.6-2.5,51.5,0.4,75.5,5.3c23.6,4.9,70.9,23.5,100.5,35.7c75.8,32.2,133.7,44.5,192.6,49.7\tc23.6,2.1,48.7,3.5,103.4-2.5c54.7-6,106.2-25.6,106.2-25.6V0H0v30.3c0,0,72,32.6,158.4,30.5c39.2-0.7,92.8-6.7,134-22.4\tc21.2-8.1,52.2-18.2,79.7-24.2C399.3,7.9,411.6,7.5,421.9,6.5z\"\/>\n<\/svg>\t\t<\/div>\n\t\t\t\t<div class=\"elementor-shape elementor-shape-bottom\" data-negative=\"false\">\n\t\t\t<svg xmlns=\"http:\/\/www.w3.org\/2000\/svg\" viewbox=\"0 0 1000 100\" preserveaspectratio=\"none\">\n\t<path class=\"elementor-shape-fill\" d=\"M421.9,6.5c22.6-2.5,51.5,0.4,75.5,5.3c23.6,4.9,70.9,23.5,100.5,35.7c75.8,32.2,133.7,44.5,192.6,49.7\tc23.6,2.1,48.7,3.5,103.4-2.5c54.7-6,106.2-25.6,106.2-25.6V0H0v30.3c0,0,72,32.6,158.4,30.5c39.2-0.7,92.8-6.7,134-22.4\tc21.2-8.1,52.2-18.2,79.7-24.2C399.3,7.9,411.6,7.5,421.9,6.5z\"\/>\n<\/svg>\t\t<\/div>\n\t\t\t\t\t<div class=\"elementor-container elementor-column-gap-default\">\n\t\t\t\t\t<div class=\"elementor-column elementor-col-100 elementor-top-column elementor-element elementor-element-c978ea4\" data-id=\"c978ea4\" data-element_type=\"column\">\n\t\t\t<div class=\"elementor-widget-wrap elementor-element-populated\">\n\t\t\t\t\t\t<section class=\"elementor-section elementor-inner-section elementor-element elementor-element-5c09c3e elementor-section-boxed elementor-section-height-default elementor-section-height-default\" data-id=\"5c09c3e\" data-element_type=\"section\">\n\t\t\t\t\t\t<div class=\"elementor-container elementor-column-gap-default\">\n\t\t\t\t\t<div class=\"elementor-column elementor-col-100 elementor-inner-column elementor-element elementor-element-2a5f543\" data-id=\"2a5f543\" data-element_type=\"column\">\n\t\t\t<div class=\"elementor-widget-wrap elementor-element-populated\">\n\t\t\t\t\t\t<div class=\"elementor-element elementor-element-516e02e elementor-widget elementor-widget-heading\" data-id=\"516e02e\" data-element_type=\"widget\" data-widget_type=\"heading.default\">\n\t\t\t\t<div class=\"elementor-widget-container\">\n\t\t\t\t\t<h1 class=\"elementor-heading-title elementor-size-default\"><div class=\"cssanimation sequence leScaleYIn\">Oral Rehabilitation<\/div><\/h1>\t\t\t\t<\/div>\n\t\t\t\t<\/div>\n\t\t\t\t\t<\/div>\n\t\t<\/div>\n\t\t\t\t\t<\/div>\n\t\t<\/section>\n\t\t\t\t<div class=\"elementor-element elementor-element-7af33af5 elementor-widget elementor-widget-text-editor\" data-id=\"7af33af5\" data-element_type=\"widget\" data-settings=\"{&quot;_animation_mobile&quot;:&quot;none&quot;}\" data-widget_type=\"text-editor.default\">\n\t\t\t\t<div class=\"elementor-widget-container\">\n\t\t\t\t\t\t\t\t\t<p><span class=\"TextRun SCXW53531312 BCX0\" lang=\"ES-MX\" xml:lang=\"ES-MX\" data-contrast=\"auto\"><span class=\"NormalTextRun SCXW53531312 BCX0\">Oral rehabilitation restores the function and esthetics of the mouth and teeth, addressing problems such as cavities and fractures, <\/span><span class=\"NormalTextRun SCXW53531312 BCX0\">malocclusions<\/span><span class=\"NormalTextRun SCXW53531312 BCX0\"> and tooth loss.\u00a0<\/span> <span class=\"NormalTextRun SCXW53531312 BCX0\">Improve the patient's health and quality of life through personalized treatments.<\/span><\/span><span class=\"EOP SCXW53531312 BCX0\" data-ccp-props=\"{&quot;201341983&quot;:0,&quot;335551550&quot;:6,&quot;335551620&quot;:6,&quot;335559739&quot;:160,&quot;335559740&quot;:259}\">\u00a0<\/span><\/p>\t\t\t\t\t\t\t\t<\/div>\n\t\t\t\t<\/div>\n\t\t\t\t\t<\/div>\n\t\t<\/div>\n\t\t\t\t\t<\/div>\n\t\t<\/section>\n\t\t\t\t<section class=\"elementor-section elementor-top-section elementor-element elementor-element-1214bfa equal-info-boxes elementor-section-content-middle elementor-section-boxed elementor-section-height-default elementor-section-height-default\" data-id=\"1214bfa\" data-element_type=\"section\" data-settings=\"{&quot;ekit_section_parallax_multi&quot;:&quot;yes&quot;,&quot;ekit_section_parallax_multi_items&quot;:[{&quot;parallax_style&quot;:&quot;onscroll&quot;,&quot;image&quot;:null,&quot;pos_x&quot;:{&quot;unit&quot;:&quot;%&quot;,&quot;size&quot;:0,&quot;sizes&quot;:[]},&quot;pos_y&quot;:{&quot;unit&quot;:&quot;%&quot;,&quot;size&quot;:0,&quot;sizes&quot;:[]},&quot;zindex&quot;:0,&quot;_id&quot;:&quot;1a3419d&quot;,&quot;parallax_blur_effect&quot;:{&quot;unit&quot;:&quot;px&quot;,&quot;size&quot;:0,&quot;sizes&quot;:[]},&quot;parallax_blur_effect_tablet&quot;:{&quot;unit&quot;:&quot;px&quot;,&quot;size&quot;:&quot;&quot;,&quot;sizes&quot;:[]},&quot;parallax_blur_effect_mobile&quot;:{&quot;unit&quot;:&quot;px&quot;,&quot;size&quot;:&quot;&quot;,&quot;sizes&quot;:[]},&quot;shape&quot;:null,&quot;width_type&quot;:&quot;&quot;,&quot;animation&quot;:null,&quot;animation_tablet&quot;:null,&quot;animation_mobile&quot;:null,&quot;item_opacity&quot;:&quot;1&quot;,&quot;animation_speed&quot;:null,&quot;parallax_speed&quot;:null,&quot;parallax_transform&quot;:&quot;translateY&quot;,&quot;parallax_transform_value&quot;:&quot;250&quot;,&quot;smoothness&quot;:&quot;700&quot;,&quot;offsettop&quot;:&quot;0&quot;,&quot;offsetbottom&quot;:&quot;0&quot;,&quot;maxtilt&quot;:null,&quot;scale&quot;:null,&quot;disableaxis&quot;:null}]}\">\n\t\t\t\t\t\t<div class=\"elementor-container elementor-column-gap-default\">\n\t\t\t\t\t<div class=\"elementor-column elementor-col-33 elementor-top-column elementor-element elementor-element-054dfca\" data-id=\"054dfca\" data-element_type=\"column\" data-settings=\"{&quot;background_background&quot;:&quot;classic&quot;}\">\n\t\t\t<div class=\"elementor-widget-wrap elementor-element-populated\">\n\t\t\t\t\t\t<div class=\"elementor-element elementor-element-be65593 elementor-widget elementor-widget-image\" data-id=\"be65593\" data-element_type=\"widget\" data-widget_type=\"image.default\">\n\t\t\t\t<div class=\"elementor-widget-container\">\n\t\t\t\t\t\t\t\t\t\t\t\t\t\t\t<img fetchpriority=\"high\" decoding=\"async\" width=\"800\" height=\"773\" src=\"https:\/\/leonardsuarez.com.co\/wp-content\/uploads\/2023\/06\/1-5-1024x989.jpg\" class=\"attachment-large size-large wp-image-5741\" alt=\"Implantes_dentales_precio\" srcset=\"https:\/\/leonardsuarez.com.co\/wp-content\/uploads\/2023\/06\/1-5-1024x989.jpg 1024w, https:\/\/leonardsuarez.com.co\/wp-content\/uploads\/2023\/06\/1-5-scaled-600x580.jpg 600w, https:\/\/leonardsuarez.com.co\/wp-content\/uploads\/2023\/06\/1-5-300x290.jpg 300w, https:\/\/leonardsuarez.com.co\/wp-content\/uploads\/2023\/06\/1-5-768x742.jpg 768w, https:\/\/leonardsuarez.com.co\/wp-content\/uploads\/2023\/06\/1-5-1536x1484.jpg 1536w, https:\/\/leonardsuarez.com.co\/wp-content\/uploads\/2023\/06\/1-5-2048x1979.jpg 2048w\" sizes=\"(max-width: 800px) 100vw, 800px\" \/>\t\t\t\t\t\t\t\t\t\t\t\t\t\t\t<\/div>\n\t\t\t\t<\/div>\n\t\t\t\t\t<\/div>\n\t\t<\/div>\n\t\t\t\t<div class=\"elementor-column elementor-col-33 elementor-top-column elementor-element elementor-element-bd46503\" data-id=\"bd46503\" data-element_type=\"column\" data-settings=\"{&quot;background_background&quot;:&quot;classic&quot;}\">\n\t\t\t<div class=\"elementor-widget-wrap elementor-element-populated\">\n\t\t\t\t\t\t<div class=\"elementor-element elementor-element-3b5f4ee elementor-widget elementor-widget-image\" data-id=\"3b5f4ee\" data-element_type=\"widget\" data-widget_type=\"image.default\">\n\t\t\t\t<div class=\"elementor-widget-container\">\n\t\t\t\t\t\t\t\t\t\t\t\t\t\t\t<img decoding=\"async\" width=\"800\" height=\"769\" src=\"https:\/\/leonardsuarez.com.co\/wp-content\/uploads\/2023\/06\/2-3-1024x984.jpg\" class=\"attachment-large size-large wp-image-5742\" alt=\"Precio_implantes_dentales\" srcset=\"https:\/\/leonardsuarez.com.co\/wp-content\/uploads\/2023\/06\/2-3-1024x984.jpg 1024w, https:\/\/leonardsuarez.com.co\/wp-content\/uploads\/2023\/06\/2-3-scaled-600x577.jpg 600w, https:\/\/leonardsuarez.com.co\/wp-content\/uploads\/2023\/06\/2-3-300x288.jpg 300w, https:\/\/leonardsuarez.com.co\/wp-content\/uploads\/2023\/06\/2-3-768x738.jpg 768w, https:\/\/leonardsuarez.com.co\/wp-content\/uploads\/2023\/06\/2-3-1536x1476.jpg 1536w, https:\/\/leonardsuarez.com.co\/wp-content\/uploads\/2023\/06\/2-3-2048x1969.jpg 2048w\" sizes=\"(max-width: 800px) 100vw, 800px\" \/>\t\t\t\t\t\t\t\t\t\t\t\t\t\t\t<\/div>\n\t\t\t\t<\/div>\n\t\t\t\t\t<\/div>\n\t\t<\/div>\n\t\t\t\t<div class=\"elementor-column elementor-col-33 elementor-top-column elementor-element elementor-element-9c8f319\" data-id=\"9c8f319\" data-element_type=\"column\" data-settings=\"{&quot;background_background&quot;:&quot;classic&quot;}\">\n\t\t\t<div class=\"elementor-widget-wrap elementor-element-populated\">\n\t\t\t\t\t\t<div class=\"elementor-element elementor-element-104087a elementor-widget elementor-widget-image\" data-id=\"104087a\" data-element_type=\"widget\" data-widget_type=\"image.default\">\n\t\t\t\t<div class=\"elementor-widget-container\">\n\t\t\t\t\t\t\t\t\t\t\t\t\t\t\t<img decoding=\"async\" width=\"800\" height=\"742\" src=\"https:\/\/leonardsuarez.com.co\/wp-content\/uploads\/2023\/06\/3-2-1024x950.jpg\" class=\"attachment-large size-large wp-image-5744\" alt=\"odontologia-santa-marta\" srcset=\"https:\/\/leonardsuarez.com.co\/wp-content\/uploads\/2023\/06\/3-2-1024x950.jpg 1024w, https:\/\/leonardsuarez.com.co\/wp-content\/uploads\/2023\/06\/3-2-scaled-600x557.jpg 600w, https:\/\/leonardsuarez.com.co\/wp-content\/uploads\/2023\/06\/3-2-300x278.jpg 300w, https:\/\/leonardsuarez.com.co\/wp-content\/uploads\/2023\/06\/3-2-768x713.jpg 768w, https:\/\/leonardsuarez.com.co\/wp-content\/uploads\/2023\/06\/3-2-1536x1425.jpg 1536w, https:\/\/leonardsuarez.com.co\/wp-content\/uploads\/2023\/06\/3-2-2048x1901.jpg 2048w\" sizes=\"(max-width: 800px) 100vw, 800px\" \/>\t\t\t\t\t\t\t\t\t\t\t\t\t\t\t<\/div>\n\t\t\t\t<\/div>\n\t\t\t\t\t<\/div>\n\t\t<\/div>\n\t\t\t\t\t<\/div>\n\t\t<\/section>\n\t\t\t\t<section class=\"elementor-section elementor-top-section elementor-element elementor-element-8d4d3ef elementor-section-height-min-height elementor-section-content-middle elementor-section-boxed elementor-section-height-default elementor-section-items-middle\" data-id=\"8d4d3ef\" data-element_type=\"section\">\n\t\t\t\t\t\t<div class=\"elementor-container elementor-column-gap-default\">\n\t\t\t\t\t<div class=\"elementor-column elementor-col-100 elementor-top-column elementor-element elementor-element-a8c253f\" data-id=\"a8c253f\" data-element_type=\"column\">\n\t\t\t<div class=\"elementor-widget-wrap elementor-element-populated\">\n\t\t\t\t\t\t<div class=\"elementor-element elementor-element-0ee818b elementor-widget elementor-widget-image\" data-id=\"0ee818b\" data-element_type=\"widget\" data-widget_type=\"image.default\">\n\t\t\t\t<div class=\"elementor-widget-container\">\n\t\t\t\t\t\t\t\t\t\t\t\t\t\t\t<img loading=\"lazy\" decoding=\"async\" width=\"800\" height=\"609\" src=\"https:\/\/leonardsuarez.com.co\/wp-content\/uploads\/2023\/06\/COLLAGE-RO-1024x779.jpg\" class=\"attachment-large size-large wp-image-6247\" alt=\"rehabilitacion-oral-santa-marta\" srcset=\"https:\/\/leonardsuarez.com.co\/wp-content\/uploads\/2023\/06\/COLLAGE-RO-1024x779.jpg 1024w, https:\/\/leonardsuarez.com.co\/wp-content\/uploads\/2023\/06\/COLLAGE-RO-300x228.jpg 300w, https:\/\/leonardsuarez.com.co\/wp-content\/uploads\/2023\/06\/COLLAGE-RO-768x585.jpg 768w, https:\/\/leonardsuarez.com.co\/wp-content\/uploads\/2023\/06\/COLLAGE-RO-16x12.jpg 16w, https:\/\/leonardsuarez.com.co\/wp-content\/uploads\/2023\/06\/COLLAGE-RO-600x457.jpg 600w, https:\/\/leonardsuarez.com.co\/wp-content\/uploads\/2023\/06\/COLLAGE-RO.jpg 1239w\" sizes=\"(max-width: 800px) 100vw, 800px\" \/>\t\t\t\t\t\t\t\t\t\t\t\t\t\t\t<\/div>\n\t\t\t\t<\/div>\n\t\t\t\t\t<\/div>\n\t\t<\/div>\n\t\t\t\t\t<\/div>\n\t\t<\/section>\n\t\t\t\t<\/div>","protected":false},"excerpt":{"rendered":"<p>Rehabilitaci\u00f3n Oral La rehabilitaci\u00f3n oral restaura la funci\u00f3n y est\u00e9tica de boca y dientes, abordando problemas como caries, fracturas, maloclusiones y p\u00e9rdida dental.\u00a0 Mejora la salud y la calidad de vida del paciente mediante tratamientos personalizados.\u00a0<\/p>","protected":false},"author":1,"featured_media":5748,"parent":0,"menu_order":0,"comment_status":"closed","ping_status":"closed","template":"elementor_header_footer","meta":{"footnotes":""},"class_list":["post-5736","page","type-page","status-publish","has-post-thumbnail","hentry"],"yoast_head":"<!-- This site is optimized with the Yoast SEO plugin v26.5 - https:\/\/yoast.com\/wordpress\/plugins\/seo\/ -->\n<title>Rehabilitaci\u00f3n Oral - Leonard Suarez<\/title>\n<meta name=\"description\" content=\"La rehabilitaci\u00f3n oral restaura la funci\u00f3n y est\u00e9tica de boca y dientes, abordando problemas como caries, fracturas, maloclusiones y p\u00e9rdida dental. Mejora la salud y la calidad de vida del paciente mediante tratamientos personalizados.\" \/>\n<meta name=\"robots\" content=\"index, follow, max-snippet:-1, max-image-preview:large, max-video-preview:-1\" \/>\n<link rel=\"canonical\" href=\"https:\/\/leonardsuarez.com.co\/en\/rehabilitacion-oral\/\" \/>\n<meta property=\"og:locale\" content=\"en_US\" \/>\n<meta property=\"og:type\" content=\"article\" \/>\n<meta property=\"og:title\" content=\"Rehabilitaci\u00f3n oral\" \/>\n<meta property=\"og:description\" content=\"La rehabilitaci\u00f3n oral restaura la funci\u00f3n y est\u00e9tica de boca y dientes, abordando problemas como caries, fracturas, maloclusiones y p\u00e9rdida dental. Mejora la salud y la calidad de vida del paciente mediante tratamientos personalizados.\" \/>\n<meta property=\"og:url\" content=\"https:\/\/leonardsuarez.com.co\/en\/rehabilitacion-oral\/\" \/>\n<meta property=\"og:site_name\" content=\"Leonard Suarez\" \/>\n<meta property=\"article:publisher\" content=\"https:\/\/www.facebook.com\/profile.php?id=100031093253979\" \/>\n<meta property=\"article:modified_time\" content=\"2024-01-20T11:59:43+00:00\" \/>\n<meta property=\"og:image\" content=\"https:\/\/leonardsuarez.com.co\/wp-content\/uploads\/2023\/06\/COLLAGE-RO.jpg\" \/>\n\t<meta property=\"og:image:width\" content=\"1239\" \/>\n\t<meta property=\"og:image:height\" content=\"943\" \/>\n\t<meta property=\"og:image:type\" content=\"image\/jpeg\" \/>\n<meta name=\"twitter:card\" content=\"summary_large_image\" \/>\n<meta name=\"twitter:title\" content=\"Rehabilitaci\u00f3n oral\" \/>\n<meta name=\"twitter:description\" content=\"La rehabilitaci\u00f3n oral restaura la funci\u00f3n y est\u00e9tica de boca y dientes, abordando problemas como caries, fracturas, maloclusiones y p\u00e9rdida dental. Mejora la salud y la calidad de vida del paciente mediante tratamientos personalizados.\" \/>\n<meta name=\"twitter:image\" content=\"https:\/\/leonardsuarez.com.co\/wp-content\/uploads\/2023\/06\/COLLAGE-RO.jpg\" \/>\n<meta name=\"twitter:label1\" content=\"Est. reading time\" \/>\n\t<meta name=\"twitter:data1\" content=\"1 minute\" \/>\n<script type=\"application\/ld+json\" class=\"yoast-schema-graph\">{\"@context\":\"https:\/\/schema.org\",\"@graph\":[{\"@type\":\"WebPage\",\"@id\":\"https:\/\/leonardsuarez.com.co\/rehabilitacion-oral\/\",\"url\":\"https:\/\/leonardsuarez.com.co\/rehabilitacion-oral\/\",\"name\":\"Rehabilitaci\u00f3n Oral - Leonard Suarez\",\"isPartOf\":{\"@id\":\"https:\/\/leonardsuarez.com.co\/#website\"},\"primaryImageOfPage\":{\"@id\":\"https:\/\/leonardsuarez.com.co\/rehabilitacion-oral\/#primaryimage\"},\"image\":{\"@id\":\"https:\/\/leonardsuarez.com.co\/rehabilitacion-oral\/#primaryimage\"},\"thumbnailUrl\":\"https:\/\/leonardsuarez.com.co\/wp-content\/uploads\/2023\/06\/Collage-04-scaled.jpg\",\"datePublished\":\"2023-06-20T17:12:25+00:00\",\"dateModified\":\"2024-01-20T11:59:43+00:00\",\"description\":\"La rehabilitaci\u00f3n oral restaura la funci\u00f3n y est\u00e9tica de boca y dientes, abordando problemas como caries, fracturas, maloclusiones y p\u00e9rdida dental. Mejora la salud y la calidad de vida del paciente mediante tratamientos personalizados.\",\"breadcrumb\":{\"@id\":\"https:\/\/leonardsuarez.com.co\/rehabilitacion-oral\/#breadcrumb\"},\"inLanguage\":\"en-US\",\"potentialAction\":[{\"@type\":\"ReadAction\",\"target\":[\"https:\/\/leonardsuarez.com.co\/rehabilitacion-oral\/\"]}]},{\"@type\":\"ImageObject\",\"inLanguage\":\"en-US\",\"@id\":\"https:\/\/leonardsuarez.com.co\/rehabilitacion-oral\/#primaryimage\",\"url\":\"https:\/\/leonardsuarez.com.co\/wp-content\/uploads\/2023\/06\/Collage-04-scaled.jpg\",\"contentUrl\":\"https:\/\/leonardsuarez.com.co\/wp-content\/uploads\/2023\/06\/Collage-04-scaled.jpg\",\"width\":2560,\"height\":1947,\"caption\":\"rehabilitacion-oral-santa-marta\"},{\"@type\":\"BreadcrumbList\",\"@id\":\"https:\/\/leonardsuarez.com.co\/rehabilitacion-oral\/#breadcrumb\",\"itemListElement\":[{\"@type\":\"ListItem\",\"position\":1,\"name\":\"Home\",\"item\":\"https:\/\/leonardsuarez.com.co\/\"},{\"@type\":\"ListItem\",\"position\":2,\"name\":\"Rehabilitaci\u00f3n Oral\"}]},{\"@type\":\"WebSite\",\"@id\":\"https:\/\/leonardsuarez.com.co\/#website\",\"url\":\"https:\/\/leonardsuarez.com.co\/\",\"name\":\"Leonard Suarez\",\"description\":\"Rehabilitaci\u00f3n oral\",\"publisher\":{\"@id\":\"https:\/\/leonardsuarez.com.co\/#organization\"},\"potentialAction\":[{\"@type\":\"SearchAction\",\"target\":{\"@type\":\"EntryPoint\",\"urlTemplate\":\"https:\/\/leonardsuarez.com.co\/?s={search_term_string}\"},\"query-input\":{\"@type\":\"PropertyValueSpecification\",\"valueRequired\":true,\"valueName\":\"search_term_string\"}}],\"inLanguage\":\"en-US\"},{\"@type\":\"Organization\",\"@id\":\"https:\/\/leonardsuarez.com.co\/#organization\",\"name\":\"Leonard Suarez\",\"url\":\"https:\/\/leonardsuarez.com.co\/\",\"logo\":{\"@type\":\"ImageObject\",\"inLanguage\":\"en-US\",\"@id\":\"https:\/\/leonardsuarez.com.co\/#\/schema\/logo\/image\/\",\"url\":\"https:\/\/leonardsuarez.com.co\/wp-content\/uploads\/2019\/08\/lOG-D-02-02.png\",\"contentUrl\":\"https:\/\/leonardsuarez.com.co\/wp-content\/uploads\/2019\/08\/lOG-D-02-02.png\",\"width\":507,\"height\":129,\"caption\":\"Leonard Suarez\"},\"image\":{\"@id\":\"https:\/\/leonardsuarez.com.co\/#\/schema\/logo\/image\/\"},\"sameAs\":[\"https:\/\/www.facebook.com\/profile.php?id=100031093253979\",\"https:\/\/www.instagram.com\/leonardsuarez_odontologo\/\"]}]}<\/script>\n<!-- \/ Yoast SEO plugin. -->","yoast_head_json":{"title":"Rehabilitaci\u00f3n Oral - Leonard Suarez","description":"La rehabilitaci\u00f3n oral restaura la funci\u00f3n y est\u00e9tica de boca y dientes, abordando problemas como caries, fracturas, maloclusiones y p\u00e9rdida dental. Mejora la salud y la calidad de vida del paciente mediante tratamientos personalizados.","robots":{"index":"index","follow":"follow","max-snippet":"max-snippet:-1","max-image-preview":"max-image-preview:large","max-video-preview":"max-video-preview:-1"},"canonical":"https:\/\/leonardsuarez.com.co\/en\/rehabilitacion-oral\/","og_locale":"en_US","og_type":"article","og_title":"Rehabilitaci\u00f3n oral","og_description":"La rehabilitaci\u00f3n oral restaura la funci\u00f3n y est\u00e9tica de boca y dientes, abordando problemas como caries, fracturas, maloclusiones y p\u00e9rdida dental. Mejora la salud y la calidad de vida del paciente mediante tratamientos personalizados.","og_url":"https:\/\/leonardsuarez.com.co\/en\/rehabilitacion-oral\/","og_site_name":"Leonard Suarez","article_publisher":"https:\/\/www.facebook.com\/profile.php?id=100031093253979","article_modified_time":"2024-01-20T11:59:43+00:00","og_image":[{"width":1239,"height":943,"url":"https:\/\/leonardsuarez.com.co\/wp-content\/uploads\/2023\/06\/COLLAGE-RO.jpg","type":"image\/jpeg"}],"twitter_card":"summary_large_image","twitter_title":"Rehabilitaci\u00f3n oral","twitter_description":"La rehabilitaci\u00f3n oral restaura la funci\u00f3n y est\u00e9tica de boca y dientes, abordando problemas como caries, fracturas, maloclusiones y p\u00e9rdida dental. Mejora la salud y la calidad de vida del paciente mediante tratamientos personalizados.","twitter_image":"https:\/\/leonardsuarez.com.co\/wp-content\/uploads\/2023\/06\/COLLAGE-RO.jpg","twitter_misc":{"Est. reading time":"1 minute"},"schema":{"@context":"https:\/\/schema.org","@graph":[{"@type":"WebPage","@id":"https:\/\/leonardsuarez.com.co\/rehabilitacion-oral\/","url":"https:\/\/leonardsuarez.com.co\/rehabilitacion-oral\/","name":"Rehabilitaci\u00f3n Oral - Leonard Suarez","isPartOf":{"@id":"https:\/\/leonardsuarez.com.co\/#website"},"primaryImageOfPage":{"@id":"https:\/\/leonardsuarez.com.co\/rehabilitacion-oral\/#primaryimage"},"image":{"@id":"https:\/\/leonardsuarez.com.co\/rehabilitacion-oral\/#primaryimage"},"thumbnailUrl":"https:\/\/leonardsuarez.com.co\/wp-content\/uploads\/2023\/06\/Collage-04-scaled.jpg","datePublished":"2023-06-20T17:12:25+00:00","dateModified":"2024-01-20T11:59:43+00:00","description":"La rehabilitaci\u00f3n oral restaura la funci\u00f3n y est\u00e9tica de boca y dientes, abordando problemas como caries, fracturas, maloclusiones y p\u00e9rdida dental. Mejora la salud y la calidad de vida del paciente mediante tratamientos personalizados.","breadcrumb":{"@id":"https:\/\/leonardsuarez.com.co\/rehabilitacion-oral\/#breadcrumb"},"inLanguage":"en-US","potentialAction":[{"@type":"ReadAction","target":["https:\/\/leonardsuarez.com.co\/rehabilitacion-oral\/"]}]},{"@type":"ImageObject","inLanguage":"en-US","@id":"https:\/\/leonardsuarez.com.co\/rehabilitacion-oral\/#primaryimage","url":"https:\/\/leonardsuarez.com.co\/wp-content\/uploads\/2023\/06\/Collage-04-scaled.jpg","contentUrl":"https:\/\/leonardsuarez.com.co\/wp-content\/uploads\/2023\/06\/Collage-04-scaled.jpg","width":2560,"height":1947,"caption":"rehabilitacion-oral-santa-marta"},{"@type":"BreadcrumbList","@id":"https:\/\/leonardsuarez.com.co\/rehabilitacion-oral\/#breadcrumb","itemListElement":[{"@type":"ListItem","position":1,"name":"Home","item":"https:\/\/leonardsuarez.com.co\/"},{"@type":"ListItem","position":2,"name":"Rehabilitaci\u00f3n Oral"}]},{"@type":"WebSite","@id":"https:\/\/leonardsuarez.com.co\/#website","url":"https:\/\/leonardsuarez.com.co\/","name":"Leonard Suarez","description":"Rehabilitaci\u00f3n oral","publisher":{"@id":"https:\/\/leonardsuarez.com.co\/#organization"},"potentialAction":[{"@type":"SearchAction","target":{"@type":"EntryPoint","urlTemplate":"https:\/\/leonardsuarez.com.co\/?s={search_term_string}"},"query-input":{"@type":"PropertyValueSpecification","valueRequired":true,"valueName":"search_term_string"}}],"inLanguage":"en-US"},{"@type":"Organization","@id":"https:\/\/leonardsuarez.com.co\/#organization","name":"Leonard Suarez","url":"https:\/\/leonardsuarez.com.co\/","logo":{"@type":"ImageObject","inLanguage":"en-US","@id":"https:\/\/leonardsuarez.com.co\/#\/schema\/logo\/image\/","url":"https:\/\/leonardsuarez.com.co\/wp-content\/uploads\/2019\/08\/lOG-D-02-02.png","contentUrl":"https:\/\/leonardsuarez.com.co\/wp-content\/uploads\/2019\/08\/lOG-D-02-02.png","width":507,"height":129,"caption":"Leonard Suarez"},"image":{"@id":"https:\/\/leonardsuarez.com.co\/#\/schema\/logo\/image\/"},"sameAs":["https:\/\/www.facebook.com\/profile.php?id=100031093253979","https:\/\/www.instagram.com\/leonardsuarez_odontologo\/"]}]}},"_links":{"self":[{"href":"https:\/\/leonardsuarez.com.co\/en\/wp-json\/wp\/v2\/pages\/5736","targetHints":{"allow":["GET"]}}],"collection":[{"href":"https:\/\/leonardsuarez.com.co\/en\/wp-json\/wp\/v2\/pages"}],"about":[{"href":"https:\/\/leonardsuarez.com.co\/en\/wp-json\/wp\/v2\/types\/page"}],"author":[{"embeddable":true,"href":"https:\/\/leonardsuarez.com.co\/en\/wp-json\/wp\/v2\/users\/1"}],"replies":[{"embeddable":true,"href":"https:\/\/leonardsuarez.com.co\/en\/wp-json\/wp\/v2\/comments?post=5736"}],"version-history":[{"count":69,"href":"https:\/\/leonardsuarez.com.co\/en\/wp-json\/wp\/v2\/pages\/5736\/revisions"}],"predecessor-version":[{"id":6604,"href":"https:\/\/leonardsuarez.com.co\/en\/wp-json\/wp\/v2\/pages\/5736\/revisions\/6604"}],"wp:featuredmedia":[{"embeddable":true,"href":"https:\/\/leonardsuarez.com.co\/en\/wp-json\/wp\/v2\/media\/5748"}],"wp:attachment":[{"href":"https:\/\/leonardsuarez.com.co\/en\/wp-json\/wp\/v2\/media?parent=5736"}],"curies":[{"name":"wp","href":"https:\/\/api.w.org\/{rel}","templated":true}]}}