{"id":5849,"date":"2023-06-20T21:18:26","date_gmt":"2023-06-20T21:18:26","guid":{"rendered":"https:\/\/leonardsuarez.com.co\/?page_id=5849"},"modified":"2025-12-17T02:05:00","modified_gmt":"2025-12-17T02:05:00","slug":"odontologia-general","status":"publish","type":"page","link":"https:\/\/leonardsuarez.com.co\/en\/odontologia-general\/","title":{"rendered":"General Dentistry\u00a0"},"content":{"rendered":"<div data-elementor-type=\"wp-page\" data-elementor-id=\"5849\" class=\"elementor elementor-5849\">\n\t\t\t\t\t\t<section class=\"elementor-section elementor-top-section elementor-element elementor-element-20f04a50 elementor-section-stretched elementor-section-boxed elementor-section-height-default elementor-section-height-default\" data-id=\"20f04a50\" data-element_type=\"section\" data-settings=\"{&quot;stretch_section&quot;:&quot;section-stretched&quot;,&quot;background_background&quot;:&quot;classic&quot;,&quot;shape_divider_top&quot;:&quot;waves&quot;,&quot;shape_divider_bottom&quot;:&quot;waves&quot;}\">\n\t\t\t\t\t<div class=\"elementor-shape elementor-shape-top\" data-negative=\"false\">\n\t\t\t<svg xmlns=\"http:\/\/www.w3.org\/2000\/svg\" viewbox=\"0 0 1000 100\" preserveaspectratio=\"none\">\n\t<path class=\"elementor-shape-fill\" d=\"M421.9,6.5c22.6-2.5,51.5,0.4,75.5,5.3c23.6,4.9,70.9,23.5,100.5,35.7c75.8,32.2,133.7,44.5,192.6,49.7\tc23.6,2.1,48.7,3.5,103.4-2.5c54.7-6,106.2-25.6,106.2-25.6V0H0v30.3c0,0,72,32.6,158.4,30.5c39.2-0.7,92.8-6.7,134-22.4\tc21.2-8.1,52.2-18.2,79.7-24.2C399.3,7.9,411.6,7.5,421.9,6.5z\"\/>\n<\/svg>\t\t<\/div>\n\t\t\t\t<div class=\"elementor-shape elementor-shape-bottom\" data-negative=\"false\">\n\t\t\t<svg xmlns=\"http:\/\/www.w3.org\/2000\/svg\" viewbox=\"0 0 1000 100\" preserveaspectratio=\"none\">\n\t<path class=\"elementor-shape-fill\" d=\"M421.9,6.5c22.6-2.5,51.5,0.4,75.5,5.3c23.6,4.9,70.9,23.5,100.5,35.7c75.8,32.2,133.7,44.5,192.6,49.7\tc23.6,2.1,48.7,3.5,103.4-2.5c54.7-6,106.2-25.6,106.2-25.6V0H0v30.3c0,0,72,32.6,158.4,30.5c39.2-0.7,92.8-6.7,134-22.4\tc21.2-8.1,52.2-18.2,79.7-24.2C399.3,7.9,411.6,7.5,421.9,6.5z\"\/>\n<\/svg>\t\t<\/div>\n\t\t\t\t\t<div class=\"elementor-container elementor-column-gap-default\">\n\t\t\t\t\t<div class=\"elementor-column elementor-col-100 elementor-top-column elementor-element elementor-element-c978ea4\" data-id=\"c978ea4\" data-element_type=\"column\">\n\t\t\t<div class=\"elementor-widget-wrap elementor-element-populated\">\n\t\t\t\t\t\t<section class=\"elementor-section elementor-inner-section elementor-element elementor-element-483a75d elementor-section-boxed elementor-section-height-default elementor-section-height-default\" data-id=\"483a75d\" data-element_type=\"section\">\n\t\t\t\t\t\t<div class=\"elementor-container elementor-column-gap-default\">\n\t\t\t\t\t<div class=\"elementor-column elementor-col-100 elementor-inner-column elementor-element elementor-element-aeb2c79\" data-id=\"aeb2c79\" data-element_type=\"column\">\n\t\t\t<div class=\"elementor-widget-wrap elementor-element-populated\">\n\t\t\t\t\t\t<div class=\"elementor-element elementor-element-04355b2 elementor-widget elementor-widget-heading\" data-id=\"04355b2\" data-element_type=\"widget\" data-widget_type=\"heading.default\">\n\t\t\t\t<div class=\"elementor-widget-container\">\n\t\t\t\t\t<h1 class=\"elementor-heading-title elementor-size-default\"><div class=\"cssanimation sequence leBounceZoomIn\">General Dentistry <\/div><\/h1>\t\t\t\t<\/div>\n\t\t\t\t<\/div>\n\t\t\t\t\t<\/div>\n\t\t<\/div>\n\t\t\t\t\t<\/div>\n\t\t<\/section>\n\t\t\t\t<div class=\"elementor-element elementor-element-7af33af5 elementor-widget elementor-widget-text-editor\" data-id=\"7af33af5\" data-element_type=\"widget\" data-settings=\"{&quot;_animation_mobile&quot;:&quot;none&quot;}\" data-widget_type=\"text-editor.default\">\n\t\t\t\t<div class=\"elementor-widget-container\">\n\t\t\t\t\t\t\t\t\tGeneral dentistry focuses on the diagnosis, prevention, and treatment of dental problems. Our team provides basic care to patients of all ages, including dental exams, cleanings, treatment of cavities, gum diseases, root canals, dental extractions, dental prosthetics, and education on proper oral hygiene.\t\t\t\t\t\t\t\t<\/div>\n\t\t\t\t<\/div>\n\t\t\t\t\t<\/div>\n\t\t<\/div>\n\t\t\t\t\t<\/div>\n\t\t<\/section>\n\t\t\t\t<section class=\"elementor-section elementor-top-section elementor-element elementor-element-8d4d3ef elementor-section-height-min-height elementor-section-content-middle elementor-section-boxed elementor-section-height-default elementor-section-items-middle\" data-id=\"8d4d3ef\" data-element_type=\"section\">\n\t\t\t\t\t\t<div class=\"elementor-container elementor-column-gap-default\">\n\t\t\t\t\t<div class=\"elementor-column elementor-col-50 elementor-top-column elementor-element elementor-element-a8c253f\" data-id=\"a8c253f\" data-element_type=\"column\">\n\t\t\t<div class=\"elementor-widget-wrap elementor-element-populated\">\n\t\t\t\t\t\t<div class=\"elementor-element elementor-element-9505357 elementor-widget elementor-widget-elementskit-image-comparison\" data-id=\"9505357\" data-element_type=\"widget\" data-widget_type=\"elementskit-image-comparison.default\">\n\t\t\t\t<div class=\"elementor-widget-container\">\n\t\t\t\t\t<div class=\"ekit-wid-con\" >\n\t\t<div class=\"elementskit-image-comparison image-comparison-container\" data-offset=\"0.5\" data-overlay=\"true\" data-label_after=\"\" data-label_before=\"\" data-move_slider_on_hover=\"true\" data-click_to_move=\"\">\n\t\t\t<img decoding=\"async\" src=\"https:\/\/leonardsuarez.com.co\/wp-content\/uploads\/2023\/06\/Antes-scaled.jpg\" title=\"Antes\" alt=\"Antes\" loading=\"lazy\" \/><img decoding=\"async\" src=\"https:\/\/leonardsuarez.com.co\/wp-content\/uploads\/2023\/06\/Despues-scaled.jpg\" title=\"Despues\" alt=\"Despues\" loading=\"lazy\" \/>\t\t<\/div>\n\n\t<\/div>\t\t\t\t<\/div>\n\t\t\t\t<\/div>\n\t\t\t\t\t<\/div>\n\t\t<\/div>\n\t\t\t\t<div class=\"elementor-column elementor-col-50 elementor-top-column elementor-element elementor-element-d1727af\" data-id=\"d1727af\" data-element_type=\"column\">\n\t\t\t<div class=\"elementor-widget-wrap elementor-element-populated\">\n\t\t\t\t\t\t<div class=\"elementor-element elementor-element-922a63b elementor-widget elementor-widget-elementskit-image-comparison\" data-id=\"922a63b\" data-element_type=\"widget\" data-widget_type=\"elementskit-image-comparison.default\">\n\t\t\t\t<div class=\"elementor-widget-container\">\n\t\t\t\t\t<div class=\"ekit-wid-con\" >\n\t\t<div class=\"elementskit-image-comparison image-comparison-container\" data-offset=\"0.5\" data-overlay=\"true\" data-label_after=\"\" data-label_before=\"\" data-move_slider_on_hover=\"true\" data-click_to_move=\"\">\n\t\t\t<img decoding=\"async\" src=\"https:\/\/leonardsuarez.com.co\/wp-content\/uploads\/2023\/06\/limpieza-1-scaled.jpg\" title=\"limpieza 1\" alt=\"limpieza 1\" loading=\"lazy\" \/><img decoding=\"async\" src=\"https:\/\/leonardsuarez.com.co\/wp-content\/uploads\/2023\/06\/Blank_Mesa-de-trabajo-1.jpg\" title=\"Blank_Mesa de trabajo 1\" alt=\"Blank_Mesa de trabajo 1\" loading=\"lazy\" \/>\t\t<\/div>\n\n\t<\/div>\t\t\t\t<\/div>\n\t\t\t\t<\/div>\n\t\t\t\t\t<\/div>\n\t\t<\/div>\n\t\t\t\t\t<\/div>\n\t\t<\/section>\n\t\t\t\t<section class=\"elementor-section elementor-top-section elementor-element elementor-element-04c36b5 elementor-section-boxed elementor-section-height-default elementor-section-height-default\" data-id=\"04c36b5\" data-element_type=\"section\">\n\t\t\t\t\t\t<div class=\"elementor-container elementor-column-gap-default\">\n\t\t\t\t\t<div class=\"elementor-column elementor-col-100 elementor-top-column elementor-element elementor-element-0d8f8bb\" data-id=\"0d8f8bb\" data-element_type=\"column\">\n\t\t\t<div class=\"elementor-widget-wrap elementor-element-populated\">\n\t\t\t\t\t\t<div class=\"elementor-element elementor-element-d3206a7 elementor-widget elementor-widget-text-editor\" data-id=\"d3206a7\" data-element_type=\"widget\" data-settings=\"{&quot;_animation_mobile&quot;:&quot;none&quot;}\" data-widget_type=\"text-editor.default\">\n\t\t\t\t<div class=\"elementor-widget-container\">\n\t\t\t\t\t\t\t\t\t<p><span class=\"TextRun SCXW110446356 BCX0\" lang=\"ES-MX\" xml:lang=\"ES-MX\" data-contrast=\"auto\"><span class=\"NormalTextRun SCXW110446356 BCX0\">Deep dental cleaning<\/span><\/span><span class=\"EOP SCXW110446356 BCX0\" data-ccp-props=\"{&quot;201341983&quot;:0,&quot;335551550&quot;:2,&quot;335551620&quot;:2,&quot;335559739&quot;:160,&quot;335559740&quot;:259}\">\u00a0<\/span><\/p>\t\t\t\t\t\t\t\t<\/div>\n\t\t\t\t<\/div>\n\t\t\t\t\t<\/div>\n\t\t<\/div>\n\t\t\t\t\t<\/div>\n\t\t<\/section>\n\t\t\t\t<\/div>","protected":false},"excerpt":{"rendered":"<p>Odontolog\u00eda General La odontolog\u00eda general se enfoca en el diagn\u00f3stico, prevenci\u00f3n y tratamiento de problemas dentales, nuestro equipo brinda atenci\u00f3n b\u00e1sica a pacientes de todas las edades, incluyendo ex\u00e1menes dentales, limpiezas, tratamiento de caries, enfermedades de las enc\u00edas, endodoncias, extracciones dentales, pr\u00f3tesis dentales y educaci\u00f3n sobre higiene oral adecuada. Limpieza dental Profunda\u00a0<\/p>","protected":false},"author":1,"featured_media":6180,"parent":0,"menu_order":0,"comment_status":"closed","ping_status":"closed","template":"elementor_header_footer","meta":{"footnotes":""},"class_list":["post-5849","page","type-page","status-publish","has-post-thumbnail","hentry"],"yoast_head":"<!-- This site is optimized with the Yoast SEO plugin v26.5 - https:\/\/yoast.com\/wordpress\/plugins\/seo\/ -->\n<title>Odontolog\u00eda General\u00a0 - Leonard Suarez<\/title>\n<meta name=\"description\" content=\"Odontolog\u00eda general en Santa Marta para ni\u00f1os y adultos. Ex\u00e1menes, limpiezas, tratamiento de caries y cuidado preventivo con atenci\u00f3n profesional y personalizada. Agenda tu cita hoy.\" \/>\n<meta name=\"robots\" content=\"index, follow, max-snippet:-1, max-image-preview:large, max-video-preview:-1\" \/>\n<link rel=\"canonical\" href=\"https:\/\/leonardsuarez.com.co\/en\/odontologia-general\/\" \/>\n<meta property=\"og:locale\" content=\"en_US\" \/>\n<meta property=\"og:type\" content=\"article\" \/>\n<meta property=\"og:title\" content=\"Odontolog\u00eda general\" \/>\n<meta property=\"og:description\" content=\"La odontolog\u00eda general se enfoca en el diagn\u00f3stico, prevenci\u00f3n y tratamiento de problemas dentales, nuestro equipo brinda atenci\u00f3n b\u00e1sica a pacientes de todas las edades, incluyendo ex\u00e1menes dentales, limpiezas, tratamiento de caries, enfermedades de las enc\u00edas, endodoncias, extracciones dentales, pr\u00f3tesis dentales y educaci\u00f3n sobre higiene oral adecuada.\" \/>\n<meta property=\"og:url\" content=\"https:\/\/leonardsuarez.com.co\/en\/odontologia-general\/\" \/>\n<meta property=\"og:site_name\" content=\"Leonard Suarez\" \/>\n<meta property=\"article:publisher\" content=\"https:\/\/www.facebook.com\/profile.php?id=100031093253979\" \/>\n<meta property=\"article:modified_time\" content=\"2025-12-17T02:05:00+00:00\" \/>\n<meta property=\"og:image\" content=\"https:\/\/leonardsuarez.com.co\/wp-content\/uploads\/2023\/06\/2-2-scaled.jpg\" \/>\n\t<meta property=\"og:image:width\" content=\"2560\" \/>\n\t<meta property=\"og:image:height\" content=\"1707\" \/>\n\t<meta property=\"og:image:type\" content=\"image\/jpeg\" \/>\n<meta name=\"twitter:card\" content=\"summary_large_image\" \/>\n<meta name=\"twitter:title\" content=\"Odontolog\u00eda general\" \/>\n<meta name=\"twitter:description\" content=\"La odontolog\u00eda general se enfoca en el diagn\u00f3stico, prevenci\u00f3n y tratamiento de problemas dentales, nuestro equipo brinda atenci\u00f3n b\u00e1sica a pacientes de todas las edades, incluyendo ex\u00e1menes dentales, limpiezas, tratamiento de caries, enfermedades de las enc\u00edas, endodoncias, extracciones dentales, pr\u00f3tesis dentales y educaci\u00f3n sobre higiene oral adecuada.\" \/>\n<meta name=\"twitter:image\" content=\"https:\/\/leonardsuarez.com.co\/wp-content\/uploads\/2023\/06\/2-2-scaled.jpg\" \/>\n<meta name=\"twitter:label1\" content=\"Est. reading time\" \/>\n\t<meta name=\"twitter:data1\" content=\"2 minutes\" \/>\n<script type=\"application\/ld+json\" class=\"yoast-schema-graph\">{\"@context\":\"https:\/\/schema.org\",\"@graph\":[{\"@type\":\"WebPage\",\"@id\":\"https:\/\/leonardsuarez.com.co\/odontologia-general\/\",\"url\":\"https:\/\/leonardsuarez.com.co\/odontologia-general\/\",\"name\":\"Odontolog\u00eda General\u00a0 - Leonard Suarez\",\"isPartOf\":{\"@id\":\"https:\/\/leonardsuarez.com.co\/#website\"},\"primaryImageOfPage\":{\"@id\":\"https:\/\/leonardsuarez.com.co\/odontologia-general\/#primaryimage\"},\"image\":{\"@id\":\"https:\/\/leonardsuarez.com.co\/odontologia-general\/#primaryimage\"},\"thumbnailUrl\":\"https:\/\/leonardsuarez.com.co\/wp-content\/uploads\/2023\/06\/2-2-scaled.jpg\",\"datePublished\":\"2023-06-20T21:18:26+00:00\",\"dateModified\":\"2025-12-17T02:05:00+00:00\",\"description\":\"Odontolog\u00eda general en Santa Marta para ni\u00f1os y adultos. Ex\u00e1menes, limpiezas, tratamiento de caries y cuidado preventivo con atenci\u00f3n profesional y personalizada. Agenda tu cita hoy.\",\"breadcrumb\":{\"@id\":\"https:\/\/leonardsuarez.com.co\/odontologia-general\/#breadcrumb\"},\"inLanguage\":\"en-US\",\"potentialAction\":[{\"@type\":\"ReadAction\",\"target\":[\"https:\/\/leonardsuarez.com.co\/odontologia-general\/\"]}]},{\"@type\":\"ImageObject\",\"inLanguage\":\"en-US\",\"@id\":\"https:\/\/leonardsuarez.com.co\/odontologia-general\/#primaryimage\",\"url\":\"https:\/\/leonardsuarez.com.co\/wp-content\/uploads\/2023\/06\/2-2-scaled.jpg\",\"contentUrl\":\"https:\/\/leonardsuarez.com.co\/wp-content\/uploads\/2023\/06\/2-2-scaled.jpg\",\"width\":2560,\"height\":1707},{\"@type\":\"BreadcrumbList\",\"@id\":\"https:\/\/leonardsuarez.com.co\/odontologia-general\/#breadcrumb\",\"itemListElement\":[{\"@type\":\"ListItem\",\"position\":1,\"name\":\"Home\",\"item\":\"https:\/\/leonardsuarez.com.co\/\"},{\"@type\":\"ListItem\",\"position\":2,\"name\":\"Odontolog\u00eda General\u00a0\"}]},{\"@type\":\"WebSite\",\"@id\":\"https:\/\/leonardsuarez.com.co\/#website\",\"url\":\"https:\/\/leonardsuarez.com.co\/\",\"name\":\"Leonard Suarez\",\"description\":\"Rehabilitaci\u00f3n oral\",\"publisher\":{\"@id\":\"https:\/\/leonardsuarez.com.co\/#organization\"},\"potentialAction\":[{\"@type\":\"SearchAction\",\"target\":{\"@type\":\"EntryPoint\",\"urlTemplate\":\"https:\/\/leonardsuarez.com.co\/?s={search_term_string}\"},\"query-input\":{\"@type\":\"PropertyValueSpecification\",\"valueRequired\":true,\"valueName\":\"search_term_string\"}}],\"inLanguage\":\"en-US\"},{\"@type\":\"Organization\",\"@id\":\"https:\/\/leonardsuarez.com.co\/#organization\",\"name\":\"Leonard Suarez\",\"url\":\"https:\/\/leonardsuarez.com.co\/\",\"logo\":{\"@type\":\"ImageObject\",\"inLanguage\":\"en-US\",\"@id\":\"https:\/\/leonardsuarez.com.co\/#\/schema\/logo\/image\/\",\"url\":\"https:\/\/leonardsuarez.com.co\/wp-content\/uploads\/2019\/08\/lOG-D-02-02.png\",\"contentUrl\":\"https:\/\/leonardsuarez.com.co\/wp-content\/uploads\/2019\/08\/lOG-D-02-02.png\",\"width\":507,\"height\":129,\"caption\":\"Leonard Suarez\"},\"image\":{\"@id\":\"https:\/\/leonardsuarez.com.co\/#\/schema\/logo\/image\/\"},\"sameAs\":[\"https:\/\/www.facebook.com\/profile.php?id=100031093253979\",\"https:\/\/www.instagram.com\/leonardsuarez_odontologo\/\"]}]}<\/script>\n<!-- \/ Yoast SEO plugin. -->","yoast_head_json":{"title":"Odontolog\u00eda General\u00a0 - Leonard Suarez","description":"Odontolog\u00eda general en Santa Marta para ni\u00f1os y adultos. Ex\u00e1menes, limpiezas, tratamiento de caries y cuidado preventivo con atenci\u00f3n profesional y personalizada. Agenda tu cita hoy.","robots":{"index":"index","follow":"follow","max-snippet":"max-snippet:-1","max-image-preview":"max-image-preview:large","max-video-preview":"max-video-preview:-1"},"canonical":"https:\/\/leonardsuarez.com.co\/en\/odontologia-general\/","og_locale":"en_US","og_type":"article","og_title":"Odontolog\u00eda general","og_description":"La odontolog\u00eda general se enfoca en el diagn\u00f3stico, prevenci\u00f3n y tratamiento de problemas dentales, nuestro equipo brinda atenci\u00f3n b\u00e1sica a pacientes de todas las edades, incluyendo ex\u00e1menes dentales, limpiezas, tratamiento de caries, enfermedades de las enc\u00edas, endodoncias, extracciones dentales, pr\u00f3tesis dentales y educaci\u00f3n sobre higiene oral adecuada.","og_url":"https:\/\/leonardsuarez.com.co\/en\/odontologia-general\/","og_site_name":"Leonard Suarez","article_publisher":"https:\/\/www.facebook.com\/profile.php?id=100031093253979","article_modified_time":"2025-12-17T02:05:00+00:00","og_image":[{"width":2560,"height":1707,"url":"https:\/\/leonardsuarez.com.co\/wp-content\/uploads\/2023\/06\/2-2-scaled.jpg","type":"image\/jpeg"}],"twitter_card":"summary_large_image","twitter_title":"Odontolog\u00eda general","twitter_description":"La odontolog\u00eda general se enfoca en el diagn\u00f3stico, prevenci\u00f3n y tratamiento de problemas dentales, nuestro equipo brinda atenci\u00f3n b\u00e1sica a pacientes de todas las edades, incluyendo ex\u00e1menes dentales, limpiezas, tratamiento de caries, enfermedades de las enc\u00edas, endodoncias, extracciones dentales, pr\u00f3tesis dentales y educaci\u00f3n sobre higiene oral adecuada.","twitter_image":"https:\/\/leonardsuarez.com.co\/wp-content\/uploads\/2023\/06\/2-2-scaled.jpg","twitter_misc":{"Est. reading time":"2 minutes"},"schema":{"@context":"https:\/\/schema.org","@graph":[{"@type":"WebPage","@id":"https:\/\/leonardsuarez.com.co\/odontologia-general\/","url":"https:\/\/leonardsuarez.com.co\/odontologia-general\/","name":"Odontolog\u00eda General\u00a0 - Leonard Suarez","isPartOf":{"@id":"https:\/\/leonardsuarez.com.co\/#website"},"primaryImageOfPage":{"@id":"https:\/\/leonardsuarez.com.co\/odontologia-general\/#primaryimage"},"image":{"@id":"https:\/\/leonardsuarez.com.co\/odontologia-general\/#primaryimage"},"thumbnailUrl":"https:\/\/leonardsuarez.com.co\/wp-content\/uploads\/2023\/06\/2-2-scaled.jpg","datePublished":"2023-06-20T21:18:26+00:00","dateModified":"2025-12-17T02:05:00+00:00","description":"Odontolog\u00eda general en Santa Marta para ni\u00f1os y adultos. Ex\u00e1menes, limpiezas, tratamiento de caries y cuidado preventivo con atenci\u00f3n profesional y personalizada. Agenda tu cita hoy.","breadcrumb":{"@id":"https:\/\/leonardsuarez.com.co\/odontologia-general\/#breadcrumb"},"inLanguage":"en-US","potentialAction":[{"@type":"ReadAction","target":["https:\/\/leonardsuarez.com.co\/odontologia-general\/"]}]},{"@type":"ImageObject","inLanguage":"en-US","@id":"https:\/\/leonardsuarez.com.co\/odontologia-general\/#primaryimage","url":"https:\/\/leonardsuarez.com.co\/wp-content\/uploads\/2023\/06\/2-2-scaled.jpg","contentUrl":"https:\/\/leonardsuarez.com.co\/wp-content\/uploads\/2023\/06\/2-2-scaled.jpg","width":2560,"height":1707},{"@type":"BreadcrumbList","@id":"https:\/\/leonardsuarez.com.co\/odontologia-general\/#breadcrumb","itemListElement":[{"@type":"ListItem","position":1,"name":"Home","item":"https:\/\/leonardsuarez.com.co\/"},{"@type":"ListItem","position":2,"name":"Odontolog\u00eda General\u00a0"}]},{"@type":"WebSite","@id":"https:\/\/leonardsuarez.com.co\/#website","url":"https:\/\/leonardsuarez.com.co\/","name":"Leonard Suarez","description":"Rehabilitaci\u00f3n oral","publisher":{"@id":"https:\/\/leonardsuarez.com.co\/#organization"},"potentialAction":[{"@type":"SearchAction","target":{"@type":"EntryPoint","urlTemplate":"https:\/\/leonardsuarez.com.co\/?s={search_term_string}"},"query-input":{"@type":"PropertyValueSpecification","valueRequired":true,"valueName":"search_term_string"}}],"inLanguage":"en-US"},{"@type":"Organization","@id":"https:\/\/leonardsuarez.com.co\/#organization","name":"Leonard Suarez","url":"https:\/\/leonardsuarez.com.co\/","logo":{"@type":"ImageObject","inLanguage":"en-US","@id":"https:\/\/leonardsuarez.com.co\/#\/schema\/logo\/image\/","url":"https:\/\/leonardsuarez.com.co\/wp-content\/uploads\/2019\/08\/lOG-D-02-02.png","contentUrl":"https:\/\/leonardsuarez.com.co\/wp-content\/uploads\/2019\/08\/lOG-D-02-02.png","width":507,"height":129,"caption":"Leonard Suarez"},"image":{"@id":"https:\/\/leonardsuarez.com.co\/#\/schema\/logo\/image\/"},"sameAs":["https:\/\/www.facebook.com\/profile.php?id=100031093253979","https:\/\/www.instagram.com\/leonardsuarez_odontologo\/"]}]}},"_links":{"self":[{"href":"https:\/\/leonardsuarez.com.co\/en\/wp-json\/wp\/v2\/pages\/5849","targetHints":{"allow":["GET"]}}],"collection":[{"href":"https:\/\/leonardsuarez.com.co\/en\/wp-json\/wp\/v2\/pages"}],"about":[{"href":"https:\/\/leonardsuarez.com.co\/en\/wp-json\/wp\/v2\/types\/page"}],"author":[{"embeddable":true,"href":"https:\/\/leonardsuarez.com.co\/en\/wp-json\/wp\/v2\/users\/1"}],"replies":[{"embeddable":true,"href":"https:\/\/leonardsuarez.com.co\/en\/wp-json\/wp\/v2\/comments?post=5849"}],"version-history":[{"count":38,"href":"https:\/\/leonardsuarez.com.co\/en\/wp-json\/wp\/v2\/pages\/5849\/revisions"}],"predecessor-version":[{"id":6680,"href":"https:\/\/leonardsuarez.com.co\/en\/wp-json\/wp\/v2\/pages\/5849\/revisions\/6680"}],"wp:featuredmedia":[{"embeddable":true,"href":"https:\/\/leonardsuarez.com.co\/en\/wp-json\/wp\/v2\/media\/6180"}],"wp:attachment":[{"href":"https:\/\/leonardsuarez.com.co\/en\/wp-json\/wp\/v2\/media?parent=5849"}],"curies":[{"name":"wp","href":"https:\/\/api.w.org\/{rel}","templated":true}]}}