{"id":5863,"date":"2023-06-20T21:30:11","date_gmt":"2023-06-20T21:30:11","guid":{"rendered":"https:\/\/leonardsuarez.com.co\/?page_id=5863"},"modified":"2025-12-17T02:02:57","modified_gmt":"2025-12-17T02:02:57","slug":"ortodoncia","status":"publish","type":"page","link":"https:\/\/leonardsuarez.com.co\/en\/ortodoncia\/","title":{"rendered":"Orthodontics"},"content":{"rendered":"<div data-elementor-type=\"wp-page\" data-elementor-id=\"5863\" class=\"elementor elementor-5863\">\n\t\t\t\t\t\t<section class=\"elementor-section elementor-top-section elementor-element elementor-element-20f04a50 elementor-section-stretched elementor-section-boxed elementor-section-height-default elementor-section-height-default\" data-id=\"20f04a50\" data-element_type=\"section\" data-settings=\"{&quot;stretch_section&quot;:&quot;section-stretched&quot;,&quot;background_background&quot;:&quot;classic&quot;,&quot;shape_divider_top&quot;:&quot;waves&quot;,&quot;shape_divider_bottom&quot;:&quot;waves&quot;}\">\n\t\t\t\t\t<div class=\"elementor-shape elementor-shape-top\" data-negative=\"false\">\n\t\t\t<svg xmlns=\"http:\/\/www.w3.org\/2000\/svg\" viewbox=\"0 0 1000 100\" preserveaspectratio=\"none\">\n\t<path class=\"elementor-shape-fill\" d=\"M421.9,6.5c22.6-2.5,51.5,0.4,75.5,5.3c23.6,4.9,70.9,23.5,100.5,35.7c75.8,32.2,133.7,44.5,192.6,49.7\tc23.6,2.1,48.7,3.5,103.4-2.5c54.7-6,106.2-25.6,106.2-25.6V0H0v30.3c0,0,72,32.6,158.4,30.5c39.2-0.7,92.8-6.7,134-22.4\tc21.2-8.1,52.2-18.2,79.7-24.2C399.3,7.9,411.6,7.5,421.9,6.5z\"\/>\n<\/svg>\t\t<\/div>\n\t\t\t\t<div class=\"elementor-shape elementor-shape-bottom\" data-negative=\"false\">\n\t\t\t<svg xmlns=\"http:\/\/www.w3.org\/2000\/svg\" viewbox=\"0 0 1000 100\" preserveaspectratio=\"none\">\n\t<path class=\"elementor-shape-fill\" d=\"M421.9,6.5c22.6-2.5,51.5,0.4,75.5,5.3c23.6,4.9,70.9,23.5,100.5,35.7c75.8,32.2,133.7,44.5,192.6,49.7\tc23.6,2.1,48.7,3.5,103.4-2.5c54.7-6,106.2-25.6,106.2-25.6V0H0v30.3c0,0,72,32.6,158.4,30.5c39.2-0.7,92.8-6.7,134-22.4\tc21.2-8.1,52.2-18.2,79.7-24.2C399.3,7.9,411.6,7.5,421.9,6.5z\"\/>\n<\/svg>\t\t<\/div>\n\t\t\t\t\t<div class=\"elementor-container elementor-column-gap-default\">\n\t\t\t\t\t<div class=\"elementor-column elementor-col-100 elementor-top-column elementor-element elementor-element-c978ea4\" data-id=\"c978ea4\" data-element_type=\"column\">\n\t\t\t<div class=\"elementor-widget-wrap elementor-element-populated\">\n\t\t\t\t\t\t<section class=\"elementor-section elementor-inner-section elementor-element elementor-element-8e0f966 elementor-section-boxed elementor-section-height-default elementor-section-height-default\" data-id=\"8e0f966\" data-element_type=\"section\">\n\t\t\t\t\t\t<div class=\"elementor-container elementor-column-gap-default\">\n\t\t\t\t\t<div class=\"elementor-column elementor-col-100 elementor-inner-column elementor-element elementor-element-d348131\" data-id=\"d348131\" data-element_type=\"column\">\n\t\t\t<div class=\"elementor-widget-wrap elementor-element-populated\">\n\t\t\t\t\t\t<div class=\"elementor-element elementor-element-1d91e77 elementor-widget elementor-widget-heading\" data-id=\"1d91e77\" data-element_type=\"widget\" data-widget_type=\"heading.default\">\n\t\t\t\t<div class=\"elementor-widget-container\">\n\t\t\t\t\t<h1 class=\"elementor-heading-title elementor-size-default\"><div class=\"cssanimation sequence leAboundRight\">Orthodontics<\/div><\/h1>\t\t\t\t<\/div>\n\t\t\t\t<\/div>\n\t\t\t\t\t<\/div>\n\t\t<\/div>\n\t\t\t\t\t<\/div>\n\t\t<\/section>\n\t\t\t\t<div class=\"elementor-element elementor-element-7af33af5 elementor-widget elementor-widget-text-editor\" data-id=\"7af33af5\" data-element_type=\"widget\" data-settings=\"{&quot;_animation_mobile&quot;:&quot;none&quot;}\" data-widget_type=\"text-editor.default\">\n\t\t\t\t<div class=\"elementor-widget-container\">\n\t\t\t\t\t\t\t\t\tOrthodontics is a dental specialty that focuses on the diagnosis, prevention, and treatment of issues related to maxillofacial structures, as well as the alignment and position of teeth. The main goal of orthodontics is to correct malocclusion, meaning the misalignment of teeth and the jaw, achieving improved chewing function and an aesthetically pleasing smile.\t\t\t\t\t\t\t\t<\/div>\n\t\t\t\t<\/div>\n\t\t\t\t\t<\/div>\n\t\t<\/div>\n\t\t\t\t\t<\/div>\n\t\t<\/section>\n\t\t\t\t<section class=\"elementor-section elementor-top-section elementor-element elementor-element-8d4d3ef elementor-section-height-min-height elementor-section-content-middle elementor-section-boxed elementor-section-height-default elementor-section-items-middle\" data-id=\"8d4d3ef\" data-element_type=\"section\">\n\t\t\t\t\t\t<div class=\"elementor-container elementor-column-gap-default\">\n\t\t\t\t\t<div class=\"elementor-column elementor-col-33 elementor-top-column elementor-element elementor-element-1ce6c6a\" data-id=\"1ce6c6a\" data-element_type=\"column\">\n\t\t\t<div class=\"elementor-widget-wrap elementor-element-populated\">\n\t\t\t\t\t\t<div class=\"elementor-element elementor-element-6413cc9 elementor-widget elementor-widget-image\" data-id=\"6413cc9\" data-element_type=\"widget\" data-widget_type=\"image.default\">\n\t\t\t\t<div class=\"elementor-widget-container\">\n\t\t\t\t\t\t\t\t\t\t\t\t\t\t\t<img fetchpriority=\"high\" decoding=\"async\" width=\"800\" height=\"534\" src=\"https:\/\/leonardsuarez.com.co\/wp-content\/uploads\/2023\/06\/Tratamiento_de_ortodoncia_autoligado-1-scaled-1-1024x683.jpg\" class=\"attachment-large size-large wp-image-6169\" alt=\"tratamiento de ortodoncia\" srcset=\"https:\/\/leonardsuarez.com.co\/wp-content\/uploads\/2023\/06\/Tratamiento_de_ortodoncia_autoligado-1-scaled-1-1024x683.jpg 1024w, https:\/\/leonardsuarez.com.co\/wp-content\/uploads\/2023\/06\/Tratamiento_de_ortodoncia_autoligado-1-scaled-1-300x200.jpg 300w, https:\/\/leonardsuarez.com.co\/wp-content\/uploads\/2023\/06\/Tratamiento_de_ortodoncia_autoligado-1-scaled-1-768x512.jpg 768w, https:\/\/leonardsuarez.com.co\/wp-content\/uploads\/2023\/06\/Tratamiento_de_ortodoncia_autoligado-1-scaled-1-1536x1024.jpg 1536w, https:\/\/leonardsuarez.com.co\/wp-content\/uploads\/2023\/06\/Tratamiento_de_ortodoncia_autoligado-1-scaled-1-2048x1366.jpg 2048w, https:\/\/leonardsuarez.com.co\/wp-content\/uploads\/2023\/06\/Tratamiento_de_ortodoncia_autoligado-1-scaled-1-18x12.jpg 18w, https:\/\/leonardsuarez.com.co\/wp-content\/uploads\/2023\/06\/Tratamiento_de_ortodoncia_autoligado-1-scaled-1-600x400.jpg 600w\" sizes=\"(max-width: 800px) 100vw, 800px\" \/>\t\t\t\t\t\t\t\t\t\t\t\t\t\t\t<\/div>\n\t\t\t\t<\/div>\n\t\t\t\t\t<\/div>\n\t\t<\/div>\n\t\t\t\t<div class=\"elementor-column elementor-col-33 elementor-top-column elementor-element elementor-element-a8c253f\" data-id=\"a8c253f\" data-element_type=\"column\">\n\t\t\t<div class=\"elementor-widget-wrap elementor-element-populated\">\n\t\t\t\t\t\t<div class=\"elementor-element elementor-element-d57ee92 elementor-widget elementor-widget-image\" data-id=\"d57ee92\" data-element_type=\"widget\" data-widget_type=\"image.default\">\n\t\t\t\t<div class=\"elementor-widget-container\">\n\t\t\t\t\t\t\t\t\t\t\t\t\t\t\t<img decoding=\"async\" width=\"800\" height=\"534\" src=\"https:\/\/leonardsuarez.com.co\/wp-content\/uploads\/2023\/06\/retrato-joven-rubio-mujer-1024x683.jpg\" class=\"attachment-large size-large wp-image-6170\" alt=\"\" srcset=\"https:\/\/leonardsuarez.com.co\/wp-content\/uploads\/2023\/06\/retrato-joven-rubio-mujer-1024x683.jpg 1024w, https:\/\/leonardsuarez.com.co\/wp-content\/uploads\/2023\/06\/retrato-joven-rubio-mujer-300x200.jpg 300w, https:\/\/leonardsuarez.com.co\/wp-content\/uploads\/2023\/06\/retrato-joven-rubio-mujer-768x512.jpg 768w, https:\/\/leonardsuarez.com.co\/wp-content\/uploads\/2023\/06\/retrato-joven-rubio-mujer-1536x1024.jpg 1536w, https:\/\/leonardsuarez.com.co\/wp-content\/uploads\/2023\/06\/retrato-joven-rubio-mujer-2048x1365.jpg 2048w, https:\/\/leonardsuarez.com.co\/wp-content\/uploads\/2023\/06\/retrato-joven-rubio-mujer-18x12.jpg 18w, https:\/\/leonardsuarez.com.co\/wp-content\/uploads\/2023\/06\/retrato-joven-rubio-mujer-600x400.jpg 600w\" sizes=\"(max-width: 800px) 100vw, 800px\" \/>\t\t\t\t\t\t\t\t\t\t\t\t\t\t\t<\/div>\n\t\t\t\t<\/div>\n\t\t\t\t\t<\/div>\n\t\t<\/div>\n\t\t\t\t<div class=\"elementor-column elementor-col-33 elementor-top-column elementor-element elementor-element-49e501b\" data-id=\"49e501b\" data-element_type=\"column\">\n\t\t\t<div class=\"elementor-widget-wrap elementor-element-populated\">\n\t\t\t\t\t\t<div class=\"elementor-element elementor-element-118f34b elementor-widget elementor-widget-image\" data-id=\"118f34b\" data-element_type=\"widget\" data-widget_type=\"image.default\">\n\t\t\t\t<div class=\"elementor-widget-container\">\n\t\t\t\t\t\t\t\t\t\t\t\t\t\t\t<img decoding=\"async\" width=\"800\" height=\"534\" src=\"https:\/\/leonardsuarez.com.co\/wp-content\/uploads\/2023\/06\/mujer-que-usa-aparatos-ortodoncicos-invisibles-silicona-1024x683.jpg\" class=\"attachment-large size-large wp-image-6172\" alt=\"ortodoncia invisible\" srcset=\"https:\/\/leonardsuarez.com.co\/wp-content\/uploads\/2023\/06\/mujer-que-usa-aparatos-ortodoncicos-invisibles-silicona-1024x683.jpg 1024w, https:\/\/leonardsuarez.com.co\/wp-content\/uploads\/2023\/06\/mujer-que-usa-aparatos-ortodoncicos-invisibles-silicona-300x200.jpg 300w, https:\/\/leonardsuarez.com.co\/wp-content\/uploads\/2023\/06\/mujer-que-usa-aparatos-ortodoncicos-invisibles-silicona-768x512.jpg 768w, https:\/\/leonardsuarez.com.co\/wp-content\/uploads\/2023\/06\/mujer-que-usa-aparatos-ortodoncicos-invisibles-silicona-1536x1024.jpg 1536w, https:\/\/leonardsuarez.com.co\/wp-content\/uploads\/2023\/06\/mujer-que-usa-aparatos-ortodoncicos-invisibles-silicona-2048x1365.jpg 2048w, https:\/\/leonardsuarez.com.co\/wp-content\/uploads\/2023\/06\/mujer-que-usa-aparatos-ortodoncicos-invisibles-silicona-18x12.jpg 18w, https:\/\/leonardsuarez.com.co\/wp-content\/uploads\/2023\/06\/mujer-que-usa-aparatos-ortodoncicos-invisibles-silicona-600x400.jpg 600w\" sizes=\"(max-width: 800px) 100vw, 800px\" \/>\t\t\t\t\t\t\t\t\t\t\t\t\t\t\t<\/div>\n\t\t\t\t<\/div>\n\t\t\t\t\t<\/div>\n\t\t<\/div>\n\t\t\t\t\t<\/div>\n\t\t<\/section>\n\t\t\t\t<\/div>","protected":false},"excerpt":{"rendered":"<p>Ortodoncia La ortodoncia es una especialidad de la odontolog\u00eda que se enfoca en el diagn\u00f3stico, prevenci\u00f3n y tratamiento de problemas relacionados con las estructuras maxilofaciales, la alineaci\u00f3n y posici\u00f3n de los dientes.\u00a0 El objetivo principal de la ortodoncia es corregir la maloclusi\u00f3n, es decir; la mala alineaci\u00f3n de los dientes y la mand\u00edbula, logrando una [&hellip;]<\/p>","protected":false},"author":1,"featured_media":6169,"parent":0,"menu_order":0,"comment_status":"closed","ping_status":"closed","template":"elementor_header_footer","meta":{"footnotes":""},"class_list":["post-5863","page","type-page","status-publish","has-post-thumbnail","hentry"],"yoast_head":"<!-- This site is optimized with the Yoast SEO plugin v26.5 - https:\/\/yoast.com\/wordpress\/plugins\/seo\/ -->\n<title>Ortodoncia - Leonard Suarez<\/title>\n<meta name=\"description\" content=\"Ortodoncia en Santa Marta con especialistas en alineaci\u00f3n dental y correcci\u00f3n de mordida. resultados funcionales y est\u00e9ticos\" \/>\n<meta name=\"robots\" content=\"index, follow, max-snippet:-1, max-image-preview:large, max-video-preview:-1\" \/>\n<link rel=\"canonical\" href=\"https:\/\/leonardsuarez.com.co\/en\/ortodoncia\/\" \/>\n<meta property=\"og:locale\" content=\"en_US\" \/>\n<meta property=\"og:type\" content=\"article\" \/>\n<meta property=\"og:title\" content=\"Ortodoncia\" \/>\n<meta property=\"og:description\" content=\"La ortodoncia es una especialidad de la odontolog\u00eda que se enfoca en el diagn\u00f3stico, prevenci\u00f3n y tratamiento de problemas relacionados con las estructuras maxilofaciales, la alineaci\u00f3n y posici\u00f3n de los dientes. El objetivo principal de la ortodoncia es corregir la maloclusi\u00f3n, es decir; la mala alineaci\u00f3n de los dientes y la mand\u00edbula, logrando una mejor funci\u00f3n masticatoria y una sonrisa est\u00e9ticamente agradable.\" \/>\n<meta property=\"og:url\" content=\"https:\/\/leonardsuarez.com.co\/en\/ortodoncia\/\" \/>\n<meta property=\"og:site_name\" content=\"Leonard Suarez\" \/>\n<meta property=\"article:publisher\" content=\"https:\/\/www.facebook.com\/profile.php?id=100031093253979\" \/>\n<meta property=\"article:modified_time\" content=\"2025-12-17T02:02:57+00:00\" \/>\n<meta property=\"og:image\" content=\"https:\/\/leonardsuarez.com.co\/wp-content\/uploads\/2023\/06\/Tratamiento_de_ortodoncia_autoligado-1-scaled-1.jpg\" \/>\n\t<meta property=\"og:image:width\" content=\"2560\" \/>\n\t<meta property=\"og:image:height\" content=\"1707\" \/>\n\t<meta property=\"og:image:type\" content=\"image\/jpeg\" \/>\n<meta name=\"twitter:card\" content=\"summary_large_image\" \/>\n<meta name=\"twitter:title\" content=\"Ortodoncia\" \/>\n<meta name=\"twitter:description\" content=\"La ortodoncia es una especialidad de la odontolog\u00eda que se enfoca en el diagn\u00f3stico, prevenci\u00f3n y tratamiento de problemas relacionados con las estructuras maxilofaciales, la alineaci\u00f3n y posici\u00f3n de los dientes. El objetivo principal de la ortodoncia es corregir la maloclusi\u00f3n, es decir; la mala alineaci\u00f3n de los dientes y la mand\u00edbula, logrando una mejor funci\u00f3n masticatoria y una sonrisa est\u00e9ticamente agradable.\" \/>\n<meta name=\"twitter:image\" content=\"https:\/\/leonardsuarez.com.co\/wp-content\/uploads\/2023\/06\/Tratamiento_de_ortodoncia_autoligado-1-scaled-1.jpg\" \/>\n<meta name=\"twitter:label1\" content=\"Est. reading time\" \/>\n\t<meta name=\"twitter:data1\" content=\"2 minutes\" \/>\n<script type=\"application\/ld+json\" class=\"yoast-schema-graph\">{\"@context\":\"https:\/\/schema.org\",\"@graph\":[{\"@type\":\"WebPage\",\"@id\":\"https:\/\/leonardsuarez.com.co\/ortodoncia\/\",\"url\":\"https:\/\/leonardsuarez.com.co\/ortodoncia\/\",\"name\":\"Ortodoncia - Leonard Suarez\",\"isPartOf\":{\"@id\":\"https:\/\/leonardsuarez.com.co\/#website\"},\"primaryImageOfPage\":{\"@id\":\"https:\/\/leonardsuarez.com.co\/ortodoncia\/#primaryimage\"},\"image\":{\"@id\":\"https:\/\/leonardsuarez.com.co\/ortodoncia\/#primaryimage\"},\"thumbnailUrl\":\"https:\/\/leonardsuarez.com.co\/wp-content\/uploads\/2023\/06\/Tratamiento_de_ortodoncia_autoligado-1-scaled-1.jpg\",\"datePublished\":\"2023-06-20T21:30:11+00:00\",\"dateModified\":\"2025-12-17T02:02:57+00:00\",\"description\":\"Ortodoncia en Santa Marta con especialistas en alineaci\u00f3n dental y correcci\u00f3n de mordida. resultados funcionales y est\u00e9ticos\",\"breadcrumb\":{\"@id\":\"https:\/\/leonardsuarez.com.co\/ortodoncia\/#breadcrumb\"},\"inLanguage\":\"en-US\",\"potentialAction\":[{\"@type\":\"ReadAction\",\"target\":[\"https:\/\/leonardsuarez.com.co\/ortodoncia\/\"]}]},{\"@type\":\"ImageObject\",\"inLanguage\":\"en-US\",\"@id\":\"https:\/\/leonardsuarez.com.co\/ortodoncia\/#primaryimage\",\"url\":\"https:\/\/leonardsuarez.com.co\/wp-content\/uploads\/2023\/06\/Tratamiento_de_ortodoncia_autoligado-1-scaled-1.jpg\",\"contentUrl\":\"https:\/\/leonardsuarez.com.co\/wp-content\/uploads\/2023\/06\/Tratamiento_de_ortodoncia_autoligado-1-scaled-1.jpg\",\"width\":2560,\"height\":1707,\"caption\":\"tratamiento de ortodoncia\"},{\"@type\":\"BreadcrumbList\",\"@id\":\"https:\/\/leonardsuarez.com.co\/ortodoncia\/#breadcrumb\",\"itemListElement\":[{\"@type\":\"ListItem\",\"position\":1,\"name\":\"Home\",\"item\":\"https:\/\/leonardsuarez.com.co\/\"},{\"@type\":\"ListItem\",\"position\":2,\"name\":\"Ortodoncia\"}]},{\"@type\":\"WebSite\",\"@id\":\"https:\/\/leonardsuarez.com.co\/#website\",\"url\":\"https:\/\/leonardsuarez.com.co\/\",\"name\":\"Leonard Suarez\",\"description\":\"Rehabilitaci\u00f3n oral\",\"publisher\":{\"@id\":\"https:\/\/leonardsuarez.com.co\/#organization\"},\"potentialAction\":[{\"@type\":\"SearchAction\",\"target\":{\"@type\":\"EntryPoint\",\"urlTemplate\":\"https:\/\/leonardsuarez.com.co\/?s={search_term_string}\"},\"query-input\":{\"@type\":\"PropertyValueSpecification\",\"valueRequired\":true,\"valueName\":\"search_term_string\"}}],\"inLanguage\":\"en-US\"},{\"@type\":\"Organization\",\"@id\":\"https:\/\/leonardsuarez.com.co\/#organization\",\"name\":\"Leonard Suarez\",\"url\":\"https:\/\/leonardsuarez.com.co\/\",\"logo\":{\"@type\":\"ImageObject\",\"inLanguage\":\"en-US\",\"@id\":\"https:\/\/leonardsuarez.com.co\/#\/schema\/logo\/image\/\",\"url\":\"https:\/\/leonardsuarez.com.co\/wp-content\/uploads\/2019\/08\/lOG-D-02-02.png\",\"contentUrl\":\"https:\/\/leonardsuarez.com.co\/wp-content\/uploads\/2019\/08\/lOG-D-02-02.png\",\"width\":507,\"height\":129,\"caption\":\"Leonard Suarez\"},\"image\":{\"@id\":\"https:\/\/leonardsuarez.com.co\/#\/schema\/logo\/image\/\"},\"sameAs\":[\"https:\/\/www.facebook.com\/profile.php?id=100031093253979\",\"https:\/\/www.instagram.com\/leonardsuarez_odontologo\/\"]}]}<\/script>\n<!-- \/ Yoast SEO plugin. -->","yoast_head_json":{"title":"Ortodoncia - Leonard Suarez","description":"Ortodoncia en Santa Marta con especialistas en alineaci\u00f3n dental y correcci\u00f3n de mordida. resultados funcionales y est\u00e9ticos","robots":{"index":"index","follow":"follow","max-snippet":"max-snippet:-1","max-image-preview":"max-image-preview:large","max-video-preview":"max-video-preview:-1"},"canonical":"https:\/\/leonardsuarez.com.co\/en\/ortodoncia\/","og_locale":"en_US","og_type":"article","og_title":"Ortodoncia","og_description":"La ortodoncia es una especialidad de la odontolog\u00eda que se enfoca en el diagn\u00f3stico, prevenci\u00f3n y tratamiento de problemas relacionados con las estructuras maxilofaciales, la alineaci\u00f3n y posici\u00f3n de los dientes. El objetivo principal de la ortodoncia es corregir la maloclusi\u00f3n, es decir; la mala alineaci\u00f3n de los dientes y la mand\u00edbula, logrando una mejor funci\u00f3n masticatoria y una sonrisa est\u00e9ticamente agradable.","og_url":"https:\/\/leonardsuarez.com.co\/en\/ortodoncia\/","og_site_name":"Leonard Suarez","article_publisher":"https:\/\/www.facebook.com\/profile.php?id=100031093253979","article_modified_time":"2025-12-17T02:02:57+00:00","og_image":[{"width":2560,"height":1707,"url":"https:\/\/leonardsuarez.com.co\/wp-content\/uploads\/2023\/06\/Tratamiento_de_ortodoncia_autoligado-1-scaled-1.jpg","type":"image\/jpeg"}],"twitter_card":"summary_large_image","twitter_title":"Ortodoncia","twitter_description":"La ortodoncia es una especialidad de la odontolog\u00eda que se enfoca en el diagn\u00f3stico, prevenci\u00f3n y tratamiento de problemas relacionados con las estructuras maxilofaciales, la alineaci\u00f3n y posici\u00f3n de los dientes. El objetivo principal de la ortodoncia es corregir la maloclusi\u00f3n, es decir; la mala alineaci\u00f3n de los dientes y la mand\u00edbula, logrando una mejor funci\u00f3n masticatoria y una sonrisa est\u00e9ticamente agradable.","twitter_image":"https:\/\/leonardsuarez.com.co\/wp-content\/uploads\/2023\/06\/Tratamiento_de_ortodoncia_autoligado-1-scaled-1.jpg","twitter_misc":{"Est. reading time":"2 minutes"},"schema":{"@context":"https:\/\/schema.org","@graph":[{"@type":"WebPage","@id":"https:\/\/leonardsuarez.com.co\/ortodoncia\/","url":"https:\/\/leonardsuarez.com.co\/ortodoncia\/","name":"Ortodoncia - Leonard Suarez","isPartOf":{"@id":"https:\/\/leonardsuarez.com.co\/#website"},"primaryImageOfPage":{"@id":"https:\/\/leonardsuarez.com.co\/ortodoncia\/#primaryimage"},"image":{"@id":"https:\/\/leonardsuarez.com.co\/ortodoncia\/#primaryimage"},"thumbnailUrl":"https:\/\/leonardsuarez.com.co\/wp-content\/uploads\/2023\/06\/Tratamiento_de_ortodoncia_autoligado-1-scaled-1.jpg","datePublished":"2023-06-20T21:30:11+00:00","dateModified":"2025-12-17T02:02:57+00:00","description":"Ortodoncia en Santa Marta con especialistas en alineaci\u00f3n dental y correcci\u00f3n de mordida. resultados funcionales y est\u00e9ticos","breadcrumb":{"@id":"https:\/\/leonardsuarez.com.co\/ortodoncia\/#breadcrumb"},"inLanguage":"en-US","potentialAction":[{"@type":"ReadAction","target":["https:\/\/leonardsuarez.com.co\/ortodoncia\/"]}]},{"@type":"ImageObject","inLanguage":"en-US","@id":"https:\/\/leonardsuarez.com.co\/ortodoncia\/#primaryimage","url":"https:\/\/leonardsuarez.com.co\/wp-content\/uploads\/2023\/06\/Tratamiento_de_ortodoncia_autoligado-1-scaled-1.jpg","contentUrl":"https:\/\/leonardsuarez.com.co\/wp-content\/uploads\/2023\/06\/Tratamiento_de_ortodoncia_autoligado-1-scaled-1.jpg","width":2560,"height":1707,"caption":"tratamiento de ortodoncia"},{"@type":"BreadcrumbList","@id":"https:\/\/leonardsuarez.com.co\/ortodoncia\/#breadcrumb","itemListElement":[{"@type":"ListItem","position":1,"name":"Home","item":"https:\/\/leonardsuarez.com.co\/"},{"@type":"ListItem","position":2,"name":"Ortodoncia"}]},{"@type":"WebSite","@id":"https:\/\/leonardsuarez.com.co\/#website","url":"https:\/\/leonardsuarez.com.co\/","name":"Leonard Suarez","description":"Rehabilitaci\u00f3n oral","publisher":{"@id":"https:\/\/leonardsuarez.com.co\/#organization"},"potentialAction":[{"@type":"SearchAction","target":{"@type":"EntryPoint","urlTemplate":"https:\/\/leonardsuarez.com.co\/?s={search_term_string}"},"query-input":{"@type":"PropertyValueSpecification","valueRequired":true,"valueName":"search_term_string"}}],"inLanguage":"en-US"},{"@type":"Organization","@id":"https:\/\/leonardsuarez.com.co\/#organization","name":"Leonard Suarez","url":"https:\/\/leonardsuarez.com.co\/","logo":{"@type":"ImageObject","inLanguage":"en-US","@id":"https:\/\/leonardsuarez.com.co\/#\/schema\/logo\/image\/","url":"https:\/\/leonardsuarez.com.co\/wp-content\/uploads\/2019\/08\/lOG-D-02-02.png","contentUrl":"https:\/\/leonardsuarez.com.co\/wp-content\/uploads\/2019\/08\/lOG-D-02-02.png","width":507,"height":129,"caption":"Leonard Suarez"},"image":{"@id":"https:\/\/leonardsuarez.com.co\/#\/schema\/logo\/image\/"},"sameAs":["https:\/\/www.facebook.com\/profile.php?id=100031093253979","https:\/\/www.instagram.com\/leonardsuarez_odontologo\/"]}]}},"_links":{"self":[{"href":"https:\/\/leonardsuarez.com.co\/en\/wp-json\/wp\/v2\/pages\/5863","targetHints":{"allow":["GET"]}}],"collection":[{"href":"https:\/\/leonardsuarez.com.co\/en\/wp-json\/wp\/v2\/pages"}],"about":[{"href":"https:\/\/leonardsuarez.com.co\/en\/wp-json\/wp\/v2\/types\/page"}],"author":[{"embeddable":true,"href":"https:\/\/leonardsuarez.com.co\/en\/wp-json\/wp\/v2\/users\/1"}],"replies":[{"embeddable":true,"href":"https:\/\/leonardsuarez.com.co\/en\/wp-json\/wp\/v2\/comments?post=5863"}],"version-history":[{"count":38,"href":"https:\/\/leonardsuarez.com.co\/en\/wp-json\/wp\/v2\/pages\/5863\/revisions"}],"predecessor-version":[{"id":6676,"href":"https:\/\/leonardsuarez.com.co\/en\/wp-json\/wp\/v2\/pages\/5863\/revisions\/6676"}],"wp:featuredmedia":[{"embeddable":true,"href":"https:\/\/leonardsuarez.com.co\/en\/wp-json\/wp\/v2\/media\/6169"}],"wp:attachment":[{"href":"https:\/\/leonardsuarez.com.co\/en\/wp-json\/wp\/v2\/media?parent=5863"}],"curies":[{"name":"wp","href":"https:\/\/api.w.org\/{rel}","templated":true}]}}