{"id":5887,"date":"2023-06-21T17:38:25","date_gmt":"2023-06-21T17:38:25","guid":{"rendered":"https:\/\/leonardsuarez.com.co\/?page_id=5887"},"modified":"2025-12-07T15:33:07","modified_gmt":"2025-12-07T15:33:07","slug":"diseno-de-sonrisa","status":"publish","type":"page","link":"https:\/\/leonardsuarez.com.co\/en\/diseno-de-sonrisa\/","title":{"rendered":"Smile Design"},"content":{"rendered":"<div data-elementor-type=\"wp-page\" data-elementor-id=\"5887\" class=\"elementor elementor-5887\">\n\t\t\t\t\t\t<section class=\"elementor-section elementor-top-section elementor-element elementor-element-20f04a50 elementor-section-stretched elementor-section-boxed elementor-section-height-default elementor-section-height-default\" data-id=\"20f04a50\" data-element_type=\"section\" data-settings=\"{&quot;stretch_section&quot;:&quot;section-stretched&quot;,&quot;background_background&quot;:&quot;classic&quot;,&quot;shape_divider_top&quot;:&quot;waves&quot;,&quot;shape_divider_bottom&quot;:&quot;waves&quot;}\">\n\t\t\t\t\t<div class=\"elementor-shape elementor-shape-top\" data-negative=\"false\">\n\t\t\t<svg xmlns=\"http:\/\/www.w3.org\/2000\/svg\" viewbox=\"0 0 1000 100\" preserveaspectratio=\"none\">\n\t<path class=\"elementor-shape-fill\" d=\"M421.9,6.5c22.6-2.5,51.5,0.4,75.5,5.3c23.6,4.9,70.9,23.5,100.5,35.7c75.8,32.2,133.7,44.5,192.6,49.7\tc23.6,2.1,48.7,3.5,103.4-2.5c54.7-6,106.2-25.6,106.2-25.6V0H0v30.3c0,0,72,32.6,158.4,30.5c39.2-0.7,92.8-6.7,134-22.4\tc21.2-8.1,52.2-18.2,79.7-24.2C399.3,7.9,411.6,7.5,421.9,6.5z\"\/>\n<\/svg>\t\t<\/div>\n\t\t\t\t<div class=\"elementor-shape elementor-shape-bottom\" data-negative=\"false\">\n\t\t\t<svg xmlns=\"http:\/\/www.w3.org\/2000\/svg\" viewbox=\"0 0 1000 100\" preserveaspectratio=\"none\">\n\t<path class=\"elementor-shape-fill\" d=\"M421.9,6.5c22.6-2.5,51.5,0.4,75.5,5.3c23.6,4.9,70.9,23.5,100.5,35.7c75.8,32.2,133.7,44.5,192.6,49.7\tc23.6,2.1,48.7,3.5,103.4-2.5c54.7-6,106.2-25.6,106.2-25.6V0H0v30.3c0,0,72,32.6,158.4,30.5c39.2-0.7,92.8-6.7,134-22.4\tc21.2-8.1,52.2-18.2,79.7-24.2C399.3,7.9,411.6,7.5,421.9,6.5z\"\/>\n<\/svg>\t\t<\/div>\n\t\t\t\t\t<div class=\"elementor-container elementor-column-gap-default\">\n\t\t\t\t\t<div class=\"elementor-column elementor-col-100 elementor-top-column elementor-element elementor-element-c978ea4\" data-id=\"c978ea4\" data-element_type=\"column\">\n\t\t\t<div class=\"elementor-widget-wrap elementor-element-populated\">\n\t\t\t\t\t\t<section class=\"elementor-section elementor-inner-section elementor-element elementor-element-b282582 elementor-section-boxed elementor-section-height-default elementor-section-height-default\" data-id=\"b282582\" data-element_type=\"section\">\n\t\t\t\t\t\t<div class=\"elementor-container elementor-column-gap-default\">\n\t\t\t\t\t<div class=\"elementor-column elementor-col-100 elementor-inner-column elementor-element elementor-element-7dadc7c\" data-id=\"7dadc7c\" data-element_type=\"column\">\n\t\t\t<div class=\"elementor-widget-wrap elementor-element-populated\">\n\t\t\t\t\t\t<div class=\"elementor-element elementor-element-2ddf1ad elementor-widget elementor-widget-heading\" data-id=\"2ddf1ad\" data-element_type=\"widget\" data-widget_type=\"heading.default\">\n\t\t\t\t<div class=\"elementor-widget-container\">\n\t\t\t\t\t<h1 class=\"elementor-heading-title elementor-size-default\"><div class=\"cssanimation sequence leFlyInRight\">Smile Design<\/div><\/h1>\t\t\t\t<\/div>\n\t\t\t\t<\/div>\n\t\t\t\t\t<\/div>\n\t\t<\/div>\n\t\t\t\t\t<\/div>\n\t\t<\/section>\n\t\t\t\t<div class=\"elementor-element elementor-element-7af33af5 elementor-widget elementor-widget-text-editor\" data-id=\"7af33af5\" data-element_type=\"widget\" data-settings=\"{&quot;_animation_mobile&quot;:&quot;none&quot;}\" data-widget_type=\"text-editor.default\">\n\t\t\t\t<div class=\"elementor-widget-container\">\n\t\t\t\t\t\t\t\t\tIt is a dental cosmetic procedure aimed at enhancing a person's smile. It involves a personalized and comprehensive approach that combines different dental treatments to achieve a more harmonious, aesthetic, and attractive smile. It can be performed using various materials, such as Lithium Disilicate and Aesthetic Resins, among others.\u00a0\t\t\t\t\t\t\t\t<\/div>\n\t\t\t\t<\/div>\n\t\t\t\t\t<\/div>\n\t\t<\/div>\n\t\t\t\t\t<\/div>\n\t\t<\/section>\n\t\t\t\t<section class=\"elementor-section elementor-top-section elementor-element elementor-element-8d4d3ef elementor-section-height-min-height elementor-section-content-middle elementor-section-boxed elementor-section-height-default elementor-section-items-middle\" data-id=\"8d4d3ef\" data-element_type=\"section\">\n\t\t\t\t\t\t<div class=\"elementor-container elementor-column-gap-default\">\n\t\t\t\t\t<div class=\"elementor-column elementor-col-100 elementor-top-column elementor-element elementor-element-a8c253f\" data-id=\"a8c253f\" data-element_type=\"column\">\n\t\t\t<div class=\"elementor-widget-wrap elementor-element-populated\">\n\t\t\t\t\t\t<div class=\"elementor-element elementor-element-39b8d8b elementor-widget elementor-widget-image\" data-id=\"39b8d8b\" data-element_type=\"widget\" data-widget_type=\"image.default\">\n\t\t\t\t<div class=\"elementor-widget-container\">\n\t\t\t\t\t\t\t\t\t\t\t\t\t\t\t<img fetchpriority=\"high\" decoding=\"async\" width=\"800\" height=\"305\" src=\"https:\/\/leonardsuarez.com.co\/wp-content\/uploads\/2023\/06\/Collageee_Mesa-de-trabajo-1-copia-1024x391.jpg\" class=\"attachment-large size-large wp-image-5901\" alt=\"turismo dental\" srcset=\"https:\/\/leonardsuarez.com.co\/wp-content\/uploads\/2023\/06\/Collageee_Mesa-de-trabajo-1-copia-1024x391.jpg 1024w, https:\/\/leonardsuarez.com.co\/wp-content\/uploads\/2023\/06\/Collageee_Mesa-de-trabajo-1-copia-scaled-600x229.jpg 600w, https:\/\/leonardsuarez.com.co\/wp-content\/uploads\/2023\/06\/Collageee_Mesa-de-trabajo-1-copia-300x114.jpg 300w, https:\/\/leonardsuarez.com.co\/wp-content\/uploads\/2023\/06\/Collageee_Mesa-de-trabajo-1-copia-768x293.jpg 768w, https:\/\/leonardsuarez.com.co\/wp-content\/uploads\/2023\/06\/Collageee_Mesa-de-trabajo-1-copia-1536x586.jpg 1536w, https:\/\/leonardsuarez.com.co\/wp-content\/uploads\/2023\/06\/Collageee_Mesa-de-trabajo-1-copia-2048x781.jpg 2048w\" sizes=\"(max-width: 800px) 100vw, 800px\" \/>\t\t\t\t\t\t\t\t\t\t\t\t\t\t\t<\/div>\n\t\t\t\t<\/div>\n\t\t\t\t<div class=\"elementor-element elementor-element-617c2be elementor-widget elementor-widget-spacer\" data-id=\"617c2be\" data-element_type=\"widget\" data-widget_type=\"spacer.default\">\n\t\t\t\t<div class=\"elementor-widget-container\">\n\t\t\t\t\t\t\t<div class=\"elementor-spacer\">\n\t\t\t<div class=\"elementor-spacer-inner\"><\/div>\n\t\t<\/div>\n\t\t\t\t\t\t<\/div>\n\t\t\t\t<\/div>\n\t\t\t\t<div class=\"elementor-element elementor-element-4114ba2 elementor-widget elementor-widget-text-editor\" data-id=\"4114ba2\" data-element_type=\"widget\" data-settings=\"{&quot;_animation_mobile&quot;:&quot;none&quot;}\" data-widget_type=\"text-editor.default\">\n\t\t\t\t<div class=\"elementor-widget-container\">\n\t\t\t\t\t\t\t\t\t<p><strong><span class=\"TextRun SCXW68980043 BCX0\" lang=\"ES-MX\" xml:lang=\"ES-MX\" data-contrast=\"auto\"><span class=\"NormalTextRun SCXW68980043 BCX0\">Layering with High Aesthetic Resin - 30-Year-Old Patient<\/span><\/span><\/strong><span class=\"EOP SCXW68980043 BCX0\" data-ccp-props=\"{&quot;201341983&quot;:0,&quot;335551550&quot;:2,&quot;335551620&quot;:2,&quot;335559739&quot;:160,&quot;335559740&quot;:259}\">\u00a0<\/span><\/p>\t\t\t\t\t\t\t\t<\/div>\n\t\t\t\t<\/div>\n\t\t\t\t\t<\/div>\n\t\t<\/div>\n\t\t\t\t\t<\/div>\n\t\t<\/section>\n\t\t\t\t<section class=\"elementor-section elementor-top-section elementor-element elementor-element-f72681a elementor-section-content-middle elementor-section-boxed elementor-section-height-default elementor-section-height-default\" data-id=\"f72681a\" data-element_type=\"section\" data-settings=\"{&quot;background_background&quot;:&quot;classic&quot;}\">\n\t\t\t\t\t\t\t<div class=\"elementor-background-overlay\"><\/div>\n\t\t\t\t\t\t\t<div class=\"elementor-container elementor-column-gap-default\">\n\t\t\t\t\t<div class=\"elementor-column elementor-col-50 elementor-top-column elementor-element elementor-element-7163c4b\" data-id=\"7163c4b\" data-element_type=\"column\">\n\t\t\t<div class=\"elementor-widget-wrap elementor-element-populated\">\n\t\t\t\t\t\t<div class=\"elementor-element elementor-element-5508286 elementor-widget elementor-widget-text-editor\" data-id=\"5508286\" data-element_type=\"widget\" data-settings=\"{&quot;_animation_mobile&quot;:&quot;none&quot;}\" data-widget_type=\"text-editor.default\">\n\t\t\t\t<div class=\"elementor-widget-container\">\n\t\t\t\t\t\t\t\t\t<p>Smile design aims to enhance harmony and balance, restoring happiness to the face by considering both aesthetic aspects and the patient's desires.<\/p><p><strong>Lithium Disilicate Veneers \u2013 33-Year-Old Patient<\/strong><\/p>\t\t\t\t\t\t\t\t<\/div>\n\t\t\t\t<\/div>\n\t\t\t\t\t<\/div>\n\t\t<\/div>\n\t\t\t\t<div class=\"elementor-column elementor-col-50 elementor-top-column elementor-element elementor-element-02a82c1\" data-id=\"02a82c1\" data-element_type=\"column\">\n\t\t\t<div class=\"elementor-widget-wrap elementor-element-populated\">\n\t\t\t\t\t\t<div class=\"elementor-element elementor-element-41ba478 elementor-widget elementor-widget-image\" data-id=\"41ba478\" data-element_type=\"widget\" data-widget_type=\"image.default\">\n\t\t\t\t<div class=\"elementor-widget-container\">\n\t\t\t\t\t\t\t\t\t\t\t\t\t\t\t<img decoding=\"async\" width=\"800\" height=\"459\" src=\"https:\/\/leonardsuarez.com.co\/wp-content\/uploads\/2023\/06\/Collagee3-03-1024x587.jpg\" class=\"attachment-large size-large wp-image-5912\" alt=\"\" srcset=\"https:\/\/leonardsuarez.com.co\/wp-content\/uploads\/2023\/06\/Collagee3-03-1024x587.jpg 1024w, https:\/\/leonardsuarez.com.co\/wp-content\/uploads\/2023\/06\/Collagee3-03-scaled-600x344.jpg 600w, https:\/\/leonardsuarez.com.co\/wp-content\/uploads\/2023\/06\/Collagee3-03-300x172.jpg 300w, https:\/\/leonardsuarez.com.co\/wp-content\/uploads\/2023\/06\/Collagee3-03-768x440.jpg 768w, https:\/\/leonardsuarez.com.co\/wp-content\/uploads\/2023\/06\/Collagee3-03-1536x880.jpg 1536w, https:\/\/leonardsuarez.com.co\/wp-content\/uploads\/2023\/06\/Collagee3-03-2048x1173.jpg 2048w\" sizes=\"(max-width: 800px) 100vw, 800px\" \/>\t\t\t\t\t\t\t\t\t\t\t\t\t\t\t<\/div>\n\t\t\t\t<\/div>\n\t\t\t\t\t<\/div>\n\t\t<\/div>\n\t\t\t\t\t<\/div>\n\t\t<\/section>\n\t\t\t\t<section class=\"elementor-section elementor-top-section elementor-element elementor-element-04c36b5 elementor-section-content-middle elementor-section-boxed elementor-section-height-default elementor-section-height-default\" data-id=\"04c36b5\" data-element_type=\"section\">\n\t\t\t\t\t\t<div class=\"elementor-container elementor-column-gap-default\">\n\t\t\t\t\t<div class=\"elementor-column elementor-col-50 elementor-top-column elementor-element elementor-element-0d8f8bb\" data-id=\"0d8f8bb\" data-element_type=\"column\">\n\t\t\t<div class=\"elementor-widget-wrap elementor-element-populated\">\n\t\t\t\t\t\t<div class=\"elementor-element elementor-element-9505357 elementor-widget elementor-widget-elementskit-image-comparison\" data-id=\"9505357\" data-element_type=\"widget\" data-widget_type=\"elementskit-image-comparison.default\">\n\t\t\t\t<div class=\"elementor-widget-container\">\n\t\t\t\t\t<div class=\"ekit-wid-con\" >\n\t\t<div class=\"elementskit-image-comparison image-comparison-container\" data-offset=\"0.5\" data-overlay=\"true\" data-label_after=\"\" data-label_before=\"\" data-move_slider_on_hover=\"true\" data-click_to_move=\"\">\n\t\t\t<img decoding=\"async\" src=\"https:\/\/leonardsuarez.com.co\/wp-content\/uploads\/2023\/06\/nivelacion-1.jpg\" title=\"nivelacion-1\" alt=\"nivelacion-1\" loading=\"lazy\" \/><img decoding=\"async\" src=\"https:\/\/leonardsuarez.com.co\/wp-content\/uploads\/2023\/06\/nivelacion-2.jpg\" title=\"Dise\u00f1o de sonrisa\" alt=\"Dise\u00f1o-de-sonrisa\" loading=\"lazy\" \/>\t\t<\/div>\n\n\t<\/div>\t\t\t\t<\/div>\n\t\t\t\t<\/div>\n\t\t\t\t\t<\/div>\n\t\t<\/div>\n\t\t\t\t<div class=\"elementor-column elementor-col-50 elementor-top-column elementor-element elementor-element-77d005a\" data-id=\"77d005a\" data-element_type=\"column\">\n\t\t\t<div class=\"elementor-widget-wrap elementor-element-populated\">\n\t\t\t\t\t\t<section class=\"elementor-section elementor-inner-section elementor-element elementor-element-4e004f4 elementor-section-boxed elementor-section-height-default elementor-section-height-default\" data-id=\"4e004f4\" data-element_type=\"section\">\n\t\t\t\t\t\t<div class=\"elementor-container elementor-column-gap-default\">\n\t\t\t\t\t<div class=\"elementor-column elementor-col-100 elementor-inner-column elementor-element elementor-element-fd5d2eb\" data-id=\"fd5d2eb\" data-element_type=\"column\">\n\t\t\t<div class=\"elementor-widget-wrap elementor-element-populated\">\n\t\t\t\t\t\t<div class=\"elementor-element elementor-element-be1f568 elementor-absolute elementor-widget elementor-widget-text-editor\" data-id=\"be1f568\" data-element_type=\"widget\" data-settings=\"{&quot;_position&quot;:&quot;absolute&quot;}\" data-widget_type=\"text-editor.default\">\n\t\t\t\t<div class=\"elementor-widget-container\">\n\t\t\t\t\t\t\t\t\t<p>Ceramic Zirconia Crown \u2013 Patient Age 62.<\/p>\t\t\t\t\t\t\t\t<\/div>\n\t\t\t\t<\/div>\n\t\t\t\t<div class=\"elementor-element elementor-element-7476f98 elementor-widget elementor-widget-spacer\" data-id=\"7476f98\" data-element_type=\"widget\" data-widget_type=\"spacer.default\">\n\t\t\t\t<div class=\"elementor-widget-container\">\n\t\t\t\t\t\t\t<div class=\"elementor-spacer\">\n\t\t\t<div class=\"elementor-spacer-inner\"><\/div>\n\t\t<\/div>\n\t\t\t\t\t\t<\/div>\n\t\t\t\t<\/div>\n\t\t\t\t\t<\/div>\n\t\t<\/div>\n\t\t\t\t\t<\/div>\n\t\t<\/section>\n\t\t\t\t\t<\/div>\n\t\t<\/div>\n\t\t\t\t\t<\/div>\n\t\t<\/section>\n\t\t\t\t<\/div>","protected":false},"excerpt":{"rendered":"<p>Dise\u00f1o de Sonrisa Es un procedimiento est\u00e9tico dental que busca mejorar la apariencia de la sonrisa de una persona. Se trata de un enfoque personalizado y completo que combina diferentes tratamientos dentales para lograr una sonrisa m\u00e1s arm\u00f3nica, est\u00e9tica y atractiva. Se puede realizar en distintos materiales como lo son el Disilicato de Litio y [&hellip;]<\/p>","protected":false},"author":1,"featured_media":5901,"parent":0,"menu_order":0,"comment_status":"closed","ping_status":"closed","template":"elementor_header_footer","meta":{"footnotes":""},"class_list":["post-5887","page","type-page","status-publish","has-post-thumbnail","hentry"],"yoast_head":"<!-- This site is optimized with the Yoast SEO plugin v26.5 - https:\/\/yoast.com\/wordpress\/plugins\/seo\/ -->\n<title>Dise\u00f1o de Sonrisa en Santa Marta | Leonard Su\u00e1rez<\/title>\n<meta name=\"description\" content=\"Transforma tu sonrisa con un dise\u00f1o de sonrisa profesional en Santa Marta. Est\u00e9tica dental, armonizaci\u00f3n y tecnolog\u00eda avanzada con el Dr. Leonard Su\u00e1rez. Agenda tu valoraci\u00f3n hoy.\" \/>\n<meta name=\"robots\" content=\"index, follow, max-snippet:-1, max-image-preview:large, max-video-preview:-1\" \/>\n<link rel=\"canonical\" href=\"https:\/\/leonardsuarez.com.co\/en\/diseno-de-sonrisa\/\" \/>\n<meta property=\"og:locale\" content=\"en_US\" \/>\n<meta property=\"og:type\" content=\"article\" \/>\n<meta property=\"og:title\" content=\"Dise\u00f1o de sonrisa\" \/>\n<meta property=\"og:description\" content=\"Es un procedimiento est\u00e9tico dental que busca mejorar la apariencia de la sonrisa de una persona. Se trata de un enfoque personalizado y completo que combina diferentes tratamientos dentales para lograr una sonrisa m\u00e1s arm\u00f3nica, est\u00e9tica y atractiva. Se puede realizar en distintos materiales como lo son el disilicato de litio y resinas est\u00e9ticas entre otros.\" \/>\n<meta property=\"og:url\" content=\"https:\/\/leonardsuarez.com.co\/en\/diseno-de-sonrisa\/\" \/>\n<meta property=\"og:site_name\" content=\"Leonard Suarez\" \/>\n<meta property=\"article:publisher\" content=\"https:\/\/www.facebook.com\/profile.php?id=100031093253979\" \/>\n<meta property=\"article:modified_time\" content=\"2025-12-07T15:33:07+00:00\" \/>\n<meta property=\"og:image\" content=\"https:\/\/leonardsuarez.com.co\/wp-content\/uploads\/2023\/06\/Collageee_Mesa-de-trabajo-1-copia-scaled.jpg\" \/>\n\t<meta property=\"og:image:width\" content=\"2560\" \/>\n\t<meta property=\"og:image:height\" content=\"977\" \/>\n\t<meta property=\"og:image:type\" content=\"image\/jpeg\" \/>\n<meta name=\"twitter:card\" content=\"summary_large_image\" \/>\n<meta name=\"twitter:title\" content=\"Dise\u00f1o de sonrisa\" \/>\n<meta name=\"twitter:description\" content=\"Es un procedimiento est\u00e9tico dental que busca mejorar la apariencia de la sonrisa de una persona. Se trata de un enfoque personalizado y completo que combina diferentes tratamientos dentales para lograr una sonrisa m\u00e1s arm\u00f3nica, est\u00e9tica y atractiva. Se puede realizar en distintos materiales como lo son el disilicato de litio y resinas est\u00e9ticas entre otros.\" \/>\n<meta name=\"twitter:image\" content=\"https:\/\/leonardsuarez.com.co\/wp-content\/uploads\/2023\/06\/Collageee_Mesa-de-trabajo-1-copia-scaled.jpg\" \/>\n<meta name=\"twitter:label1\" content=\"Est. reading time\" \/>\n\t<meta name=\"twitter:data1\" content=\"2 minutes\" \/>\n<script type=\"application\/ld+json\" class=\"yoast-schema-graph\">{\"@context\":\"https:\/\/schema.org\",\"@graph\":[{\"@type\":\"WebPage\",\"@id\":\"https:\/\/leonardsuarez.com.co\/diseno-de-sonrisa\/\",\"url\":\"https:\/\/leonardsuarez.com.co\/diseno-de-sonrisa\/\",\"name\":\"Dise\u00f1o de Sonrisa en Santa Marta | Leonard Su\u00e1rez\",\"isPartOf\":{\"@id\":\"https:\/\/leonardsuarez.com.co\/#website\"},\"primaryImageOfPage\":{\"@id\":\"https:\/\/leonardsuarez.com.co\/diseno-de-sonrisa\/#primaryimage\"},\"image\":{\"@id\":\"https:\/\/leonardsuarez.com.co\/diseno-de-sonrisa\/#primaryimage\"},\"thumbnailUrl\":\"https:\/\/leonardsuarez.com.co\/wp-content\/uploads\/2023\/06\/Collageee_Mesa-de-trabajo-1-copia-scaled.jpg\",\"datePublished\":\"2023-06-21T17:38:25+00:00\",\"dateModified\":\"2025-12-07T15:33:07+00:00\",\"description\":\"Transforma tu sonrisa con un dise\u00f1o de sonrisa profesional en Santa Marta. Est\u00e9tica dental, armonizaci\u00f3n y tecnolog\u00eda avanzada con el Dr. Leonard Su\u00e1rez. Agenda tu valoraci\u00f3n hoy.\",\"breadcrumb\":{\"@id\":\"https:\/\/leonardsuarez.com.co\/diseno-de-sonrisa\/#breadcrumb\"},\"inLanguage\":\"en-US\",\"potentialAction\":[{\"@type\":\"ReadAction\",\"target\":[\"https:\/\/leonardsuarez.com.co\/diseno-de-sonrisa\/\"]}]},{\"@type\":\"ImageObject\",\"inLanguage\":\"en-US\",\"@id\":\"https:\/\/leonardsuarez.com.co\/diseno-de-sonrisa\/#primaryimage\",\"url\":\"https:\/\/leonardsuarez.com.co\/wp-content\/uploads\/2023\/06\/Collageee_Mesa-de-trabajo-1-copia-scaled.jpg\",\"contentUrl\":\"https:\/\/leonardsuarez.com.co\/wp-content\/uploads\/2023\/06\/Collageee_Mesa-de-trabajo-1-copia-scaled.jpg\",\"width\":2560,\"height\":977,\"caption\":\"turismo dental\"},{\"@type\":\"BreadcrumbList\",\"@id\":\"https:\/\/leonardsuarez.com.co\/diseno-de-sonrisa\/#breadcrumb\",\"itemListElement\":[{\"@type\":\"ListItem\",\"position\":1,\"name\":\"Home\",\"item\":\"https:\/\/leonardsuarez.com.co\/\"},{\"@type\":\"ListItem\",\"position\":2,\"name\":\"Dise\u00f1o de Sonrisa\"}]},{\"@type\":\"WebSite\",\"@id\":\"https:\/\/leonardsuarez.com.co\/#website\",\"url\":\"https:\/\/leonardsuarez.com.co\/\",\"name\":\"Leonard Suarez\",\"description\":\"Rehabilitaci\u00f3n oral\",\"publisher\":{\"@id\":\"https:\/\/leonardsuarez.com.co\/#organization\"},\"potentialAction\":[{\"@type\":\"SearchAction\",\"target\":{\"@type\":\"EntryPoint\",\"urlTemplate\":\"https:\/\/leonardsuarez.com.co\/?s={search_term_string}\"},\"query-input\":{\"@type\":\"PropertyValueSpecification\",\"valueRequired\":true,\"valueName\":\"search_term_string\"}}],\"inLanguage\":\"en-US\"},{\"@type\":\"Organization\",\"@id\":\"https:\/\/leonardsuarez.com.co\/#organization\",\"name\":\"Leonard Suarez\",\"url\":\"https:\/\/leonardsuarez.com.co\/\",\"logo\":{\"@type\":\"ImageObject\",\"inLanguage\":\"en-US\",\"@id\":\"https:\/\/leonardsuarez.com.co\/#\/schema\/logo\/image\/\",\"url\":\"https:\/\/leonardsuarez.com.co\/wp-content\/uploads\/2019\/08\/lOG-D-02-02.png\",\"contentUrl\":\"https:\/\/leonardsuarez.com.co\/wp-content\/uploads\/2019\/08\/lOG-D-02-02.png\",\"width\":507,\"height\":129,\"caption\":\"Leonard Suarez\"},\"image\":{\"@id\":\"https:\/\/leonardsuarez.com.co\/#\/schema\/logo\/image\/\"},\"sameAs\":[\"https:\/\/www.facebook.com\/profile.php?id=100031093253979\",\"https:\/\/www.instagram.com\/leonardsuarez_odontologo\/\"]}]}<\/script>\n<!-- \/ Yoast SEO plugin. -->","yoast_head_json":{"title":"Dise\u00f1o de Sonrisa en Santa Marta | Leonard Su\u00e1rez","description":"Transforma tu sonrisa con un dise\u00f1o de sonrisa profesional en Santa Marta. Est\u00e9tica dental, armonizaci\u00f3n y tecnolog\u00eda avanzada con el Dr. Leonard Su\u00e1rez. Agenda tu valoraci\u00f3n hoy.","robots":{"index":"index","follow":"follow","max-snippet":"max-snippet:-1","max-image-preview":"max-image-preview:large","max-video-preview":"max-video-preview:-1"},"canonical":"https:\/\/leonardsuarez.com.co\/en\/diseno-de-sonrisa\/","og_locale":"en_US","og_type":"article","og_title":"Dise\u00f1o de sonrisa","og_description":"Es un procedimiento est\u00e9tico dental que busca mejorar la apariencia de la sonrisa de una persona. Se trata de un enfoque personalizado y completo que combina diferentes tratamientos dentales para lograr una sonrisa m\u00e1s arm\u00f3nica, est\u00e9tica y atractiva. Se puede realizar en distintos materiales como lo son el disilicato de litio y resinas est\u00e9ticas entre otros.","og_url":"https:\/\/leonardsuarez.com.co\/en\/diseno-de-sonrisa\/","og_site_name":"Leonard Suarez","article_publisher":"https:\/\/www.facebook.com\/profile.php?id=100031093253979","article_modified_time":"2025-12-07T15:33:07+00:00","og_image":[{"width":2560,"height":977,"url":"https:\/\/leonardsuarez.com.co\/wp-content\/uploads\/2023\/06\/Collageee_Mesa-de-trabajo-1-copia-scaled.jpg","type":"image\/jpeg"}],"twitter_card":"summary_large_image","twitter_title":"Dise\u00f1o de sonrisa","twitter_description":"Es un procedimiento est\u00e9tico dental que busca mejorar la apariencia de la sonrisa de una persona. Se trata de un enfoque personalizado y completo que combina diferentes tratamientos dentales para lograr una sonrisa m\u00e1s arm\u00f3nica, est\u00e9tica y atractiva. Se puede realizar en distintos materiales como lo son el disilicato de litio y resinas est\u00e9ticas entre otros.","twitter_image":"https:\/\/leonardsuarez.com.co\/wp-content\/uploads\/2023\/06\/Collageee_Mesa-de-trabajo-1-copia-scaled.jpg","twitter_misc":{"Est. reading time":"2 minutes"},"schema":{"@context":"https:\/\/schema.org","@graph":[{"@type":"WebPage","@id":"https:\/\/leonardsuarez.com.co\/diseno-de-sonrisa\/","url":"https:\/\/leonardsuarez.com.co\/diseno-de-sonrisa\/","name":"Dise\u00f1o de Sonrisa en Santa Marta | Leonard Su\u00e1rez","isPartOf":{"@id":"https:\/\/leonardsuarez.com.co\/#website"},"primaryImageOfPage":{"@id":"https:\/\/leonardsuarez.com.co\/diseno-de-sonrisa\/#primaryimage"},"image":{"@id":"https:\/\/leonardsuarez.com.co\/diseno-de-sonrisa\/#primaryimage"},"thumbnailUrl":"https:\/\/leonardsuarez.com.co\/wp-content\/uploads\/2023\/06\/Collageee_Mesa-de-trabajo-1-copia-scaled.jpg","datePublished":"2023-06-21T17:38:25+00:00","dateModified":"2025-12-07T15:33:07+00:00","description":"Transforma tu sonrisa con un dise\u00f1o de sonrisa profesional en Santa Marta. Est\u00e9tica dental, armonizaci\u00f3n y tecnolog\u00eda avanzada con el Dr. Leonard Su\u00e1rez. Agenda tu valoraci\u00f3n hoy.","breadcrumb":{"@id":"https:\/\/leonardsuarez.com.co\/diseno-de-sonrisa\/#breadcrumb"},"inLanguage":"en-US","potentialAction":[{"@type":"ReadAction","target":["https:\/\/leonardsuarez.com.co\/diseno-de-sonrisa\/"]}]},{"@type":"ImageObject","inLanguage":"en-US","@id":"https:\/\/leonardsuarez.com.co\/diseno-de-sonrisa\/#primaryimage","url":"https:\/\/leonardsuarez.com.co\/wp-content\/uploads\/2023\/06\/Collageee_Mesa-de-trabajo-1-copia-scaled.jpg","contentUrl":"https:\/\/leonardsuarez.com.co\/wp-content\/uploads\/2023\/06\/Collageee_Mesa-de-trabajo-1-copia-scaled.jpg","width":2560,"height":977,"caption":"turismo dental"},{"@type":"BreadcrumbList","@id":"https:\/\/leonardsuarez.com.co\/diseno-de-sonrisa\/#breadcrumb","itemListElement":[{"@type":"ListItem","position":1,"name":"Home","item":"https:\/\/leonardsuarez.com.co\/"},{"@type":"ListItem","position":2,"name":"Dise\u00f1o de Sonrisa"}]},{"@type":"WebSite","@id":"https:\/\/leonardsuarez.com.co\/#website","url":"https:\/\/leonardsuarez.com.co\/","name":"Leonard Suarez","description":"Rehabilitaci\u00f3n oral","publisher":{"@id":"https:\/\/leonardsuarez.com.co\/#organization"},"potentialAction":[{"@type":"SearchAction","target":{"@type":"EntryPoint","urlTemplate":"https:\/\/leonardsuarez.com.co\/?s={search_term_string}"},"query-input":{"@type":"PropertyValueSpecification","valueRequired":true,"valueName":"search_term_string"}}],"inLanguage":"en-US"},{"@type":"Organization","@id":"https:\/\/leonardsuarez.com.co\/#organization","name":"Leonard Suarez","url":"https:\/\/leonardsuarez.com.co\/","logo":{"@type":"ImageObject","inLanguage":"en-US","@id":"https:\/\/leonardsuarez.com.co\/#\/schema\/logo\/image\/","url":"https:\/\/leonardsuarez.com.co\/wp-content\/uploads\/2019\/08\/lOG-D-02-02.png","contentUrl":"https:\/\/leonardsuarez.com.co\/wp-content\/uploads\/2019\/08\/lOG-D-02-02.png","width":507,"height":129,"caption":"Leonard Suarez"},"image":{"@id":"https:\/\/leonardsuarez.com.co\/#\/schema\/logo\/image\/"},"sameAs":["https:\/\/www.facebook.com\/profile.php?id=100031093253979","https:\/\/www.instagram.com\/leonardsuarez_odontologo\/"]}]}},"_links":{"self":[{"href":"https:\/\/leonardsuarez.com.co\/en\/wp-json\/wp\/v2\/pages\/5887","targetHints":{"allow":["GET"]}}],"collection":[{"href":"https:\/\/leonardsuarez.com.co\/en\/wp-json\/wp\/v2\/pages"}],"about":[{"href":"https:\/\/leonardsuarez.com.co\/en\/wp-json\/wp\/v2\/types\/page"}],"author":[{"embeddable":true,"href":"https:\/\/leonardsuarez.com.co\/en\/wp-json\/wp\/v2\/users\/1"}],"replies":[{"embeddable":true,"href":"https:\/\/leonardsuarez.com.co\/en\/wp-json\/wp\/v2\/comments?post=5887"}],"version-history":[{"count":173,"href":"https:\/\/leonardsuarez.com.co\/en\/wp-json\/wp\/v2\/pages\/5887\/revisions"}],"predecessor-version":[{"id":6825,"href":"https:\/\/leonardsuarez.com.co\/en\/wp-json\/wp\/v2\/pages\/5887\/revisions\/6825"}],"wp:featuredmedia":[{"embeddable":true,"href":"https:\/\/leonardsuarez.com.co\/en\/wp-json\/wp\/v2\/media\/5901"}],"wp:attachment":[{"href":"https:\/\/leonardsuarez.com.co\/en\/wp-json\/wp\/v2\/media?parent=5887"}],"curies":[{"name":"wp","href":"https:\/\/api.w.org\/{rel}","templated":true}]}}