{"id":6863,"date":"2024-01-23T12:20:12","date_gmt":"2024-01-23T12:20:12","guid":{"rendered":"https:\/\/leonardsuarez.com.co\/?page_id=6863"},"modified":"2024-01-23T17:06:19","modified_gmt":"2024-01-23T17:06:19","slug":"politica-de-cookies","status":"publish","type":"page","link":"https:\/\/leonardsuarez.com.co\/en\/politica-de-cookies\/","title":{"rendered":"Our Cookie Policy"},"content":{"rendered":"<div data-elementor-type=\"wp-post\" data-elementor-id=\"6863\" class=\"elementor elementor-6863\">\n\t\t\t\t\t\t<section class=\"elementor-section elementor-top-section elementor-element elementor-element-f799261 elementor-section-boxed elementor-section-height-default elementor-section-height-default\" data-id=\"f799261\" data-element_type=\"section\">\n\t\t\t\t\t\t<div class=\"elementor-container elementor-column-gap-default\">\n\t\t\t\t\t<div class=\"elementor-column elementor-col-100 elementor-top-column elementor-element elementor-element-400628e\" data-id=\"400628e\" data-element_type=\"column\">\n\t\t\t<div class=\"elementor-widget-wrap elementor-element-populated\">\n\t\t\t\t\t\t<div class=\"elementor-element elementor-element-2f44b10 elementor-widget elementor-widget-spacer\" data-id=\"2f44b10\" data-element_type=\"widget\" data-widget_type=\"spacer.default\">\n\t\t\t\t<div class=\"elementor-widget-container\">\n\t\t\t\t\t\t\t<div class=\"elementor-spacer\">\n\t\t\t<div class=\"elementor-spacer-inner\"><\/div>\n\t\t<\/div>\n\t\t\t\t\t\t<\/div>\n\t\t\t\t<\/div>\n\t\t\t\t<section class=\"elementor-section elementor-inner-section elementor-element elementor-element-08fa471 elementor-section-boxed elementor-section-height-default elementor-section-height-default\" data-id=\"08fa471\" data-element_type=\"section\">\n\t\t\t\t\t\t<div class=\"elementor-container elementor-column-gap-default\">\n\t\t\t\t\t<div class=\"elementor-column elementor-col-50 elementor-inner-column elementor-element elementor-element-45a2be1\" data-id=\"45a2be1\" data-element_type=\"column\">\n\t\t\t<div class=\"elementor-widget-wrap elementor-element-populated\">\n\t\t\t\t\t\t<div class=\"elementor-element elementor-element-d92a378 elementor-widget elementor-widget-heading\" data-id=\"d92a378\" data-element_type=\"widget\" data-widget_type=\"heading.default\">\n\t\t\t\t<div class=\"elementor-widget-container\">\n\t\t\t\t\t<h1 class=\"elementor-heading-title elementor-size-default\">Our Cookie Policy<\/h1>\t\t\t\t<\/div>\n\t\t\t\t<\/div>\n\t\t\t\t\t<\/div>\n\t\t<\/div>\n\t\t\t\t<div class=\"elementor-column elementor-col-50 elementor-inner-column elementor-element elementor-element-4fded10\" data-id=\"4fded10\" data-element_type=\"column\">\n\t\t\t<div class=\"elementor-widget-wrap\">\n\t\t\t\t\t\t\t<\/div>\n\t\t<\/div>\n\t\t\t\t\t<\/div>\n\t\t<\/section>\n\t\t\t\t<section class=\"elementor-section elementor-inner-section elementor-element elementor-element-a43d2f1 elementor-section-boxed elementor-section-height-default elementor-section-height-default\" data-id=\"a43d2f1\" data-element_type=\"section\">\n\t\t\t\t\t\t<div class=\"elementor-container elementor-column-gap-default\">\n\t\t\t\t\t<div class=\"elementor-column elementor-col-100 elementor-inner-column elementor-element elementor-element-f925072\" data-id=\"f925072\" data-element_type=\"column\">\n\t\t\t<div class=\"elementor-widget-wrap elementor-element-populated\">\n\t\t\t\t\t\t<div class=\"elementor-element elementor-element-1750211 elementor-widget elementor-widget-text-editor\" data-id=\"1750211\" data-element_type=\"widget\" data-widget_type=\"text-editor.default\">\n\t\t\t\t<div class=\"elementor-widget-container\">\n\t\t\t\t\t\t\t\t\t<p>In the Cookie Policy of LEONARD SUAREZ ORAL REHABILITATION, we comply with informing you that this site may collect information automatically by using cookies. That's why we request confirmation and ask you to carefully read both the cookie policies and privacy policies so that you can enjoy the content with complete peace of mind.<\/p><p>In the Cookie Policy of LEONARD SUAREZ ORAL REHABILITATION, we aim to be transparent.<\/p>\t\t\t\t\t\t\t\t<\/div>\n\t\t\t\t<\/div>\n\t\t\t\t<div class=\"elementor-element elementor-element-a9dabfe elementor-widget elementor-widget-heading\" data-id=\"a9dabfe\" data-element_type=\"widget\" data-widget_type=\"heading.default\">\n\t\t\t\t<div class=\"elementor-widget-container\">\n\t\t\t\t\t<h2 class=\"elementor-heading-title elementor-size-default\">What are Cookies?<\/h2>\t\t\t\t<\/div>\n\t\t\t\t<\/div>\n\t\t\t\t<div class=\"elementor-element elementor-element-18e4852 elementor-widget elementor-widget-text-editor\" data-id=\"18e4852\" data-element_type=\"widget\" data-widget_type=\"text-editor.default\">\n\t\t\t\t<div class=\"elementor-widget-container\">\n\t\t\t\t\t\t\t\t\t<p>Cookies are a tool used by web servers to store and retrieve information about their visitors. It is simply a text file that some servers ask our browser to write on our hard drive, with information about what we have been doing on their pages. They have an expiration date, which can range from the duration of the session to a specified future date, after which they cease to be operational.<\/p>\t\t\t\t\t\t\t\t<\/div>\n\t\t\t\t<\/div>\n\t\t\t\t<div class=\"elementor-element elementor-element-9c8957e elementor-widget elementor-widget-heading\" data-id=\"9c8957e\" data-element_type=\"widget\" data-widget_type=\"heading.default\">\n\t\t\t\t<div class=\"elementor-widget-container\">\n\t\t\t\t\t<h2 class=\"elementor-heading-title elementor-size-default\">For what do we use cookies?<\/h2>\t\t\t\t<\/div>\n\t\t\t\t<\/div>\n\t\t\t\t<div class=\"elementor-element elementor-element-d7dd1d3 elementor-widget elementor-widget-text-editor\" data-id=\"d7dd1d3\" data-element_type=\"widget\" data-widget_type=\"text-editor.default\">\n\t\t\t\t<div class=\"elementor-widget-container\">\n\t\t\t\t\t\t\t\t\t<p>The cookies on this website help:<\/p><ul><li>Make this website work correctly<\/li><li>Ahorrarle el tener que iniciar sesi\u00f3n cada vez que visitas este sitio<\/li><li>Remember your settings during and between visits<\/li><li>Allow you to view videos<\/li><li>Improve the speed\/security of the site<\/li><li>So that you can share pages on social networks<\/li><li>Continuously improve this website<\/li><li>Show you ads based on your browsing habits<\/li><\/ul><p>\u00a0<\/p><p>I will never use cookies to:<\/p><ul><li>Collect personally identifiable information (without your explicit permission)<\/li><li>Collect sensitive information (without your explicit permission)<\/li><li>Share personally identifiable information with third parties<\/li><\/ul><p>As a user, you can reject the processing of data or information by blocking these cookies through the appropriate settings in your browser. However, you should know that if you do this, the site may not function properly. By entering the site and continuing to browse, you are consenting to the use of the cookies detailed below.<\/p>\t\t\t\t\t\t\t\t<\/div>\n\t\t\t\t<\/div>\n\t\t\t\t<div class=\"elementor-element elementor-element-862653b elementor-widget elementor-widget-heading\" data-id=\"862653b\" data-element_type=\"widget\" data-widget_type=\"heading.default\">\n\t\t\t\t<div class=\"elementor-widget-container\">\n\t\t\t\t\t<h2 class=\"elementor-heading-title elementor-size-default\">What types of cookies could be used?<\/h2>\t\t\t\t<\/div>\n\t\t\t\t<\/div>\n\t\t\t\t<div class=\"elementor-element elementor-element-4157198 elementor-widget elementor-widget-text-editor\" data-id=\"4157198\" data-element_type=\"widget\" data-widget_type=\"text-editor.default\">\n\t\t\t\t<div class=\"elementor-widget-container\">\n\t\t\t\t\t\t\t\t\t<p><strong>Own cookies: <\/strong>Session storage cookies, to ensure that users who write comments on the blog are human and not automated applications. This helps combat spam. These cookies are deleted when you stop browsing our website or, in the case of an active session, when you log out.<\/p><p><strong>Local storage cookies:<\/strong> To keep sessions open and store the user's cookie consent.<\/p><p><strong>Other cookies: <\/strong>You should be aware that, given the way the Internet and websites work, it is not always possible to have up-to-date information on all cookies that third parties may use through this website. However, you can see which cookies the page uses by checking the padlock icon to the left of the site's URL (in Chrome, for example).<\/p><p><strong>Third-party cookies:<\/strong> This website, like most websites, includes functionalities provided by third parties. Therefore, in the cookie policy of LEONARD SUAREZ ORAL REHABILITATION, we comply with mentioning them.<\/p><p><strong>Analysis cookies:<\/strong> They are collected only by third parties, such as Google Analytics, which allows us to quantify the number of users and thus carry out the measurement and statistical analysis of the use made by users of the offered service. To do this, we analyze their navigation on our website in order to improve the range of products or services we offer you.<\/p><p><strong>Advertising cookies:<\/strong> Providers, including Google Adsense, use cookies to display relevant ads based on a user's past visits to their website or other websites. This site may use Google and other types of ads.<\/p><p>Users can disable personalized advertising from Google by accessing Ad Preferences.<\/p><p><strong>Cookies de redes sociales:<\/strong> Cada red social utiliza sus propias cookies para que usted pueda pinchar en botones del tipo Me gusta o Compartir. As\u00ed como en comentarios de facebook integrados en algunos de nuestros art\u00edculos.<\/p><p><strong>Other cookies:<\/strong> To improve your experience and functionalities, we use third-party components and features offered by services like WordPress. These functionalities may require the use of cookies.<\/p><p>You should be aware that given the way the Internet and websites work, it is not always possible to have up-to-date information on all cookies that third parties may use through this website. However, you can check which cookies this page uses by looking at the padlock icon to the left of the site's URL (in Chrome, for example).<\/p>\t\t\t\t\t\t\t\t<\/div>\n\t\t\t\t<\/div>\n\t\t\t\t<div class=\"elementor-element elementor-element-dbfcbf5 elementor-widget elementor-widget-heading\" data-id=\"dbfcbf5\" data-element_type=\"widget\" data-widget_type=\"heading.default\">\n\t\t\t\t<div class=\"elementor-widget-container\">\n\t\t\t\t\t<h2 class=\"elementor-heading-title elementor-size-default\">How can I manage and disable these cookies?<\/h2>\t\t\t\t<\/div>\n\t\t\t\t<\/div>\n\t\t\t\t<div class=\"elementor-element elementor-element-45cb03d elementor-widget elementor-widget-text-editor\" data-id=\"45cb03d\" data-element_type=\"widget\" data-widget_type=\"text-editor.default\">\n\t\t\t\t<div class=\"elementor-widget-container\">\n\t\t\t\t\t\t\t\t\t<p>If you wish, you can adapt your browser so that you are notified before cookies are downloaded.<\/p><p>You can also modify the browser settings to reject all cookies or only third-party cookies. You can also delete any cookies that are already on your computer.<\/p><p>Keep in mind that you will have to individually adjust the settings for each browser and device you use.<\/p>\t\t\t\t\t\t\t\t<\/div>\n\t\t\t\t<\/div>\n\t\t\t\t<div class=\"elementor-element elementor-element-3e4ef08 elementor-widget elementor-widget-text-editor\" data-id=\"3e4ef08\" data-element_type=\"widget\" data-widget_type=\"text-editor.default\">\n\t\t\t\t<div class=\"elementor-widget-container\">\n\t\t\t\t\t\t\t\t\t<p>You can also see:<\/p><p><a style=\"font-weight: var( --e-global-typography-text-font-weight ); background-color: #ffffff; font-size: 1rem;\" href=\"https:\/\/leonardsuarez.com.co\/en\/aviso-legal\/\" target=\"_blank\" rel=\"noopener\">Legal Notice<\/a><\/p><p><a href=\"https:\/\/leonardsuarez.com.co\/en\/politicas-de-privacidad\/\"><span style=\"font-weight: var( --e-global-typography-text-font-weight ); font-size: 1rem;\">Privacy Policies<\/span><\/a><\/p>\t\t\t\t\t\t\t\t<\/div>\n\t\t\t\t<\/div>\n\t\t\t\t\t<\/div>\n\t\t<\/div>\n\t\t\t\t\t<\/div>\n\t\t<\/section>\n\t\t\t\t\t<\/div>\n\t\t<\/div>\n\t\t\t\t\t<\/div>\n\t\t<\/section>\n\t\t\t\t<\/div>","protected":false},"excerpt":{"rendered":"<p>Pol\u00edtica de Cookies En la Pol\u00edtica de Cookies de LEONARD SUAREZ REHABILITACI\u00d3N ORAL, cumplimos con avisarte que este sitio puede recolectar informaci\u00f3n en forma autom\u00e1tica al utilizar cookies, es por esto que solicitamos con confirmaci\u00f3n y te pedimos que leas atentamente tanto las pol\u00edticas de cookies como las pol\u00edticas de privacidad, para que puedas disfrutar [&hellip;]<\/p>","protected":false},"author":1,"featured_media":5868,"parent":0,"menu_order":0,"comment_status":"closed","ping_status":"closed","template":"elementor_header_footer","meta":{"footnotes":""},"class_list":["post-6863","page","type-page","status-publish","has-post-thumbnail","hentry"],"yoast_head":"<!-- This site is optimized with the Yoast SEO plugin v26.5 - https:\/\/yoast.com\/wordpress\/plugins\/seo\/ -->\n<title>Pol\u00edtica de Cookies - Leonard Suarez<\/title>\n<meta name=\"description\" content=\"Somos un equipo que ofrece un servicio integral y exclusivo a sus pacientes. Con un amplio portafolio de servicios que busca brindar calidad y seguridad, adem\u00e1s de una atenci\u00f3n cercana y amena. Proporcionamos una experiencia que va m\u00e1s all\u00e1 de una cita odontol\u00f3gica, ayudando a fabricar tu mejor sonrisa. Buscamos crear una comunidad de pacientes felices y satisfechos.\" \/>\n<meta name=\"robots\" content=\"index, follow, max-snippet:-1, max-image-preview:large, max-video-preview:-1\" \/>\n<link rel=\"canonical\" href=\"https:\/\/leonardsuarez.com.co\/en\/politica-de-cookies\/\" \/>\n<meta property=\"og:locale\" content=\"en_US\" \/>\n<meta property=\"og:type\" content=\"article\" \/>\n<meta property=\"og:title\" content=\"Comunidad de pacientes felices y satisfechos\" \/>\n<meta property=\"og:description\" content=\"Somos un equipo que ofrece un servicio integral y exclusivo a sus pacientes. Con un amplio portafolio de servicios que busca brindar calidad y seguridad, adem\u00e1s de una atenci\u00f3n cercana y amena. Proporcionamos una experiencia que va m\u00e1s all\u00e1 de una cita odontol\u00f3gica, ayudando a fabricar tu mejor sonrisa. Buscamos crear una comunidad de pacientes felices y satisfechos.\" \/>\n<meta property=\"og:url\" content=\"https:\/\/leonardsuarez.com.co\/en\/politica-de-cookies\/\" \/>\n<meta property=\"og:site_name\" content=\"Leonard Suarez\" \/>\n<meta property=\"article:publisher\" content=\"https:\/\/www.facebook.com\/profile.php?id=100031093253979\" \/>\n<meta property=\"article:modified_time\" content=\"2024-01-23T17:06:19+00:00\" \/>\n<meta property=\"og:image\" content=\"https:\/\/leonardsuarez.com.co\/wp-content\/uploads\/2023\/06\/happy-smile-woman-bg.jpg\" \/>\n\t<meta property=\"og:image:width\" content=\"1920\" \/>\n\t<meta property=\"og:image:height\" content=\"1080\" \/>\n\t<meta property=\"og:image:type\" content=\"image\/jpeg\" \/>\n<meta name=\"twitter:card\" content=\"summary_large_image\" \/>\n<meta name=\"twitter:title\" content=\"Comunidad de pacientes felices y satisfechos\" \/>\n<meta name=\"twitter:description\" content=\"Somos un equipo que ofrece un servicio integral y exclusivo a sus pacientes. Con un amplio portafolio de servicios que busca brindar calidad y seguridad, adem\u00e1s de una atenci\u00f3n cercana y amena. Proporcionamos una experiencia que va m\u00e1s all\u00e1 de una cita odontol\u00f3gica, ayudando a fabricar tu mejor sonrisa. Buscamos crear una comunidad de pacientes felices y satisfechos.\" \/>\n<meta name=\"twitter:image\" content=\"https:\/\/leonardsuarez.com.co\/wp-content\/uploads\/2023\/06\/happy-smile-woman-bg.jpg\" \/>\n<meta name=\"twitter:label1\" content=\"Est. reading time\" \/>\n\t<meta name=\"twitter:data1\" content=\"4 minutes\" \/>\n<script type=\"application\/ld+json\" class=\"yoast-schema-graph\">{\"@context\":\"https:\/\/schema.org\",\"@graph\":[{\"@type\":\"WebPage\",\"@id\":\"https:\/\/leonardsuarez.com.co\/politica-de-cookies\/\",\"url\":\"https:\/\/leonardsuarez.com.co\/politica-de-cookies\/\",\"name\":\"Pol\u00edtica de Cookies - Leonard Suarez\",\"isPartOf\":{\"@id\":\"https:\/\/leonardsuarez.com.co\/#website\"},\"primaryImageOfPage\":{\"@id\":\"https:\/\/leonardsuarez.com.co\/politica-de-cookies\/#primaryimage\"},\"image\":{\"@id\":\"https:\/\/leonardsuarez.com.co\/politica-de-cookies\/#primaryimage\"},\"thumbnailUrl\":\"https:\/\/leonardsuarez.com.co\/wp-content\/uploads\/2023\/06\/1.QUIEN-SOY-PhotoRoom.png-PhotoRoom.png\",\"datePublished\":\"2024-01-23T12:20:12+00:00\",\"dateModified\":\"2024-01-23T17:06:19+00:00\",\"description\":\"Somos un equipo que ofrece un servicio integral y exclusivo a sus pacientes. Con un amplio portafolio de servicios que busca brindar calidad y seguridad, adem\u00e1s de una atenci\u00f3n cercana y amena. Proporcionamos una experiencia que va m\u00e1s all\u00e1 de una cita odontol\u00f3gica, ayudando a fabricar tu mejor sonrisa. Buscamos crear una comunidad de pacientes felices y satisfechos.\",\"breadcrumb\":{\"@id\":\"https:\/\/leonardsuarez.com.co\/politica-de-cookies\/#breadcrumb\"},\"inLanguage\":\"en-US\",\"potentialAction\":[{\"@type\":\"ReadAction\",\"target\":[\"https:\/\/leonardsuarez.com.co\/politica-de-cookies\/\"]}]},{\"@type\":\"ImageObject\",\"inLanguage\":\"en-US\",\"@id\":\"https:\/\/leonardsuarez.com.co\/politica-de-cookies\/#primaryimage\",\"url\":\"https:\/\/leonardsuarez.com.co\/wp-content\/uploads\/2023\/06\/1.QUIEN-SOY-PhotoRoom.png-PhotoRoom.png\",\"contentUrl\":\"https:\/\/leonardsuarez.com.co\/wp-content\/uploads\/2023\/06\/1.QUIEN-SOY-PhotoRoom.png-PhotoRoom.png\",\"width\":1023,\"height\":1280,\"caption\":\"odontologo-especialista\"},{\"@type\":\"BreadcrumbList\",\"@id\":\"https:\/\/leonardsuarez.com.co\/politica-de-cookies\/#breadcrumb\",\"itemListElement\":[{\"@type\":\"ListItem\",\"position\":1,\"name\":\"Home\",\"item\":\"https:\/\/leonardsuarez.com.co\/\"},{\"@type\":\"ListItem\",\"position\":2,\"name\":\"Pol\u00edtica de Cookies\"}]},{\"@type\":\"WebSite\",\"@id\":\"https:\/\/leonardsuarez.com.co\/#website\",\"url\":\"https:\/\/leonardsuarez.com.co\/\",\"name\":\"Leonard Suarez\",\"description\":\"Rehabilitaci\u00f3n oral\",\"publisher\":{\"@id\":\"https:\/\/leonardsuarez.com.co\/#organization\"},\"potentialAction\":[{\"@type\":\"SearchAction\",\"target\":{\"@type\":\"EntryPoint\",\"urlTemplate\":\"https:\/\/leonardsuarez.com.co\/?s={search_term_string}\"},\"query-input\":{\"@type\":\"PropertyValueSpecification\",\"valueRequired\":true,\"valueName\":\"search_term_string\"}}],\"inLanguage\":\"en-US\"},{\"@type\":\"Organization\",\"@id\":\"https:\/\/leonardsuarez.com.co\/#organization\",\"name\":\"Leonard Suarez\",\"url\":\"https:\/\/leonardsuarez.com.co\/\",\"logo\":{\"@type\":\"ImageObject\",\"inLanguage\":\"en-US\",\"@id\":\"https:\/\/leonardsuarez.com.co\/#\/schema\/logo\/image\/\",\"url\":\"https:\/\/leonardsuarez.com.co\/wp-content\/uploads\/2019\/08\/lOG-D-02-02.png\",\"contentUrl\":\"https:\/\/leonardsuarez.com.co\/wp-content\/uploads\/2019\/08\/lOG-D-02-02.png\",\"width\":507,\"height\":129,\"caption\":\"Leonard Suarez\"},\"image\":{\"@id\":\"https:\/\/leonardsuarez.com.co\/#\/schema\/logo\/image\/\"},\"sameAs\":[\"https:\/\/www.facebook.com\/profile.php?id=100031093253979\",\"https:\/\/www.instagram.com\/leonardsuarez_odontologo\/\"]}]}<\/script>\n<!-- \/ Yoast SEO plugin. -->","yoast_head_json":{"title":"Pol\u00edtica de Cookies - Leonard Suarez","description":"Somos un equipo que ofrece un servicio integral y exclusivo a sus pacientes. Con un amplio portafolio de servicios que busca brindar calidad y seguridad, adem\u00e1s de una atenci\u00f3n cercana y amena. Proporcionamos una experiencia que va m\u00e1s all\u00e1 de una cita odontol\u00f3gica, ayudando a fabricar tu mejor sonrisa. Buscamos crear una comunidad de pacientes felices y satisfechos.","robots":{"index":"index","follow":"follow","max-snippet":"max-snippet:-1","max-image-preview":"max-image-preview:large","max-video-preview":"max-video-preview:-1"},"canonical":"https:\/\/leonardsuarez.com.co\/en\/politica-de-cookies\/","og_locale":"en_US","og_type":"article","og_title":"Comunidad de pacientes felices y satisfechos","og_description":"Somos un equipo que ofrece un servicio integral y exclusivo a sus pacientes. Con un amplio portafolio de servicios que busca brindar calidad y seguridad, adem\u00e1s de una atenci\u00f3n cercana y amena. Proporcionamos una experiencia que va m\u00e1s all\u00e1 de una cita odontol\u00f3gica, ayudando a fabricar tu mejor sonrisa. Buscamos crear una comunidad de pacientes felices y satisfechos.","og_url":"https:\/\/leonardsuarez.com.co\/en\/politica-de-cookies\/","og_site_name":"Leonard Suarez","article_publisher":"https:\/\/www.facebook.com\/profile.php?id=100031093253979","article_modified_time":"2024-01-23T17:06:19+00:00","og_image":[{"width":1920,"height":1080,"url":"https:\/\/leonardsuarez.com.co\/wp-content\/uploads\/2023\/06\/happy-smile-woman-bg.jpg","type":"image\/jpeg"}],"twitter_card":"summary_large_image","twitter_title":"Comunidad de pacientes felices y satisfechos","twitter_description":"Somos un equipo que ofrece un servicio integral y exclusivo a sus pacientes. Con un amplio portafolio de servicios que busca brindar calidad y seguridad, adem\u00e1s de una atenci\u00f3n cercana y amena. Proporcionamos una experiencia que va m\u00e1s all\u00e1 de una cita odontol\u00f3gica, ayudando a fabricar tu mejor sonrisa. Buscamos crear una comunidad de pacientes felices y satisfechos.","twitter_image":"https:\/\/leonardsuarez.com.co\/wp-content\/uploads\/2023\/06\/happy-smile-woman-bg.jpg","twitter_misc":{"Est. reading time":"4 minutes"},"schema":{"@context":"https:\/\/schema.org","@graph":[{"@type":"WebPage","@id":"https:\/\/leonardsuarez.com.co\/politica-de-cookies\/","url":"https:\/\/leonardsuarez.com.co\/politica-de-cookies\/","name":"Pol\u00edtica de Cookies - Leonard Suarez","isPartOf":{"@id":"https:\/\/leonardsuarez.com.co\/#website"},"primaryImageOfPage":{"@id":"https:\/\/leonardsuarez.com.co\/politica-de-cookies\/#primaryimage"},"image":{"@id":"https:\/\/leonardsuarez.com.co\/politica-de-cookies\/#primaryimage"},"thumbnailUrl":"https:\/\/leonardsuarez.com.co\/wp-content\/uploads\/2023\/06\/1.QUIEN-SOY-PhotoRoom.png-PhotoRoom.png","datePublished":"2024-01-23T12:20:12+00:00","dateModified":"2024-01-23T17:06:19+00:00","description":"Somos un equipo que ofrece un servicio integral y exclusivo a sus pacientes. Con un amplio portafolio de servicios que busca brindar calidad y seguridad, adem\u00e1s de una atenci\u00f3n cercana y amena. Proporcionamos una experiencia que va m\u00e1s all\u00e1 de una cita odontol\u00f3gica, ayudando a fabricar tu mejor sonrisa. Buscamos crear una comunidad de pacientes felices y satisfechos.","breadcrumb":{"@id":"https:\/\/leonardsuarez.com.co\/politica-de-cookies\/#breadcrumb"},"inLanguage":"en-US","potentialAction":[{"@type":"ReadAction","target":["https:\/\/leonardsuarez.com.co\/politica-de-cookies\/"]}]},{"@type":"ImageObject","inLanguage":"en-US","@id":"https:\/\/leonardsuarez.com.co\/politica-de-cookies\/#primaryimage","url":"https:\/\/leonardsuarez.com.co\/wp-content\/uploads\/2023\/06\/1.QUIEN-SOY-PhotoRoom.png-PhotoRoom.png","contentUrl":"https:\/\/leonardsuarez.com.co\/wp-content\/uploads\/2023\/06\/1.QUIEN-SOY-PhotoRoom.png-PhotoRoom.png","width":1023,"height":1280,"caption":"odontologo-especialista"},{"@type":"BreadcrumbList","@id":"https:\/\/leonardsuarez.com.co\/politica-de-cookies\/#breadcrumb","itemListElement":[{"@type":"ListItem","position":1,"name":"Home","item":"https:\/\/leonardsuarez.com.co\/"},{"@type":"ListItem","position":2,"name":"Pol\u00edtica de Cookies"}]},{"@type":"WebSite","@id":"https:\/\/leonardsuarez.com.co\/#website","url":"https:\/\/leonardsuarez.com.co\/","name":"Leonard Suarez","description":"Rehabilitaci\u00f3n oral","publisher":{"@id":"https:\/\/leonardsuarez.com.co\/#organization"},"potentialAction":[{"@type":"SearchAction","target":{"@type":"EntryPoint","urlTemplate":"https:\/\/leonardsuarez.com.co\/?s={search_term_string}"},"query-input":{"@type":"PropertyValueSpecification","valueRequired":true,"valueName":"search_term_string"}}],"inLanguage":"en-US"},{"@type":"Organization","@id":"https:\/\/leonardsuarez.com.co\/#organization","name":"Leonard Suarez","url":"https:\/\/leonardsuarez.com.co\/","logo":{"@type":"ImageObject","inLanguage":"en-US","@id":"https:\/\/leonardsuarez.com.co\/#\/schema\/logo\/image\/","url":"https:\/\/leonardsuarez.com.co\/wp-content\/uploads\/2019\/08\/lOG-D-02-02.png","contentUrl":"https:\/\/leonardsuarez.com.co\/wp-content\/uploads\/2019\/08\/lOG-D-02-02.png","width":507,"height":129,"caption":"Leonard Suarez"},"image":{"@id":"https:\/\/leonardsuarez.com.co\/#\/schema\/logo\/image\/"},"sameAs":["https:\/\/www.facebook.com\/profile.php?id=100031093253979","https:\/\/www.instagram.com\/leonardsuarez_odontologo\/"]}]}},"_links":{"self":[{"href":"https:\/\/leonardsuarez.com.co\/en\/wp-json\/wp\/v2\/pages\/6863","targetHints":{"allow":["GET"]}}],"collection":[{"href":"https:\/\/leonardsuarez.com.co\/en\/wp-json\/wp\/v2\/pages"}],"about":[{"href":"https:\/\/leonardsuarez.com.co\/en\/wp-json\/wp\/v2\/types\/page"}],"author":[{"embeddable":true,"href":"https:\/\/leonardsuarez.com.co\/en\/wp-json\/wp\/v2\/users\/1"}],"replies":[{"embeddable":true,"href":"https:\/\/leonardsuarez.com.co\/en\/wp-json\/wp\/v2\/comments?post=6863"}],"version-history":[{"count":10,"href":"https:\/\/leonardsuarez.com.co\/en\/wp-json\/wp\/v2\/pages\/6863\/revisions"}],"predecessor-version":[{"id":6914,"href":"https:\/\/leonardsuarez.com.co\/en\/wp-json\/wp\/v2\/pages\/6863\/revisions\/6914"}],"wp:featuredmedia":[{"embeddable":true,"href":"https:\/\/leonardsuarez.com.co\/en\/wp-json\/wp\/v2\/media\/5868"}],"wp:attachment":[{"href":"https:\/\/leonardsuarez.com.co\/en\/wp-json\/wp\/v2\/media?parent=6863"}],"curies":[{"name":"wp","href":"https:\/\/api.w.org\/{rel}","templated":true}]}}