{"id":6869,"date":"2024-01-23T12:41:04","date_gmt":"2024-01-23T12:41:04","guid":{"rendered":"https:\/\/leonardsuarez.com.co\/?page_id=6869"},"modified":"2024-01-23T12:51:50","modified_gmt":"2024-01-23T12:51:50","slug":"aviso-legal","status":"publish","type":"page","link":"https:\/\/leonardsuarez.com.co\/en\/aviso-legal\/","title":{"rendered":"Legal Notice"},"content":{"rendered":"<div data-elementor-type=\"wp-post\" data-elementor-id=\"6869\" class=\"elementor elementor-6869\">\n\t\t\t\t\t\t<section class=\"elementor-section elementor-top-section elementor-element elementor-element-f799261 elementor-section-boxed elementor-section-height-default elementor-section-height-default\" data-id=\"f799261\" data-element_type=\"section\">\n\t\t\t\t\t\t<div class=\"elementor-container elementor-column-gap-default\">\n\t\t\t\t\t<div class=\"elementor-column elementor-col-100 elementor-top-column elementor-element elementor-element-400628e\" data-id=\"400628e\" data-element_type=\"column\">\n\t\t\t<div class=\"elementor-widget-wrap elementor-element-populated\">\n\t\t\t\t\t\t<div class=\"elementor-element elementor-element-db15188 elementor-widget elementor-widget-spacer\" data-id=\"db15188\" data-element_type=\"widget\" data-widget_type=\"spacer.default\">\n\t\t\t\t<div class=\"elementor-widget-container\">\n\t\t\t\t\t\t\t<div class=\"elementor-spacer\">\n\t\t\t<div class=\"elementor-spacer-inner\"><\/div>\n\t\t<\/div>\n\t\t\t\t\t\t<\/div>\n\t\t\t\t<\/div>\n\t\t\t\t<section class=\"elementor-section elementor-inner-section elementor-element elementor-element-08fa471 elementor-section-boxed elementor-section-height-default elementor-section-height-default\" data-id=\"08fa471\" data-element_type=\"section\">\n\t\t\t\t\t\t<div class=\"elementor-container elementor-column-gap-default\">\n\t\t\t\t\t<div class=\"elementor-column elementor-col-50 elementor-inner-column elementor-element elementor-element-45a2be1\" data-id=\"45a2be1\" data-element_type=\"column\">\n\t\t\t<div class=\"elementor-widget-wrap elementor-element-populated\">\n\t\t\t\t\t\t<div class=\"elementor-element elementor-element-d92a378 elementor-widget elementor-widget-heading\" data-id=\"d92a378\" data-element_type=\"widget\" data-widget_type=\"heading.default\">\n\t\t\t\t<div class=\"elementor-widget-container\">\n\t\t\t\t\t<h1 class=\"elementor-heading-title elementor-size-default\">Legal Notice<\/h1>\t\t\t\t<\/div>\n\t\t\t\t<\/div>\n\t\t\t\t\t<\/div>\n\t\t<\/div>\n\t\t\t\t<div class=\"elementor-column elementor-col-50 elementor-inner-column elementor-element elementor-element-4fded10\" data-id=\"4fded10\" data-element_type=\"column\">\n\t\t\t<div class=\"elementor-widget-wrap\">\n\t\t\t\t\t\t\t<\/div>\n\t\t<\/div>\n\t\t\t\t\t<\/div>\n\t\t<\/section>\n\t\t\t\t<section class=\"elementor-section elementor-inner-section elementor-element elementor-element-a43d2f1 elementor-section-boxed elementor-section-height-default elementor-section-height-default\" data-id=\"a43d2f1\" data-element_type=\"section\">\n\t\t\t\t\t\t<div class=\"elementor-container elementor-column-gap-default\">\n\t\t\t\t\t<div class=\"elementor-column elementor-col-100 elementor-inner-column elementor-element elementor-element-f925072\" data-id=\"f925072\" data-element_type=\"column\">\n\t\t\t<div class=\"elementor-widget-wrap elementor-element-populated\">\n\t\t\t\t\t\t<div class=\"elementor-element elementor-element-1750211 elementor-widget elementor-widget-text-editor\" data-id=\"1750211\" data-element_type=\"widget\" data-widget_type=\"text-editor.default\">\n\t\t\t\t<div class=\"elementor-widget-container\">\n\t\t\t\t\t\t\t\t\t<p>The present LEGAL NOTICE of LEONARD SUAREZ ORAL REHABILITATION regulates the rights and obligations in relation to access, navigation, and use of this website, without prejudice to LEONARD SUAREZ ORAL REHABILITATION reserving the right to modify its content without prior notice. The version in force will be the one published at the time of navigation.<\/p><p>By browsing, viewing, and using this website, you acquire the status of a user and, therefore, it implies your express acceptance of all the clauses indicated in this Legal Notice, as well as the rest of the warnings or specific clauses established in different sections for contracting, use of services, products, registrations, or sections of the Page.<\/p><p>Therefore, if you do not accept the clauses established in this Legal Notice, you must refrain from accessing and\/or using the services and\/or content made available to you on the Page and proceed to leave it.<\/p><p>LEONARD SUAREZ ORAL REHABILITATION may terminate, suspend, or interrupt access to the contents of the page at any time without prior notice, with no possibility for the user to claim any compensation. However, in the event of platform closure, an attempt will be made to refund any payment made for unfulfilled annual subscriptions.<\/p>\t\t\t\t\t\t\t\t<\/div>\n\t\t\t\t<\/div>\n\t\t\t\t<div class=\"elementor-element elementor-element-a9dabfe elementor-widget elementor-widget-heading\" data-id=\"a9dabfe\" data-element_type=\"widget\" data-widget_type=\"heading.default\">\n\t\t\t\t<div class=\"elementor-widget-container\">\n\t\t\t\t\t<h2 class=\"elementor-heading-title elementor-size-default\">Personal and Fiscal Information of the Website Owner<\/h2>\t\t\t\t<\/div>\n\t\t\t\t<\/div>\n\t\t\t\t<div class=\"elementor-element elementor-element-18e4852 elementor-widget elementor-widget-text-editor\" data-id=\"18e4852\" data-element_type=\"widget\" data-widget_type=\"text-editor.default\">\n\t\t\t\t<div class=\"elementor-widget-container\">\n\t\t\t\t\t\t\t\t\t<p>This website, <a href=\"https:\/\/leonardsuarez.com.co\/en\/\">https:\/\/leonardsuarez.com.co<\/a>belongs to LEONARD SUAREZ ORAL REHABILITATION.<\/p><p>Address of the website owner: Railway Ave #28C-28, Local 2, Santa Marta, Colombia.<\/p><p>Contacto: odontoespecializadass@gmail.com<\/p><p>Phone: +57 300 573 5950<\/p><p>Income Method<\/p><p>We generate income through various means.<\/p>\t\t\t\t\t\t\t\t<\/div>\n\t\t\t\t<\/div>\n\t\t\t\t<div class=\"elementor-element elementor-element-9c8957e elementor-widget elementor-widget-heading\" data-id=\"9c8957e\" data-element_type=\"widget\" data-widget_type=\"heading.default\">\n\t\t\t\t<div class=\"elementor-widget-container\">\n\t\t\t\t\t<h2 class=\"elementor-heading-title elementor-size-default\">Sale of Services<\/h2>\t\t\t\t<\/div>\n\t\t\t\t<\/div>\n\t\t\t\t<div class=\"elementor-element elementor-element-d7dd1d3 elementor-widget elementor-widget-text-editor\" data-id=\"d7dd1d3\" data-element_type=\"widget\" data-widget_type=\"text-editor.default\">\n\t\t\t\t<div class=\"elementor-widget-container\">\n\t\t\t\t\t\t\t\t\t<p>On our site, certain services can be contracted, or a commercial agreement can be initiated via email.<\/p>\n<p>In addition to the Legal Notice of LEONARD SUAREZ ORAL REHABILITATION, you can also view:<\/p>\n<p><a href=\"https:\/\/leonardsuarez.com.co\/en\/politicas-de-privacidad\/\">Our Privacy Policy.<\/a><\/p>\n<p><a href=\"https:\/\/leonardsuarez.com.co\/en\/politica-de-cookies\/\">Our Cookie Policy.<\/a><\/p>\t\t\t\t\t\t\t\t<\/div>\n\t\t\t\t<\/div>\n\t\t\t\t\t<\/div>\n\t\t<\/div>\n\t\t\t\t\t<\/div>\n\t\t<\/section>\n\t\t\t\t\t<\/div>\n\t\t<\/div>\n\t\t\t\t\t<\/div>\n\t\t<\/section>\n\t\t\t\t<\/div>","protected":false},"excerpt":{"rendered":"<p>Aviso Legal El presente AVISO LEGAL de LEONARD SUAREZ REHABILITACI\u00d3N ORAL\u00a0 regula los derechos y obligaciones, en relaci\u00f3n al acceso, navegaci\u00f3n y utilizaci\u00f3n de la presente web sin perjuicio de que LEONARD SUAREZ REHABILITACI\u00d3N ORAL\u00a0 se reserve el derecho a modificar, sin previo aviso, su contenido, siendo vigentes las que se encuentren publicadas en el [&hellip;]<\/p>","protected":false},"author":1,"featured_media":5868,"parent":0,"menu_order":0,"comment_status":"closed","ping_status":"closed","template":"elementor_header_footer","meta":{"footnotes":""},"class_list":["post-6869","page","type-page","status-publish","has-post-thumbnail","hentry"],"yoast_head":"<!-- This site is optimized with the Yoast SEO plugin v26.5 - https:\/\/yoast.com\/wordpress\/plugins\/seo\/ -->\n<title>Aviso Legal - Leonard Suarez<\/title>\n<meta name=\"description\" content=\"Somos un equipo que ofrece un servicio integral y exclusivo a sus pacientes. Con un amplio portafolio de servicios que busca brindar calidad y seguridad, adem\u00e1s de una atenci\u00f3n cercana y amena. Proporcionamos una experiencia que va m\u00e1s all\u00e1 de una cita odontol\u00f3gica, ayudando a fabricar tu mejor sonrisa. Buscamos crear una comunidad de pacientes felices y satisfechos.\" \/>\n<meta name=\"robots\" content=\"index, follow, max-snippet:-1, max-image-preview:large, max-video-preview:-1\" \/>\n<link rel=\"canonical\" href=\"https:\/\/leonardsuarez.com.co\/en\/aviso-legal\/\" \/>\n<meta property=\"og:locale\" content=\"en_US\" \/>\n<meta property=\"og:type\" content=\"article\" \/>\n<meta property=\"og:title\" content=\"Comunidad de pacientes felices y satisfechos\" \/>\n<meta property=\"og:description\" content=\"Somos un equipo que ofrece un servicio integral y exclusivo a sus pacientes. Con un amplio portafolio de servicios que busca brindar calidad y seguridad, adem\u00e1s de una atenci\u00f3n cercana y amena. Proporcionamos una experiencia que va m\u00e1s all\u00e1 de una cita odontol\u00f3gica, ayudando a fabricar tu mejor sonrisa. Buscamos crear una comunidad de pacientes felices y satisfechos.\" \/>\n<meta property=\"og:url\" content=\"https:\/\/leonardsuarez.com.co\/en\/aviso-legal\/\" \/>\n<meta property=\"og:site_name\" content=\"Leonard Suarez\" \/>\n<meta property=\"article:publisher\" content=\"https:\/\/www.facebook.com\/profile.php?id=100031093253979\" \/>\n<meta property=\"article:modified_time\" content=\"2024-01-23T12:51:50+00:00\" \/>\n<meta property=\"og:image\" content=\"https:\/\/leonardsuarez.com.co\/wp-content\/uploads\/2023\/06\/happy-smile-woman-bg.jpg\" \/>\n\t<meta property=\"og:image:width\" content=\"1920\" \/>\n\t<meta property=\"og:image:height\" content=\"1080\" \/>\n\t<meta property=\"og:image:type\" content=\"image\/jpeg\" \/>\n<meta name=\"twitter:card\" content=\"summary_large_image\" \/>\n<meta name=\"twitter:title\" content=\"Comunidad de pacientes felices y satisfechos\" \/>\n<meta name=\"twitter:description\" content=\"Somos un equipo que ofrece un servicio integral y exclusivo a sus pacientes. Con un amplio portafolio de servicios que busca brindar calidad y seguridad, adem\u00e1s de una atenci\u00f3n cercana y amena. Proporcionamos una experiencia que va m\u00e1s all\u00e1 de una cita odontol\u00f3gica, ayudando a fabricar tu mejor sonrisa. Buscamos crear una comunidad de pacientes felices y satisfechos.\" \/>\n<meta name=\"twitter:image\" content=\"https:\/\/leonardsuarez.com.co\/wp-content\/uploads\/2023\/06\/happy-smile-woman-bg.jpg\" \/>\n<meta name=\"twitter:label1\" content=\"Est. reading time\" \/>\n\t<meta name=\"twitter:data1\" content=\"2 minutes\" \/>\n<script type=\"application\/ld+json\" class=\"yoast-schema-graph\">{\"@context\":\"https:\/\/schema.org\",\"@graph\":[{\"@type\":\"WebPage\",\"@id\":\"https:\/\/leonardsuarez.com.co\/aviso-legal\/\",\"url\":\"https:\/\/leonardsuarez.com.co\/aviso-legal\/\",\"name\":\"Aviso Legal - Leonard Suarez\",\"isPartOf\":{\"@id\":\"https:\/\/leonardsuarez.com.co\/#website\"},\"primaryImageOfPage\":{\"@id\":\"https:\/\/leonardsuarez.com.co\/aviso-legal\/#primaryimage\"},\"image\":{\"@id\":\"https:\/\/leonardsuarez.com.co\/aviso-legal\/#primaryimage\"},\"thumbnailUrl\":\"https:\/\/leonardsuarez.com.co\/wp-content\/uploads\/2023\/06\/1.QUIEN-SOY-PhotoRoom.png-PhotoRoom.png\",\"datePublished\":\"2024-01-23T12:41:04+00:00\",\"dateModified\":\"2024-01-23T12:51:50+00:00\",\"description\":\"Somos un equipo que ofrece un servicio integral y exclusivo a sus pacientes. Con un amplio portafolio de servicios que busca brindar calidad y seguridad, adem\u00e1s de una atenci\u00f3n cercana y amena. Proporcionamos una experiencia que va m\u00e1s all\u00e1 de una cita odontol\u00f3gica, ayudando a fabricar tu mejor sonrisa. Buscamos crear una comunidad de pacientes felices y satisfechos.\",\"breadcrumb\":{\"@id\":\"https:\/\/leonardsuarez.com.co\/aviso-legal\/#breadcrumb\"},\"inLanguage\":\"en-US\",\"potentialAction\":[{\"@type\":\"ReadAction\",\"target\":[\"https:\/\/leonardsuarez.com.co\/aviso-legal\/\"]}]},{\"@type\":\"ImageObject\",\"inLanguage\":\"en-US\",\"@id\":\"https:\/\/leonardsuarez.com.co\/aviso-legal\/#primaryimage\",\"url\":\"https:\/\/leonardsuarez.com.co\/wp-content\/uploads\/2023\/06\/1.QUIEN-SOY-PhotoRoom.png-PhotoRoom.png\",\"contentUrl\":\"https:\/\/leonardsuarez.com.co\/wp-content\/uploads\/2023\/06\/1.QUIEN-SOY-PhotoRoom.png-PhotoRoom.png\",\"width\":1023,\"height\":1280,\"caption\":\"odontologo-especialista\"},{\"@type\":\"BreadcrumbList\",\"@id\":\"https:\/\/leonardsuarez.com.co\/aviso-legal\/#breadcrumb\",\"itemListElement\":[{\"@type\":\"ListItem\",\"position\":1,\"name\":\"Home\",\"item\":\"https:\/\/leonardsuarez.com.co\/\"},{\"@type\":\"ListItem\",\"position\":2,\"name\":\"Aviso Legal\"}]},{\"@type\":\"WebSite\",\"@id\":\"https:\/\/leonardsuarez.com.co\/#website\",\"url\":\"https:\/\/leonardsuarez.com.co\/\",\"name\":\"Leonard Suarez\",\"description\":\"Rehabilitaci\u00f3n oral\",\"publisher\":{\"@id\":\"https:\/\/leonardsuarez.com.co\/#organization\"},\"potentialAction\":[{\"@type\":\"SearchAction\",\"target\":{\"@type\":\"EntryPoint\",\"urlTemplate\":\"https:\/\/leonardsuarez.com.co\/?s={search_term_string}\"},\"query-input\":{\"@type\":\"PropertyValueSpecification\",\"valueRequired\":true,\"valueName\":\"search_term_string\"}}],\"inLanguage\":\"en-US\"},{\"@type\":\"Organization\",\"@id\":\"https:\/\/leonardsuarez.com.co\/#organization\",\"name\":\"Leonard Suarez\",\"url\":\"https:\/\/leonardsuarez.com.co\/\",\"logo\":{\"@type\":\"ImageObject\",\"inLanguage\":\"en-US\",\"@id\":\"https:\/\/leonardsuarez.com.co\/#\/schema\/logo\/image\/\",\"url\":\"https:\/\/leonardsuarez.com.co\/wp-content\/uploads\/2019\/08\/lOG-D-02-02.png\",\"contentUrl\":\"https:\/\/leonardsuarez.com.co\/wp-content\/uploads\/2019\/08\/lOG-D-02-02.png\",\"width\":507,\"height\":129,\"caption\":\"Leonard Suarez\"},\"image\":{\"@id\":\"https:\/\/leonardsuarez.com.co\/#\/schema\/logo\/image\/\"},\"sameAs\":[\"https:\/\/www.facebook.com\/profile.php?id=100031093253979\",\"https:\/\/www.instagram.com\/leonardsuarez_odontologo\/\"]}]}<\/script>\n<!-- \/ Yoast SEO plugin. -->","yoast_head_json":{"title":"Aviso Legal - Leonard Suarez","description":"Somos un equipo que ofrece un servicio integral y exclusivo a sus pacientes. Con un amplio portafolio de servicios que busca brindar calidad y seguridad, adem\u00e1s de una atenci\u00f3n cercana y amena. Proporcionamos una experiencia que va m\u00e1s all\u00e1 de una cita odontol\u00f3gica, ayudando a fabricar tu mejor sonrisa. Buscamos crear una comunidad de pacientes felices y satisfechos.","robots":{"index":"index","follow":"follow","max-snippet":"max-snippet:-1","max-image-preview":"max-image-preview:large","max-video-preview":"max-video-preview:-1"},"canonical":"https:\/\/leonardsuarez.com.co\/en\/aviso-legal\/","og_locale":"en_US","og_type":"article","og_title":"Comunidad de pacientes felices y satisfechos","og_description":"Somos un equipo que ofrece un servicio integral y exclusivo a sus pacientes. Con un amplio portafolio de servicios que busca brindar calidad y seguridad, adem\u00e1s de una atenci\u00f3n cercana y amena. Proporcionamos una experiencia que va m\u00e1s all\u00e1 de una cita odontol\u00f3gica, ayudando a fabricar tu mejor sonrisa. Buscamos crear una comunidad de pacientes felices y satisfechos.","og_url":"https:\/\/leonardsuarez.com.co\/en\/aviso-legal\/","og_site_name":"Leonard Suarez","article_publisher":"https:\/\/www.facebook.com\/profile.php?id=100031093253979","article_modified_time":"2024-01-23T12:51:50+00:00","og_image":[{"width":1920,"height":1080,"url":"https:\/\/leonardsuarez.com.co\/wp-content\/uploads\/2023\/06\/happy-smile-woman-bg.jpg","type":"image\/jpeg"}],"twitter_card":"summary_large_image","twitter_title":"Comunidad de pacientes felices y satisfechos","twitter_description":"Somos un equipo que ofrece un servicio integral y exclusivo a sus pacientes. Con un amplio portafolio de servicios que busca brindar calidad y seguridad, adem\u00e1s de una atenci\u00f3n cercana y amena. Proporcionamos una experiencia que va m\u00e1s all\u00e1 de una cita odontol\u00f3gica, ayudando a fabricar tu mejor sonrisa. Buscamos crear una comunidad de pacientes felices y satisfechos.","twitter_image":"https:\/\/leonardsuarez.com.co\/wp-content\/uploads\/2023\/06\/happy-smile-woman-bg.jpg","twitter_misc":{"Est. reading time":"2 minutes"},"schema":{"@context":"https:\/\/schema.org","@graph":[{"@type":"WebPage","@id":"https:\/\/leonardsuarez.com.co\/aviso-legal\/","url":"https:\/\/leonardsuarez.com.co\/aviso-legal\/","name":"Aviso Legal - Leonard Suarez","isPartOf":{"@id":"https:\/\/leonardsuarez.com.co\/#website"},"primaryImageOfPage":{"@id":"https:\/\/leonardsuarez.com.co\/aviso-legal\/#primaryimage"},"image":{"@id":"https:\/\/leonardsuarez.com.co\/aviso-legal\/#primaryimage"},"thumbnailUrl":"https:\/\/leonardsuarez.com.co\/wp-content\/uploads\/2023\/06\/1.QUIEN-SOY-PhotoRoom.png-PhotoRoom.png","datePublished":"2024-01-23T12:41:04+00:00","dateModified":"2024-01-23T12:51:50+00:00","description":"Somos un equipo que ofrece un servicio integral y exclusivo a sus pacientes. Con un amplio portafolio de servicios que busca brindar calidad y seguridad, adem\u00e1s de una atenci\u00f3n cercana y amena. Proporcionamos una experiencia que va m\u00e1s all\u00e1 de una cita odontol\u00f3gica, ayudando a fabricar tu mejor sonrisa. Buscamos crear una comunidad de pacientes felices y satisfechos.","breadcrumb":{"@id":"https:\/\/leonardsuarez.com.co\/aviso-legal\/#breadcrumb"},"inLanguage":"en-US","potentialAction":[{"@type":"ReadAction","target":["https:\/\/leonardsuarez.com.co\/aviso-legal\/"]}]},{"@type":"ImageObject","inLanguage":"en-US","@id":"https:\/\/leonardsuarez.com.co\/aviso-legal\/#primaryimage","url":"https:\/\/leonardsuarez.com.co\/wp-content\/uploads\/2023\/06\/1.QUIEN-SOY-PhotoRoom.png-PhotoRoom.png","contentUrl":"https:\/\/leonardsuarez.com.co\/wp-content\/uploads\/2023\/06\/1.QUIEN-SOY-PhotoRoom.png-PhotoRoom.png","width":1023,"height":1280,"caption":"odontologo-especialista"},{"@type":"BreadcrumbList","@id":"https:\/\/leonardsuarez.com.co\/aviso-legal\/#breadcrumb","itemListElement":[{"@type":"ListItem","position":1,"name":"Home","item":"https:\/\/leonardsuarez.com.co\/"},{"@type":"ListItem","position":2,"name":"Aviso Legal"}]},{"@type":"WebSite","@id":"https:\/\/leonardsuarez.com.co\/#website","url":"https:\/\/leonardsuarez.com.co\/","name":"Leonard Suarez","description":"Rehabilitaci\u00f3n oral","publisher":{"@id":"https:\/\/leonardsuarez.com.co\/#organization"},"potentialAction":[{"@type":"SearchAction","target":{"@type":"EntryPoint","urlTemplate":"https:\/\/leonardsuarez.com.co\/?s={search_term_string}"},"query-input":{"@type":"PropertyValueSpecification","valueRequired":true,"valueName":"search_term_string"}}],"inLanguage":"en-US"},{"@type":"Organization","@id":"https:\/\/leonardsuarez.com.co\/#organization","name":"Leonard Suarez","url":"https:\/\/leonardsuarez.com.co\/","logo":{"@type":"ImageObject","inLanguage":"en-US","@id":"https:\/\/leonardsuarez.com.co\/#\/schema\/logo\/image\/","url":"https:\/\/leonardsuarez.com.co\/wp-content\/uploads\/2019\/08\/lOG-D-02-02.png","contentUrl":"https:\/\/leonardsuarez.com.co\/wp-content\/uploads\/2019\/08\/lOG-D-02-02.png","width":507,"height":129,"caption":"Leonard Suarez"},"image":{"@id":"https:\/\/leonardsuarez.com.co\/#\/schema\/logo\/image\/"},"sameAs":["https:\/\/www.facebook.com\/profile.php?id=100031093253979","https:\/\/www.instagram.com\/leonardsuarez_odontologo\/"]}]}},"_links":{"self":[{"href":"https:\/\/leonardsuarez.com.co\/en\/wp-json\/wp\/v2\/pages\/6869","targetHints":{"allow":["GET"]}}],"collection":[{"href":"https:\/\/leonardsuarez.com.co\/en\/wp-json\/wp\/v2\/pages"}],"about":[{"href":"https:\/\/leonardsuarez.com.co\/en\/wp-json\/wp\/v2\/types\/page"}],"author":[{"embeddable":true,"href":"https:\/\/leonardsuarez.com.co\/en\/wp-json\/wp\/v2\/users\/1"}],"replies":[{"embeddable":true,"href":"https:\/\/leonardsuarez.com.co\/en\/wp-json\/wp\/v2\/comments?post=6869"}],"version-history":[{"count":7,"href":"https:\/\/leonardsuarez.com.co\/en\/wp-json\/wp\/v2\/pages\/6869\/revisions"}],"predecessor-version":[{"id":6883,"href":"https:\/\/leonardsuarez.com.co\/en\/wp-json\/wp\/v2\/pages\/6869\/revisions\/6883"}],"wp:featuredmedia":[{"embeddable":true,"href":"https:\/\/leonardsuarez.com.co\/en\/wp-json\/wp\/v2\/media\/5868"}],"wp:attachment":[{"href":"https:\/\/leonardsuarez.com.co\/en\/wp-json\/wp\/v2\/media?parent=6869"}],"curies":[{"name":"wp","href":"https:\/\/api.w.org\/{rel}","templated":true}]}}